{"id":411,"date":"2017-05-16T14:26:45","date_gmt":"2017-05-16T11:26:45","guid":{"rendered":"https:\/\/www.pvchall.eu\/?page_id=411\/"},"modified":"2021-05-22T06:25:39","modified_gmt":"2021-05-22T03:25:39","slug":"avaleht","status":"publish","type":"page","link":"https:\/\/www.pvchall.eu\/en\/","title":{"rendered":"Home"},"content":{"rendered":"<div class=\"wpb-content-wrapper\">[vc_row][vc_column][rev_slider_vc alias=&#8221;esileht_inglise&#8221;][\/vc_column][\/vc_row][vc_row css=&#8221;.vc_custom_1493297780903{margin-top: 70px !important;}&#8221; el_class=&#8221;tooted&#8221;][vc_column width=&#8221;1\/3&#8243; css=&#8221;.vc_custom_1493297557959{margin-bottom: 70px !important;}&#8221;][vc_single_image image=&#8221;1692&#8243; img_size=&#8221;full&#8221; alignment=&#8221;center&#8221; onclick=&#8221;custom_link&#8221; css=&#8221;.vc_custom_1621653907162{margin-bottom: 20px !important;}&#8221; link=&#8221;https:\/\/www.pvchall.eu\/en\/products\/&#8221;][vc_custom_heading text=&#8221;PVC HALLS&#8221; font_container=&#8221;tag:h2|font_size:20px|text_align:center|color:%23384059|line_height:22px&#8221; use_theme_fonts=&#8221;yes&#8221; link=&#8221;url:https%3A%2F%2Fwww.pvchall.eu%2Fen%2Fproducts%2F|||&#8221;][vc_column_text]\n<p style=\"text-align: center;\">We manufacture various PVC halls. Please, select a suitable hall and ask for a quotation!<\/p>\n[\/vc_column_text][\/vc_column][vc_column width=&#8221;1\/3&#8243; css=&#8221;.vc_custom_1493297563551{margin-bottom: 70px !important;}&#8221;][vc_single_image image=&#8221;1015&#8243; img_size=&#8221;full&#8221; alignment=&#8221;center&#8221; onclick=&#8221;custom_link&#8221; css=&#8221;.vc_custom_1524216998804{margin-bottom: 20px !important;}&#8221; link=&#8221;https:\/\/www.pvchall.eu\/en\/shelter\/&#8221;][vc_custom_heading text=&#8221;SHELTER&#8221; font_container=&#8221;tag:h2|font_size:20px|text_align:center|color:%23384059|line_height:22px&#8221; use_theme_fonts=&#8221;yes&#8221; link=&#8221;url:https%3A%2F%2Fwww.pvchall.eu%2Fen%2Fshelter%2F|||&#8221;][vc_column_text]\n<p style=\"text-align: center;\">Our product selection includes various shelters for wood industry. See more here!<\/p>\n[\/vc_column_text][\/vc_column][vc_column width=&#8221;1\/3&#8243; css=&#8221;.vc_custom_1493297569159{margin-bottom: 70px !important;}&#8221;][vc_single_image image=&#8221;1651&#8243; img_size=&#8221;full&#8221; alignment=&#8221;center&#8221; onclick=&#8221;custom_link&#8221; css=&#8221;.vc_custom_1621653933883{margin-bottom: 20px !important;}&#8221; link=&#8221;https:\/\/www.pvchall.eu\/en\/arched-halls\/&#8221;][vc_custom_heading text=&#8221;ARCHED HALLS&#8221; font_container=&#8221;tag:h2|font_size:20px|text_align:center|color:%23384059|line_height:22px&#8221; use_theme_fonts=&#8221;yes&#8221; link=&#8221;url:https%3A%2F%2Fwww.pvchall.eu%2Fen%2Farched-halls%2F|||&#8221;][vc_column_text]\n<p style=\"text-align: center;\">Find further information here!<\/p>\n[\/vc_column_text][\/vc_column][\/vc_row][vc_row][vc_column][ctitle title=&#8221;OUR PRODUCTS&#8221; color=&#8221;#384059&#8243; background=&#8221;#ffffff&#8221; font_size=&#8221;25&#8243; font_weight=&#8221;600&#8243; separator_color=&#8221;#e6e6e6&#8243; el_class=&#8221;pealk&#8221;][\/vc_column][\/vc_row][vc_row][vc_column width=&#8221;1\/2&#8243; el_class=&#8221;toode vasak&#8221;][vc_row_inner][vc_column_inner width=&#8221;1\/2&#8243;][vc_single_image image=&#8221;230&#8243; img_size=&#8221;full&#8221; alignment=&#8221;center&#8221;][\/vc_column_inner][vc_column_inner width=&#8221;1\/2&#8243;][vc_custom_heading text=&#8221;PVC halls, width 10m&#8221; font_container=&#8221;tag:h3|font_size:20px|text_align:left|color:%23384059|line_height:22px&#8221; use_theme_fonts=&#8221;yes&#8221; link=&#8221;url:https%3A%2F%2Fwww.pvchall.eu%2Fen%2Fproduct%2Fpvc-halls-width-10m%2F|||&#8221;][vc_column_text]\n<ul>\n<li>Quick installation<\/li>\n<li>PVC halls are available at favourable prices<\/li>\n<li>Removable, if necessary<\/li>\n<li>The roof lets in light, there is no need for further lighting<\/li>\n<li>Almost zero maintenance costs<\/li>\n<li>The PVC covering lasts for over 30 years<\/li>\n<\/ul>\n[\/vc_column_text][\/vc_column_inner][\/vc_row_inner][vc_column_text el_class=&#8221;loe_tooteinfot&#8221;]<a href=\"https:\/\/www.pvchall.eu\/en\/product\/pvc-halls-width-10m\/\">READ MORE<\/a>[\/vc_column_text][\/vc_column][vc_column width=&#8221;1\/2&#8243; el_class=&#8221;toode parem&#8221;][vc_row_inner][vc_column_inner width=&#8221;1\/2&#8243;][vc_single_image image=&#8221;230&#8243; img_size=&#8221;full&#8221; alignment=&#8221;center&#8221;][\/vc_column_inner][vc_column_inner width=&#8221;1\/2&#8243;][vc_custom_heading text=&#8221;PVC halls, width 15m&#8221; font_container=&#8221;tag:h3|font_size:20px|text_align:left|color:%23384059|line_height:22px&#8221; use_theme_fonts=&#8221;yes&#8221; link=&#8221;url:https%3A%2F%2Fwww.pvchall.eu%2Fen%2Fproduct%2Fpvc-halls-width-15m%2F|||&#8221;][vc_column_text]\n<ul>\n<li>Quick installation<\/li>\n<li>PVC halls are available at favourable prices<\/li>\n<li>Removable, if necessary<\/li>\n<li>The roof lets in light, there is no need for further lighting<\/li>\n<li>Almost zero maintenance costs<\/li>\n<li>The PVC covering lasts for over 30 years<\/li>\n<\/ul>\n[\/vc_column_text][\/vc_column_inner][\/vc_row_inner][vc_column_text el_class=&#8221;loe_tooteinfot&#8221;]<a href=\"https:\/\/www.pvchall.eu\/en\/product\/pvc-halls-width-15m\/\">READ MORE<\/a>[\/vc_column_text][\/vc_column][\/vc_row][vc_row][vc_column width=&#8221;1\/2&#8243; el_class=&#8221;toode vasak&#8221;][vc_row_inner][vc_column_inner width=&#8221;1\/2&#8243;][vc_single_image image=&#8221;230&#8243; img_size=&#8221;full&#8221; alignment=&#8221;center&#8221;][\/vc_column_inner][vc_column_inner width=&#8221;1\/2&#8243;][vc_custom_heading text=&#8221;PVC halls, width 20m&#8221; font_container=&#8221;tag:h3|font_size:20px|text_align:left|color:%23384059|line_height:22px&#8221; use_theme_fonts=&#8221;yes&#8221; link=&#8221;url:https%3A%2F%2Fwww.pvchall.eu%2Fen%2Fproduct%2Fpvc-halls-width-20m%2F|||&#8221;][vc_column_text]\n<ul>\n<li>Quick installation<\/li>\n<li>PVC halls are available at favourable prices<\/li>\n<li>Removable, if necessary<\/li>\n<li>The roof lets in light, there is no need for further lighting<\/li>\n<li>Almost zero maintenance costs<\/li>\n<li>The PVC covering lasts for over 30 years<\/li>\n<\/ul>\n[\/vc_column_text][\/vc_column_inner][\/vc_row_inner][vc_column_text el_class=&#8221;loe_tooteinfot&#8221;]<a href=\"https:\/\/www.pvchall.eu\/toode\/pvc-hallid-laiusega-20m\/\">READ MORE<\/a>[\/vc_column_text][\/vc_column][vc_column width=&#8221;1\/2&#8243; el_class=&#8221;toode parem&#8221;][vc_row_inner][vc_column_inner width=&#8221;1\/2&#8243;][vc_single_image image=&#8221;230&#8243; img_size=&#8221;full&#8221; alignment=&#8221;center&#8221;][\/vc_column_inner][vc_column_inner width=&#8221;1\/2&#8243;][vc_custom_heading text=&#8221;PVC halls, width 25m&#8221; font_container=&#8221;tag:h3|font_size:20px|text_align:left|color:%23384059|line_height:22px&#8221; use_theme_fonts=&#8221;yes&#8221; link=&#8221;url:https%3A%2F%2Fwww.pvchall.eu%2Fen%2Fproduct%2Fpvc-halls-width-25m%2F|||&#8221;][vc_column_text]\n<ul>\n<li>Quick installation<\/li>\n<li>PVC halls are available at favourable prices<\/li>\n<li>Removable, if necessary<\/li>\n<li>The roof lets in light, there is no need for further lighting<\/li>\n<li>Almost zero maintenance costs<\/li>\n<li>The PVC covering lasts for over 30 years<\/li>\n<\/ul>\n[\/vc_column_text][\/vc_column_inner][\/vc_row_inner][vc_column_text el_class=&#8221;loe_tooteinfot&#8221;]<a href=\"https:\/\/www.pvchall.eu\/en\/product\/pvc-halls-width-25m\/\">READ MORE<\/a>[\/vc_column_text][\/vc_column][\/vc_row][vc_row][vc_column width=&#8221;1\/2&#8243; el_class=&#8221;toode vasak&#8221;][vc_row_inner][vc_column_inner width=&#8221;1\/2&#8243;][vc_single_image image=&#8221;230&#8243; img_size=&#8221;full&#8221; alignment=&#8221;center&#8221;][\/vc_column_inner][vc_column_inner width=&#8221;1\/2&#8243;][vc_custom_heading text=&#8221;PVC halls, width 30m&#8221; font_container=&#8221;tag:h3|font_size:20px|text_align:left|color:%23384059|line_height:22px&#8221; use_theme_fonts=&#8221;yes&#8221; link=&#8221;url:https%3A%2F%2Fwww.pvchall.eu%2Fen%2Fproduct%2Fpvc-halls-width-30m%2F|||&#8221;][vc_column_text]\n<ul>\n<li>Quick installation<\/li>\n<li>PVC halls are available at favourable prices<\/li>\n<li>Removable, if necessary<\/li>\n<li>The roof lets in light, there is no need for further lighting<\/li>\n<li>Almost zero maintenance costs<\/li>\n<li>The PVC covering lasts for over 30 years<\/li>\n<\/ul>\n[\/vc_column_text][\/vc_column_inner][\/vc_row_inner][vc_column_text el_class=&#8221;loe_tooteinfot&#8221;]<a href=\"https:\/\/www.pvchall.eu\/en\/product\/pvc-halls-width-30m\/\">READ MORE<\/a>[\/vc_column_text][\/vc_column][vc_column width=&#8221;1\/2&#8243; el_class=&#8221;toode parem&#8221;][vc_row_inner][vc_column_inner width=&#8221;1\/2&#8243;][vc_single_image image=&#8221;230&#8243; img_size=&#8221;full&#8221; alignment=&#8221;center&#8221;][\/vc_column_inner][vc_column_inner width=&#8221;1\/2&#8243;][vc_custom_heading text=&#8221;PVC halls, width 35m&#8221; font_container=&#8221;tag:h3|font_size:20px|text_align:left|color:%23384059|line_height:22px&#8221; use_theme_fonts=&#8221;yes&#8221; link=&#8221;url:https%3A%2F%2Fwww.pvchall.eu%2Fen%2Fproduct%2Fpvc-halls-width-35m%2F|||&#8221;][vc_column_text]\n<ul>\n<li>Quick installation<\/li>\n<li>PVC halls are available at favourable prices<\/li>\n<li>Removable, if necessary<\/li>\n<li>The roof lets in light, there is no need for further lighting<\/li>\n<li>Almost zero maintenance costs<\/li>\n<li>The PVC covering lasts for over 30 years<\/li>\n<\/ul>\n[\/vc_column_text][\/vc_column_inner][\/vc_row_inner][vc_column_text el_class=&#8221;loe_tooteinfot&#8221;]<a href=\"https:\/\/www.pvchall.eu\/en\/product\/pvc-halls-width-35m\/\">READ MORE<\/a>[\/vc_column_text][\/vc_column][\/vc_row][vc_row css=&#8221;.vc_custom_1494330717995{margin-top: 20px !important;}&#8221;][vc_column][ctitle title=&#8221;See all products here&#8221; href=&#8221;https:\/\/www.pvchall.eu\/en\/products\/&#8221; color=&#8221;#384059&#8243; background=&#8221;#ffffff&#8221; font_size=&#8221;20&#8243; font_weight=&#8221;600&#8243; separator_color=&#8221;#e6e6e6&#8243; el_class=&#8221;pealk&#8221;][\/vc_column][\/vc_row][vc_row css=&#8221;.vc_custom_1494330858034{background-color: #f3f3f3 !important;}&#8221; el_class=&#8221;kasutuselevott&#8221;][vc_column][vc_custom_heading text=&#8221;USING PVC HALLS IS A SMART INVESTMENT&#8221; font_container=&#8221;tag:h4|font_size:25px|text_align:center|color:%23384059|line_height:25px&#8221; use_theme_fonts=&#8221;yes&#8221;][vc_separator_2 color_line=&#8221;#a0a84f&#8221; padding_top=&#8221;15&#8243; padding_bottom=&#8221;15&#8243;][vc_column_text]\n<p style=\"text-align: center;\">Quick installation<br \/>\nPVC halls are available at favourable prices<br \/>\nRemovable, if necessary<br \/>\nThe roof lets in light, there is no need for further lighting<br \/>\nAlmost zero maintenance costs<br \/>\nThe PVC covering lasts for over 30 years<\/p>\n[\/vc_column_text][vc_gallery type=&#8221;image_grid&#8221; images=&#8221;192,193,195&#8243; img_size=&#8221;335&#215;250&#8243; onclick=&#8221;img_link_large&#8221; slider_width=&#8221;100%&#8221; el_class=&#8221;galerii-all&#8221;][\/vc_column][\/vc_row]\n<\/div>","protected":false},"excerpt":{"rendered":"<p>[vc_row][vc_column][rev_slider_vc alias=&#8221;esileht_inglise&#8221;][\/vc_column][\/vc_row][vc_row css=&#8221;.vc_custom_1493297780903{margin-top: 70px !important;}&#8221; el_class=&#8221;tooted&#8221;][vc_column width=&#8221;1\/3&#8243; css=&#8221;.vc_custom_1493297557959{margin-bottom: 70px !important;}&#8221;][vc_single_image image=&#8221;1692&#8243; img_size=&#8221;full&#8221; alignment=&#8221;center&#8221; onclick=&#8221;custom_link&#8221; css=&#8221;.vc_custom_1621653907162{margin-bottom: 20px !important;}&#8221; link=&#8221;https:\/\/www.pvchall.eu\/en\/products\/&#8221;][vc_custom_heading text=&#8221;PVC HALLS&#8221; font_container=&#8221;tag:h2|font_size:20px|text_align:center|color:%23384059|line_height:22px&#8221; use_theme_fonts=&#8221;yes&#8221; link=&#8221;url:https%3A%2F%2Fwww.pvchall.eu%2Fen%2Fproducts%2F|||&#8221;][vc_column_text] We manufacture various PVC halls. Please, select a suitable hall and ask for a quotation! [\/vc_column_text][\/vc_column][vc_column width=&#8221;1\/3&#8243; css=&#8221;.vc_custom_1493297563551{margin-bottom: 70px !important;}&#8221;][vc_single_image image=&#8221;1015&#8243; img_size=&#8221;full&#8221; alignment=&#8221;center&#8221; onclick=&#8221;custom_link&#8221; css=&#8221;.vc_custom_1524216998804{margin-bottom: 20px !important;}&#8221; link=&#8221;https:\/\/www.pvchall.eu\/en\/shelter\/&#8221;][vc_custom_heading text=&#8221;SHELTER&#8221; font_container=&#8221;tag:h2|font_size:20px|text_align:center|color:%23384059|line_height:22px&#8221; use_theme_fonts=&#8221;yes&#8221; link=&#8221;url:https%3A%2F%2Fwww.pvchall.eu%2Fen%2Fshelter%2F|||&#8221;][vc_column_text]&#8230;<\/p>\n","protected":false},"author":1,"featured_media":0,"parent":0,"menu_order":0,"comment_status":"closed","ping_status":"closed","template":"page-full.php","meta":{"_acf_changed":false,"footnotes":""},"class_list":["post-411","page","type-page","status-publish","hentry"],"acf":[],"yoast_head":"<!-- This site is optimized with the Yoast SEO plugin v25.6 - https:\/\/yoast.com\/wordpress\/plugins\/seo\/ -->\n<title>Home | PVC Hallid | PVC hallide hinnad | PVC hallide m\u00fc\u00fck<\/title>\n<meta name=\"description\" content=\"PVC hallide m\u00fc\u00fck ja PVC hallide hinnad - meie lehelt saad k\u00f5ik vajaliku t\u00e4pselt teada. Vaata edasi siit\" \/>\n<meta name=\"robots\" content=\"index, follow, max-snippet:-1, max-image-preview:large, max-video-preview:-1\" \/>\n<link rel=\"canonical\" href=\"https:\/\/www.pvchall.eu\/en\/\" \/>\n<meta property=\"og:locale\" content=\"en_US\" \/>\n<meta property=\"og:type\" content=\"article\" \/>\n<meta property=\"og:title\" content=\"Home | PVC Hallid | PVC hallide hinnad | PVC hallide m\u00fc\u00fck\" \/>\n<meta property=\"og:description\" content=\"PVC hallide m\u00fc\u00fck ja PVC hallide hinnad - meie lehelt saad k\u00f5ik vajaliku t\u00e4pselt teada. Vaata edasi siit\" \/>\n<meta property=\"og:url\" content=\"https:\/\/www.pvchall.eu\/en\/\" \/>\n<meta property=\"og:site_name\" content=\"PVC Hallid | PVC hallide hinnad | PVC hallide m\u00fc\u00fck\" \/>\n<meta property=\"article:modified_time\" content=\"2021-05-22T03:25:39+00:00\" \/>\n<meta name=\"twitter:card\" content=\"summary_large_image\" \/>\n<meta name=\"twitter:label1\" content=\"Est. reading time\" \/>\n\t<meta name=\"twitter:data1\" content=\"6 minutes\" \/>\n<script type=\"application\/ld+json\" class=\"yoast-schema-graph\">{\"@context\":\"https:\/\/schema.org\",\"@graph\":[{\"@type\":\"WebPage\",\"@id\":\"https:\/\/www.pvchall.eu\/en\/\",\"url\":\"https:\/\/www.pvchall.eu\/en\/\",\"name\":\"Home | PVC Hallid | PVC hallide hinnad | PVC hallide m\u00fc\u00fck\",\"isPartOf\":{\"@id\":\"https:\/\/www.pvchall.eu\/#website\"},\"datePublished\":\"2017-05-16T11:26:45+00:00\",\"dateModified\":\"2021-05-22T03:25:39+00:00\",\"description\":\"PVC hallide m\u00fc\u00fck ja PVC hallide hinnad - meie lehelt saad k\u00f5ik vajaliku t\u00e4pselt teada. Vaata edasi siit\",\"breadcrumb\":{\"@id\":\"https:\/\/www.pvchall.eu\/en\/#breadcrumb\"},\"inLanguage\":\"en-US\",\"potentialAction\":[{\"@type\":\"ReadAction\",\"target\":[\"https:\/\/www.pvchall.eu\/en\/\"]}]},{\"@type\":\"BreadcrumbList\",\"@id\":\"https:\/\/www.pvchall.eu\/en\/#breadcrumb\",\"itemListElement\":[{\"@type\":\"ListItem\",\"position\":1,\"name\":\"Home\",\"item\":\"https:\/\/www.pvchall.eu\/en\/\"},{\"@type\":\"ListItem\",\"position\":2,\"name\":\"Home\"}]},{\"@type\":\"WebSite\",\"@id\":\"https:\/\/www.pvchall.eu\/#website\",\"url\":\"https:\/\/www.pvchall.eu\/\",\"name\":\"PVC Hallid | PVC hallide hinnad | PVC hallide m\u00fc\u00fck\",\"description\":\"PVC Hallid otse tootjalt | PVC hallide hinnad | PVC hallide m\u00fc\u00fck\",\"potentialAction\":[{\"@type\":\"SearchAction\",\"target\":{\"@type\":\"EntryPoint\",\"urlTemplate\":\"https:\/\/www.pvchall.eu\/?s={search_term_string}\"},\"query-input\":{\"@type\":\"PropertyValueSpecification\",\"valueRequired\":true,\"valueName\":\"search_term_string\"}}],\"inLanguage\":\"en-US\"}]}<\/script>\n<!-- \/ Yoast SEO plugin. -->","yoast_head_json":{"title":"Home | PVC Hallid | PVC hallide hinnad | PVC hallide m\u00fc\u00fck","description":"PVC hallide m\u00fc\u00fck ja PVC hallide hinnad - meie lehelt saad k\u00f5ik vajaliku t\u00e4pselt teada. Vaata edasi siit","robots":{"index":"index","follow":"follow","max-snippet":"max-snippet:-1","max-image-preview":"max-image-preview:large","max-video-preview":"max-video-preview:-1"},"canonical":"https:\/\/www.pvchall.eu\/en\/","og_locale":"en_US","og_type":"article","og_title":"Home | PVC Hallid | PVC hallide hinnad | PVC hallide m\u00fc\u00fck","og_description":"PVC hallide m\u00fc\u00fck ja PVC hallide hinnad - meie lehelt saad k\u00f5ik vajaliku t\u00e4pselt teada. Vaata edasi siit","og_url":"https:\/\/www.pvchall.eu\/en\/","og_site_name":"PVC Hallid | PVC hallide hinnad | PVC hallide m\u00fc\u00fck","article_modified_time":"2021-05-22T03:25:39+00:00","twitter_card":"summary_large_image","twitter_misc":{"Est. reading time":"6 minutes"},"schema":{"@context":"https:\/\/schema.org","@graph":[{"@type":"WebPage","@id":"https:\/\/www.pvchall.eu\/en\/","url":"https:\/\/www.pvchall.eu\/en\/","name":"Home | PVC Hallid | PVC hallide hinnad | PVC hallide m\u00fc\u00fck","isPartOf":{"@id":"https:\/\/www.pvchall.eu\/#website"},"datePublished":"2017-05-16T11:26:45+00:00","dateModified":"2021-05-22T03:25:39+00:00","description":"PVC hallide m\u00fc\u00fck ja PVC hallide hinnad - meie lehelt saad k\u00f5ik vajaliku t\u00e4pselt teada. Vaata edasi siit","breadcrumb":{"@id":"https:\/\/www.pvchall.eu\/en\/#breadcrumb"},"inLanguage":"en-US","potentialAction":[{"@type":"ReadAction","target":["https:\/\/www.pvchall.eu\/en\/"]}]},{"@type":"BreadcrumbList","@id":"https:\/\/www.pvchall.eu\/en\/#breadcrumb","itemListElement":[{"@type":"ListItem","position":1,"name":"Home","item":"https:\/\/www.pvchall.eu\/en\/"},{"@type":"ListItem","position":2,"name":"Home"}]},{"@type":"WebSite","@id":"https:\/\/www.pvchall.eu\/#website","url":"https:\/\/www.pvchall.eu\/","name":"PVC Hallid | PVC hallide hinnad | PVC hallide m\u00fc\u00fck","description":"PVC Hallid otse tootjalt | PVC hallide hinnad | PVC hallide m\u00fc\u00fck","potentialAction":[{"@type":"SearchAction","target":{"@type":"EntryPoint","urlTemplate":"https:\/\/www.pvchall.eu\/?s={search_term_string}"},"query-input":{"@type":"PropertyValueSpecification","valueRequired":true,"valueName":"search_term_string"}}],"inLanguage":"en-US"}]}},"_links":{"self":[{"href":"https:\/\/www.pvchall.eu\/en\/wp-json\/wp\/v2\/pages\/411","targetHints":{"allow":["GET"]}}],"collection":[{"href":"https:\/\/www.pvchall.eu\/en\/wp-json\/wp\/v2\/pages"}],"about":[{"href":"https:\/\/www.pvchall.eu\/en\/wp-json\/wp\/v2\/types\/page"}],"author":[{"embeddable":true,"href":"https:\/\/www.pvchall.eu\/en\/wp-json\/wp\/v2\/users\/1"}],"replies":[{"embeddable":true,"href":"https:\/\/www.pvchall.eu\/en\/wp-json\/wp\/v2\/comments?post=411"}],"version-history":[{"count":42,"href":"https:\/\/www.pvchall.eu\/en\/wp-json\/wp\/v2\/pages\/411\/revisions"}],"predecessor-version":[{"id":2167,"href":"https:\/\/www.pvchall.eu\/en\/wp-json\/wp\/v2\/pages\/411\/revisions\/2167"}],"wp:attachment":[{"href":"https:\/\/www.pvchall.eu\/en\/wp-json\/wp\/v2\/media?parent=411"}],"curies":[{"name":"wp","href":"https:\/\/api.w.org\/{rel}","templated":true}]}}