{"id":438,"date":"2017-04-25T17:16:22","date_gmt":"2017-04-25T14:16:22","guid":{"rendered":"https:\/\/www.pvchall.eu\/?page_id=438\/"},"modified":"2026-03-22T18:53:00","modified_gmt":"2026-03-22T16:53:00","slug":"contact","status":"publish","type":"page","link":"https:\/\/www.pvchall.eu\/en\/contact\/","title":{"rendered":"Contact"},"content":{"rendered":"<div class=\"wpb-content-wrapper\">[vc_row el_class=&#8221;pealkir&#8221;][vc_column][vc_custom_heading text=&#8221;Contact&#8221; font_container=&#8221;tag:h1|font_size:33px|text_align:center|color:%23ffffff|line_height:35px&#8221; use_theme_fonts=&#8221;yes&#8221;][\/vc_column][\/vc_row][vc_row el_class=&#8221;company-data&#8221; css=&#8221;.vc_custom_1620040579194{margin-bottom: 75px !important;}&#8221;][vc_column width=&#8221;1\/4&#8243;][vc_column_text]\n<p data-start=\"74\" data-end=\"168\"><strong data-start=\"74\" data-end=\"86\">Estonia:<\/strong> Harjumaa, Viimsi Parish, Rohuneeme tee 1<br data-start=\"127\" data-end=\"130\" \/><strong data-start=\"130\" data-end=\"142\">Finland:<\/strong> Vantaa, Lummetie 1F 110<\/p>\n<p data-start=\"170\" data-end=\"198\"><strong data-start=\"170\" data-end=\"180\">Email:<\/strong> <a class=\"decorated-link cursor-pointer\" rel=\"noopener\" data-start=\"181\" data-end=\"196\">info@pvchall.eu<\/a><\/p>\n<p data-start=\"200\" data-end=\"249\" data-is-last-node=\"\" data-is-only-node=\"\"><strong data-start=\"200\" data-end=\"249\" data-is-last-node=\"\">We respond to inquiries within 1 business day<\/strong><\/p>\n[\/vc_column_text][\/vc_column][vc_column width=&#8221;3\/4&#8243;][\/vc_column][\/vc_row][vc_row el_class=&#8221;main-activity&#8221;][vc_column width=&#8221;1\/2&#8243;][vc_column_text]<strong>Meie p\u00f5hitegevusalaks on PVC hallide tootmine, m\u00fc\u00fck ja paigaldus.<\/strong><\/p>\n<p>Meie tootevalikust leiab PVC kattega halle alates laiusega 8m, kuni 65 meetrit. K\u00f5ikide Meie poolt standard lahendusena projekteeritud PVC hallide pikkus on kuni 100 meetrit. K\u00f5ik PVC kattega hallid on projekteeritud arvestades lume ja tuulekoormusi j\u00e4rgmiselt EC3 parameetrite j\u00e4rgi: 1.8 kN\/m2 lumekoormust, 32m\/s tuulekoormust, ohutegur 1,5.<\/p>\n<p>PVC kate mida kasutame hallide katmisel on tule ja ilmastikukindel. Lisaks t\u00e4ielikult UV kindel ja vastupidav hallituse ja m\u00e4danemise vastu.<\/p>\n<p>Teraskonstruktsioon on kuumtsingitud ja toodetud vastavalt ISO 1090-2 ja EN ISO 3834-3 standardile, vajadusel v\u00e4rvime terve konstruktsiooni.<\/p>\n<p><strong>Meie poolt toodetud ja projekteeritud PVC hallid sobivad:<\/strong><\/p>\n<ul>\n<li>Laohooneteks<\/li>\n<li>Tootmishooneteks<\/li>\n<li>Spordihooneteks<\/li>\n<li>Sadama hooneteks<\/li>\n<li>Lennuki angaarideks<\/li>\n<li>Puidu ja puidut\u00f6\u00f6stuse hooneteks<\/li>\n<\/ul>\n[\/vc_column_text][\/vc_column][vc_column width=&#8221;1\/2&#8243;][vc_single_image image=&#8221;2004&#8243; img_size=&#8221;full&#8221;][\/vc_column][\/vc_row]\n<\/div>","protected":false},"excerpt":{"rendered":"<p>[vc_row el_class=&#8221;pealkir&#8221;][vc_column][vc_custom_heading text=&#8221;Contact&#8221; font_container=&#8221;tag:h1|font_size:33px|text_align:center|color:%23ffffff|line_height:35px&#8221; use_theme_fonts=&#8221;yes&#8221;][\/vc_column][\/vc_row][vc_row el_class=&#8221;company-data&#8221; css=&#8221;.vc_custom_1620040579194{margin-bottom: 75px !important;}&#8221;][vc_column width=&#8221;1\/4&#8243;][vc_column_text] Estonia: Harjumaa, Viimsi Parish, Rohuneeme tee 1Finland: Vantaa, Lummetie 1F 110 Email: info@pvchall.eu We respond to inquiries within 1 business day [\/vc_column_text][\/vc_column][vc_column width=&#8221;3\/4&#8243;][\/vc_column][\/vc_row][vc_row el_class=&#8221;main-activity&#8221;][vc_column width=&#8221;1\/2&#8243;][vc_column_text]Meie p\u00f5hitegevusalaks on PVC hallide tootmine, m\u00fc\u00fck ja paigaldus. Meie tootevalikust leiab PVC kattega halle alates laiusega 8m, kuni 65 meetrit&#8230;.<\/p>\n","protected":false},"author":1,"featured_media":0,"parent":0,"menu_order":0,"comment_status":"closed","ping_status":"closed","template":"page-full.php","meta":{"_acf_changed":false,"footnotes":""},"class_list":["post-438","page","type-page","status-publish","hentry"],"acf":[],"yoast_head":"<!-- This site is optimized with the Yoast SEO plugin v25.6 - https:\/\/yoast.com\/wordpress\/plugins\/seo\/ -->\n<title>Contact | PVC Hallid | PVC hallide hinnad | PVC hallide m\u00fc\u00fck<\/title>\n<meta name=\"description\" content=\"PVC hallide m\u00fc\u00fck ja PVC hallide hinnad - meie lehelt saad k\u00f5ik vajaliku t\u00e4pselt teada. Vaata edasi siit\" \/>\n<meta name=\"robots\" content=\"index, follow, max-snippet:-1, max-image-preview:large, max-video-preview:-1\" \/>\n<link rel=\"canonical\" href=\"https:\/\/www.pvchall.eu\/en\/contact\/\" \/>\n<meta property=\"og:locale\" content=\"en_US\" \/>\n<meta property=\"og:type\" content=\"article\" \/>\n<meta property=\"og:title\" content=\"Contact | PVC Hallid | PVC hallide hinnad | PVC hallide m\u00fc\u00fck\" \/>\n<meta property=\"og:description\" content=\"PVC hallide m\u00fc\u00fck ja PVC hallide hinnad - meie lehelt saad k\u00f5ik vajaliku t\u00e4pselt teada. Vaata edasi siit\" \/>\n<meta property=\"og:url\" content=\"https:\/\/www.pvchall.eu\/en\/contact\/\" \/>\n<meta property=\"og:site_name\" content=\"PVC Hallid | PVC hallide hinnad | PVC hallide m\u00fc\u00fck\" \/>\n<meta property=\"article:modified_time\" content=\"2026-03-22T16:53:00+00:00\" \/>\n<meta name=\"twitter:card\" content=\"summary_large_image\" \/>\n<meta name=\"twitter:label1\" content=\"Est. reading time\" \/>\n\t<meta name=\"twitter:data1\" content=\"1 minute\" \/>\n<script type=\"application\/ld+json\" class=\"yoast-schema-graph\">{\"@context\":\"https:\/\/schema.org\",\"@graph\":[{\"@type\":\"WebPage\",\"@id\":\"https:\/\/www.pvchall.eu\/en\/contact\/\",\"url\":\"https:\/\/www.pvchall.eu\/en\/contact\/\",\"name\":\"Contact | PVC Hallid | PVC hallide hinnad | PVC hallide m\u00fc\u00fck\",\"isPartOf\":{\"@id\":\"https:\/\/www.pvchall.eu\/#website\"},\"datePublished\":\"2017-04-25T14:16:22+00:00\",\"dateModified\":\"2026-03-22T16:53:00+00:00\",\"description\":\"PVC hallide m\u00fc\u00fck ja PVC hallide hinnad - meie lehelt saad k\u00f5ik vajaliku t\u00e4pselt teada. Vaata edasi siit\",\"breadcrumb\":{\"@id\":\"https:\/\/www.pvchall.eu\/en\/contact\/#breadcrumb\"},\"inLanguage\":\"en-US\",\"potentialAction\":[{\"@type\":\"ReadAction\",\"target\":[\"https:\/\/www.pvchall.eu\/en\/contact\/\"]}]},{\"@type\":\"BreadcrumbList\",\"@id\":\"https:\/\/www.pvchall.eu\/en\/contact\/#breadcrumb\",\"itemListElement\":[{\"@type\":\"ListItem\",\"position\":1,\"name\":\"Home\",\"item\":\"https:\/\/www.pvchall.eu\/en\/\"},{\"@type\":\"ListItem\",\"position\":2,\"name\":\"Contact\"}]},{\"@type\":\"WebSite\",\"@id\":\"https:\/\/www.pvchall.eu\/#website\",\"url\":\"https:\/\/www.pvchall.eu\/\",\"name\":\"PVC Hallid | PVC hallide hinnad | PVC hallide m\u00fc\u00fck\",\"description\":\"PVC Hallid otse tootjalt | PVC hallide hinnad | PVC hallide m\u00fc\u00fck\",\"potentialAction\":[{\"@type\":\"SearchAction\",\"target\":{\"@type\":\"EntryPoint\",\"urlTemplate\":\"https:\/\/www.pvchall.eu\/?s={search_term_string}\"},\"query-input\":{\"@type\":\"PropertyValueSpecification\",\"valueRequired\":true,\"valueName\":\"search_term_string\"}}],\"inLanguage\":\"en-US\"}]}<\/script>\n<!-- \/ Yoast SEO plugin. -->","yoast_head_json":{"title":"Contact | PVC Hallid | PVC hallide hinnad | PVC hallide m\u00fc\u00fck","description":"PVC hallide m\u00fc\u00fck ja PVC hallide hinnad - meie lehelt saad k\u00f5ik vajaliku t\u00e4pselt teada. Vaata edasi siit","robots":{"index":"index","follow":"follow","max-snippet":"max-snippet:-1","max-image-preview":"max-image-preview:large","max-video-preview":"max-video-preview:-1"},"canonical":"https:\/\/www.pvchall.eu\/en\/contact\/","og_locale":"en_US","og_type":"article","og_title":"Contact | PVC Hallid | PVC hallide hinnad | PVC hallide m\u00fc\u00fck","og_description":"PVC hallide m\u00fc\u00fck ja PVC hallide hinnad - meie lehelt saad k\u00f5ik vajaliku t\u00e4pselt teada. Vaata edasi siit","og_url":"https:\/\/www.pvchall.eu\/en\/contact\/","og_site_name":"PVC Hallid | PVC hallide hinnad | PVC hallide m\u00fc\u00fck","article_modified_time":"2026-03-22T16:53:00+00:00","twitter_card":"summary_large_image","twitter_misc":{"Est. reading time":"1 minute"},"schema":{"@context":"https:\/\/schema.org","@graph":[{"@type":"WebPage","@id":"https:\/\/www.pvchall.eu\/en\/contact\/","url":"https:\/\/www.pvchall.eu\/en\/contact\/","name":"Contact | PVC Hallid | PVC hallide hinnad | PVC hallide m\u00fc\u00fck","isPartOf":{"@id":"https:\/\/www.pvchall.eu\/#website"},"datePublished":"2017-04-25T14:16:22+00:00","dateModified":"2026-03-22T16:53:00+00:00","description":"PVC hallide m\u00fc\u00fck ja PVC hallide hinnad - meie lehelt saad k\u00f5ik vajaliku t\u00e4pselt teada. Vaata edasi siit","breadcrumb":{"@id":"https:\/\/www.pvchall.eu\/en\/contact\/#breadcrumb"},"inLanguage":"en-US","potentialAction":[{"@type":"ReadAction","target":["https:\/\/www.pvchall.eu\/en\/contact\/"]}]},{"@type":"BreadcrumbList","@id":"https:\/\/www.pvchall.eu\/en\/contact\/#breadcrumb","itemListElement":[{"@type":"ListItem","position":1,"name":"Home","item":"https:\/\/www.pvchall.eu\/en\/"},{"@type":"ListItem","position":2,"name":"Contact"}]},{"@type":"WebSite","@id":"https:\/\/www.pvchall.eu\/#website","url":"https:\/\/www.pvchall.eu\/","name":"PVC Hallid | PVC hallide hinnad | PVC hallide m\u00fc\u00fck","description":"PVC Hallid otse tootjalt | PVC hallide hinnad | PVC hallide m\u00fc\u00fck","potentialAction":[{"@type":"SearchAction","target":{"@type":"EntryPoint","urlTemplate":"https:\/\/www.pvchall.eu\/?s={search_term_string}"},"query-input":{"@type":"PropertyValueSpecification","valueRequired":true,"valueName":"search_term_string"}}],"inLanguage":"en-US"}]}},"_links":{"self":[{"href":"https:\/\/www.pvchall.eu\/en\/wp-json\/wp\/v2\/pages\/438","targetHints":{"allow":["GET"]}}],"collection":[{"href":"https:\/\/www.pvchall.eu\/en\/wp-json\/wp\/v2\/pages"}],"about":[{"href":"https:\/\/www.pvchall.eu\/en\/wp-json\/wp\/v2\/types\/page"}],"author":[{"embeddable":true,"href":"https:\/\/www.pvchall.eu\/en\/wp-json\/wp\/v2\/users\/1"}],"replies":[{"embeddable":true,"href":"https:\/\/www.pvchall.eu\/en\/wp-json\/wp\/v2\/comments?post=438"}],"version-history":[{"count":26,"href":"https:\/\/www.pvchall.eu\/en\/wp-json\/wp\/v2\/pages\/438\/revisions"}],"predecessor-version":[{"id":2631,"href":"https:\/\/www.pvchall.eu\/en\/wp-json\/wp\/v2\/pages\/438\/revisions\/2631"}],"wp:attachment":[{"href":"https:\/\/www.pvchall.eu\/en\/wp-json\/wp\/v2\/media?parent=438"}],"curies":[{"name":"wp","href":"https:\/\/api.w.org\/{rel}","templated":true}]}}