{"id":444,"date":"2017-05-17T18:56:58","date_gmt":"2017-05-17T15:56:58","guid":{"rendered":"https:\/\/www.pvchall.eu\/?page_id=444\/"},"modified":"2017-06-11T19:36:08","modified_gmt":"2017-06-11T16:36:08","slug":"general-terms-conditions","status":"publish","type":"page","link":"https:\/\/www.pvchall.eu\/en\/general-terms-conditions\/","title":{"rendered":"TERMS"},"content":{"rendered":"<div class=\"wpb-content-wrapper\">[vc_row el_class=&#8221;pealkir&#8221;][vc_column][vc_custom_heading text=&#8221;General terms and conditions&#8221; font_container=&#8221;tag:h1|font_size:33px|text_align:center|color:%23ffffff|line_height:35px&#8221; use_theme_fonts=&#8221;yes&#8221;][\/vc_column][\/vc_row][vc_row][vc_column][vc_column_text]In the case of any questions, please e-mail:\u00a0<a href=\"mailto:info@pvchall.eu\">info@pvchall.eu<\/a>[\/vc_column_text][\/vc_column][\/vc_row]\n<\/div>","protected":false},"excerpt":{"rendered":"<p>[vc_row el_class=&#8221;pealkir&#8221;][vc_column][vc_custom_heading text=&#8221;General terms and conditions&#8221; font_container=&#8221;tag:h1|font_size:33px|text_align:center|color:%23ffffff|line_height:35px&#8221; use_theme_fonts=&#8221;yes&#8221;][\/vc_column][\/vc_row][vc_row][vc_column][vc_column_text]In the case of any questions, please e-mail:\u00a0info@pvchall.eu[\/vc_column_text][\/vc_column][\/vc_row]<\/p>\n","protected":false},"author":1,"featured_media":0,"parent":0,"menu_order":0,"comment_status":"closed","ping_status":"closed","template":"page-full.php","meta":{"_acf_changed":false,"footnotes":""},"class_list":["post-444","page","type-page","status-publish","hentry"],"acf":[],"yoast_head":"<!-- This site is optimized with the Yoast SEO plugin v25.6 - https:\/\/yoast.com\/wordpress\/plugins\/seo\/ -->\n<title>TERMS | PVC Hallid | PVC hallide hinnad | PVC hallide m\u00fc\u00fck<\/title>\n<meta name=\"description\" content=\"PVC hallide m\u00fc\u00fck ja PVC hallide hinnad - meie lehelt saad k\u00f5ik vajaliku t\u00e4pselt teada. Vaata edasi siit\" \/>\n<meta name=\"robots\" content=\"index, follow, max-snippet:-1, max-image-preview:large, max-video-preview:-1\" \/>\n<link rel=\"canonical\" href=\"https:\/\/www.pvchall.eu\/en\/general-terms-conditions\/\" \/>\n<meta property=\"og:locale\" content=\"en_US\" \/>\n<meta property=\"og:type\" content=\"article\" \/>\n<meta property=\"og:title\" content=\"TERMS | PVC Hallid | PVC hallide hinnad | PVC hallide m\u00fc\u00fck\" \/>\n<meta property=\"og:description\" content=\"PVC hallide m\u00fc\u00fck ja PVC hallide hinnad - meie lehelt saad k\u00f5ik vajaliku t\u00e4pselt teada. Vaata edasi siit\" \/>\n<meta property=\"og:url\" content=\"https:\/\/www.pvchall.eu\/en\/general-terms-conditions\/\" \/>\n<meta property=\"og:site_name\" content=\"PVC Hallid | PVC hallide hinnad | PVC hallide m\u00fc\u00fck\" \/>\n<meta property=\"article:modified_time\" content=\"2017-06-11T16:36:08+00:00\" \/>\n<meta name=\"twitter:card\" content=\"summary_large_image\" \/>\n<script type=\"application\/ld+json\" class=\"yoast-schema-graph\">{\"@context\":\"https:\/\/schema.org\",\"@graph\":[{\"@type\":\"WebPage\",\"@id\":\"https:\/\/www.pvchall.eu\/en\/general-terms-conditions\/\",\"url\":\"https:\/\/www.pvchall.eu\/en\/general-terms-conditions\/\",\"name\":\"TERMS | PVC Hallid | PVC hallide hinnad | PVC hallide m\u00fc\u00fck\",\"isPartOf\":{\"@id\":\"https:\/\/www.pvchall.eu\/#website\"},\"datePublished\":\"2017-05-17T15:56:58+00:00\",\"dateModified\":\"2017-06-11T16:36:08+00:00\",\"description\":\"PVC hallide m\u00fc\u00fck ja PVC hallide hinnad - meie lehelt saad k\u00f5ik vajaliku t\u00e4pselt teada. Vaata edasi siit\",\"breadcrumb\":{\"@id\":\"https:\/\/www.pvchall.eu\/en\/general-terms-conditions\/#breadcrumb\"},\"inLanguage\":\"en-US\",\"potentialAction\":[{\"@type\":\"ReadAction\",\"target\":[\"https:\/\/www.pvchall.eu\/en\/general-terms-conditions\/\"]}]},{\"@type\":\"BreadcrumbList\",\"@id\":\"https:\/\/www.pvchall.eu\/en\/general-terms-conditions\/#breadcrumb\",\"itemListElement\":[{\"@type\":\"ListItem\",\"position\":1,\"name\":\"Home\",\"item\":\"https:\/\/www.pvchall.eu\/en\/\"},{\"@type\":\"ListItem\",\"position\":2,\"name\":\"TERMS\"}]},{\"@type\":\"WebSite\",\"@id\":\"https:\/\/www.pvchall.eu\/#website\",\"url\":\"https:\/\/www.pvchall.eu\/\",\"name\":\"PVC Hallid | PVC hallide hinnad | PVC hallide m\u00fc\u00fck\",\"description\":\"PVC Hallid otse tootjalt | PVC hallide hinnad | PVC hallide m\u00fc\u00fck\",\"potentialAction\":[{\"@type\":\"SearchAction\",\"target\":{\"@type\":\"EntryPoint\",\"urlTemplate\":\"https:\/\/www.pvchall.eu\/?s={search_term_string}\"},\"query-input\":{\"@type\":\"PropertyValueSpecification\",\"valueRequired\":true,\"valueName\":\"search_term_string\"}}],\"inLanguage\":\"en-US\"}]}<\/script>\n<!-- \/ Yoast SEO plugin. -->","yoast_head_json":{"title":"TERMS | PVC Hallid | PVC hallide hinnad | PVC hallide m\u00fc\u00fck","description":"PVC hallide m\u00fc\u00fck ja PVC hallide hinnad - meie lehelt saad k\u00f5ik vajaliku t\u00e4pselt teada. Vaata edasi siit","robots":{"index":"index","follow":"follow","max-snippet":"max-snippet:-1","max-image-preview":"max-image-preview:large","max-video-preview":"max-video-preview:-1"},"canonical":"https:\/\/www.pvchall.eu\/en\/general-terms-conditions\/","og_locale":"en_US","og_type":"article","og_title":"TERMS | PVC Hallid | PVC hallide hinnad | PVC hallide m\u00fc\u00fck","og_description":"PVC hallide m\u00fc\u00fck ja PVC hallide hinnad - meie lehelt saad k\u00f5ik vajaliku t\u00e4pselt teada. Vaata edasi siit","og_url":"https:\/\/www.pvchall.eu\/en\/general-terms-conditions\/","og_site_name":"PVC Hallid | PVC hallide hinnad | PVC hallide m\u00fc\u00fck","article_modified_time":"2017-06-11T16:36:08+00:00","twitter_card":"summary_large_image","schema":{"@context":"https:\/\/schema.org","@graph":[{"@type":"WebPage","@id":"https:\/\/www.pvchall.eu\/en\/general-terms-conditions\/","url":"https:\/\/www.pvchall.eu\/en\/general-terms-conditions\/","name":"TERMS | PVC Hallid | PVC hallide hinnad | PVC hallide m\u00fc\u00fck","isPartOf":{"@id":"https:\/\/www.pvchall.eu\/#website"},"datePublished":"2017-05-17T15:56:58+00:00","dateModified":"2017-06-11T16:36:08+00:00","description":"PVC hallide m\u00fc\u00fck ja PVC hallide hinnad - meie lehelt saad k\u00f5ik vajaliku t\u00e4pselt teada. Vaata edasi siit","breadcrumb":{"@id":"https:\/\/www.pvchall.eu\/en\/general-terms-conditions\/#breadcrumb"},"inLanguage":"en-US","potentialAction":[{"@type":"ReadAction","target":["https:\/\/www.pvchall.eu\/en\/general-terms-conditions\/"]}]},{"@type":"BreadcrumbList","@id":"https:\/\/www.pvchall.eu\/en\/general-terms-conditions\/#breadcrumb","itemListElement":[{"@type":"ListItem","position":1,"name":"Home","item":"https:\/\/www.pvchall.eu\/en\/"},{"@type":"ListItem","position":2,"name":"TERMS"}]},{"@type":"WebSite","@id":"https:\/\/www.pvchall.eu\/#website","url":"https:\/\/www.pvchall.eu\/","name":"PVC Hallid | PVC hallide hinnad | PVC hallide m\u00fc\u00fck","description":"PVC Hallid otse tootjalt | PVC hallide hinnad | PVC hallide m\u00fc\u00fck","potentialAction":[{"@type":"SearchAction","target":{"@type":"EntryPoint","urlTemplate":"https:\/\/www.pvchall.eu\/?s={search_term_string}"},"query-input":{"@type":"PropertyValueSpecification","valueRequired":true,"valueName":"search_term_string"}}],"inLanguage":"en-US"}]}},"_links":{"self":[{"href":"https:\/\/www.pvchall.eu\/en\/wp-json\/wp\/v2\/pages\/444","targetHints":{"allow":["GET"]}}],"collection":[{"href":"https:\/\/www.pvchall.eu\/en\/wp-json\/wp\/v2\/pages"}],"about":[{"href":"https:\/\/www.pvchall.eu\/en\/wp-json\/wp\/v2\/types\/page"}],"author":[{"embeddable":true,"href":"https:\/\/www.pvchall.eu\/en\/wp-json\/wp\/v2\/users\/1"}],"replies":[{"embeddable":true,"href":"https:\/\/www.pvchall.eu\/en\/wp-json\/wp\/v2\/comments?post=444"}],"version-history":[{"count":4,"href":"https:\/\/www.pvchall.eu\/en\/wp-json\/wp\/v2\/pages\/444\/revisions"}],"predecessor-version":[{"id":465,"href":"https:\/\/www.pvchall.eu\/en\/wp-json\/wp\/v2\/pages\/444\/revisions\/465"}],"wp:attachment":[{"href":"https:\/\/www.pvchall.eu\/en\/wp-json\/wp\/v2\/media?parent=444"}],"curies":[{"name":"wp","href":"https:\/\/api.w.org\/{rel}","templated":true}]}}