{"id":2140,"date":"2021-05-03T13:10:33","date_gmt":"2021-05-03T10:10:33","guid":{"rendered":"https:\/\/www.pvchall.eu\/portfoolio\/"},"modified":"2023-04-13T07:27:10","modified_gmt":"2023-04-13T04:27:10","slug":"portfoolio","status":"publish","type":"page","link":"https:\/\/www.pvchall.eu\/fi\/portfoolio\/","title":{"rendered":"Portfoolio"},"content":{"rendered":"<div class=\"wpb-content-wrapper\">[vc_row el_class=&#8221;pealkir&#8221;][vc_column][vc_custom_heading text=&#8221;Portfoolio&#8221; font_container=&#8221;tag:h1|font_size:33px|text_align:center|color:%23ffffff|line_height:35px&#8221; use_theme_fonts=&#8221;yes&#8221;][\/vc_column][\/vc_row][vc_row css=&#8221;.vc_custom_1620035809747{margin-bottom: 20px !important;}&#8221; el_class=&#8221;portfolio-objects-container&#8221;][vc_column width=&#8221;1\/3&#8243; el_class=&#8221;portfolio-object&#8221;][vc_single_image image=&#8221;2266&#8243; img_size=&#8221;full&#8221; el_class=&#8221;portfolio-object-image&#8221;][vc_column_text el_class=&#8221;portfolio-object-text&#8221;]\n<h3><\/h3>\n<p>Pituus: 60m \/ leveys 30m. Pinta-ala 1800m2[\/vc_column_text][\/vc_column][vc_column width=&#8221;1\/3&#8243; el_class=&#8221;portfolio-object&#8221;][vc_single_image image=&#8221;2281&#8243; img_size=&#8221;full&#8221; el_class=&#8221;portfolio-object-image&#8221;][vc_column_text el_class=&#8221;portfolio-object-text&#8221;]\n<h3><\/h3>\n<p>Pituus: 42m \/ leveys 22m. Pinta-ala 924m2[\/vc_column_text][\/vc_column][vc_column width=&#8221;1\/3&#8243; el_class=&#8221;portfolio-object&#8221;][vc_single_image image=&#8221;2261&#8243; img_size=&#8221;full&#8221; el_class=&#8221;portfolio-object-image&#8221;][vc_column_text el_class=&#8221;portfolio-object-text&#8221;]\n<h3><\/h3>\n<p>Pituus: 60m \/ leveys 22m. Pinta-ala 1320m2[\/vc_column_text][\/vc_column][\/vc_row][vc_row css=&#8221;.vc_custom_1620035809747{margin-bottom: 20px !important;}&#8221; el_class=&#8221;portfolio-objects-container&#8221;][vc_column width=&#8221;1\/3&#8243; el_class=&#8221;portfolio-object&#8221;][vc_single_image image=&#8221;2079&#8243; img_size=&#8221;full&#8221; el_class=&#8221;portfolio-object-image&#8221;][vc_column_text el_class=&#8221;portfolio-object-text&#8221;]\n<h3><\/h3>\n<p>Pituus: 65m \/ leveys 20m. Pinta-ala 1300m2[\/vc_column_text][\/vc_column][vc_column width=&#8221;1\/3&#8243; el_class=&#8221;portfolio-object&#8221;][vc_single_image image=&#8221;2058&#8243; img_size=&#8221;full&#8221; el_class=&#8221;portfolio-object-image&#8221;][vc_column_text el_class=&#8221;portfolio-object-text&#8221;]\n<h3><\/h3>\n<p>Pituus: 45m \/ leveys 25m. Pinta-ala 1125m2[\/vc_column_text][\/vc_column][vc_column width=&#8221;1\/3&#8243; el_class=&#8221;portfolio-object&#8221;][vc_single_image image=&#8221;2095&#8243; img_size=&#8221;full&#8221; el_class=&#8221;portfolio-object-image&#8221;][vc_column_text el_class=&#8221;portfolio-object-text&#8221;]\n<h3><\/h3>\n<p>Pituus: 60m \/ leveys 8m. Pinta-ala 480m2[\/vc_column_text][\/vc_column][\/vc_row][vc_row css=&#8221;.vc_custom_1620035809747{margin-bottom: 20px !important;}&#8221; el_class=&#8221;portfolio-objects-container&#8221;][vc_column width=&#8221;1\/3&#8243; el_class=&#8221;portfolio-object&#8221;][vc_single_image image=&#8221;1584&#8243; img_size=&#8221;full&#8221; el_class=&#8221;portfolio-object-image&#8221;][vc_column_text el_class=&#8221;portfolio-object-text&#8221;]\n<h3><\/h3>\n<p>Pituus: 30m \/ leveys 50m. Pinta-ala 1500m2[\/vc_column_text][\/vc_column][vc_column width=&#8221;1\/3&#8243; el_class=&#8221;portfolio-object&#8221;][vc_single_image image=&#8221;2089&#8243; img_size=&#8221;full&#8221; el_class=&#8221;portfolio-object-image&#8221;][vc_column_text el_class=&#8221;portfolio-object-text&#8221;]\n<h3><\/h3>\n<p>Pituus: 30m \/ leveys 15m. Pinta-ala 450m2[\/vc_column_text][\/vc_column][vc_column width=&#8221;1\/3&#8243; el_class=&#8221;portfolio-object&#8221;][vc_single_image image=&#8221;1277&#8243; img_size=&#8221;full&#8221; el_class=&#8221;portfolio-object-image&#8221;][vc_column_text el_class=&#8221;portfolio-object-text&#8221;]\n<h3><\/h3>\n<p>Pituus: 23m \/ leveys 78m. Pinta-ala 1794m2[\/vc_column_text][\/vc_column][\/vc_row][vc_row css=&#8221;.vc_custom_1620035809747{margin-bottom: 20px !important;}&#8221; el_class=&#8221;portfolio-objects-container&#8221;][vc_column width=&#8221;1\/3&#8243; el_class=&#8221;portfolio-object&#8221;][vc_single_image image=&#8221;1549&#8243; img_size=&#8221;full&#8221; el_class=&#8221;portfolio-object-image&#8221;][vc_column_text el_class=&#8221;portfolio-object-text&#8221;]\n<h3><\/h3>\n<p>Pituus: 16m \/ leveys 38m. Pinta-ala 608m2[\/vc_column_text][\/vc_column][vc_column width=&#8221;1\/3&#8243; el_class=&#8221;portfolio-object&#8221;][vc_single_image image=&#8221;2106&#8243; img_size=&#8221;full&#8221; el_class=&#8221;portfolio-object-image&#8221;][vc_column_text el_class=&#8221;portfolio-object-text&#8221;]\n<h3><\/h3>\n<p>Pituus: 50m \/ leveys 20m. Pinta-ala 1000m2[\/vc_column_text][\/vc_column][vc_column width=&#8221;1\/3&#8243; el_class=&#8221;portfolio-object&#8221;][vc_single_image image=&#8221;2084&#8243; img_size=&#8221;full&#8221; el_class=&#8221;portfolio-object-image&#8221;][vc_column_text el_class=&#8221;portfolio-object-text&#8221;]\n<h3><\/h3>\n<p>Pituus: 36m \/ leveys 8m. Pinta-ala 288m2[\/vc_column_text][\/vc_column][\/vc_row][vc_row css=&#8221;.vc_custom_1620035809747{margin-bottom: 20px !important;}&#8221; el_class=&#8221;portfolio-objects-container&#8221;][vc_column width=&#8221;1\/3&#8243; el_class=&#8221;portfolio-object&#8221;][vc_single_image image=&#8221;1691&#8243; img_size=&#8221;full&#8221; el_class=&#8221;portfolio-object-image&#8221;][vc_column_text el_class=&#8221;portfolio-object-text&#8221;]\n<h3><\/h3>\n<p>Pituus: 16m \/ leveys 56m. Pinta-ala 896m2[\/vc_column_text][\/vc_column][vc_column width=&#8221;1\/3&#8243; el_class=&#8221;portfolio-object&#8221;][vc_single_image image=&#8221;604&#8243; img_size=&#8221;full&#8221; el_class=&#8221;portfolio-object-image&#8221;][vc_column_text el_class=&#8221;portfolio-object-text&#8221;]\n<h3><\/h3>\n<p>Pituus: 25m \/ leveys 55m. Pinta-ala 1375m2[\/vc_column_text][\/vc_column][vc_column width=&#8221;1\/3&#8243; el_class=&#8221;portfolio-object&#8221;][vc_single_image image=&#8221;1365&#8243; img_size=&#8221;full&#8221; el_class=&#8221;portfolio-object-image&#8221;][vc_column_text el_class=&#8221;portfolio-object-text&#8221;]\n<h3><\/h3>\n<p>Pituus: 20m \/ leveys 10m. Pinta-ala 200m2[\/vc_column_text][\/vc_column][\/vc_row][vc_row css=&#8221;.vc_custom_1620035809747{margin-bottom: 20px !important;}&#8221; el_class=&#8221;portfolio-objects-container&#8221;][vc_column width=&#8221;1\/3&#8243; el_class=&#8221;portfolio-object&#8221;][vc_single_image image=&#8221;1305&#8243; img_size=&#8221;full&#8221; el_class=&#8221;portfolio-object-image&#8221;][vc_column_text el_class=&#8221;portfolio-object-text&#8221;]\n<h3><\/h3>\n<p>Pituus: 20m \/ leveys 10m. Pinta-ala 200m2[\/vc_column_text][\/vc_column][vc_column width=&#8221;1\/3&#8243; el_class=&#8221;portfolio-object&#8221;][vc_single_image image=&#8221;917&#8243; img_size=&#8221;full&#8221; el_class=&#8221;portfolio-object-image&#8221;][vc_column_text el_class=&#8221;portfolio-object-text&#8221;]\n<h3><\/h3>\n<p>Pituus: 28m \/ leveys 8m. Pinta-ala 224m2, 3TK[\/vc_column_text][\/vc_column][vc_column width=&#8221;1\/3&#8243; el_class=&#8221;portfolio-object&#8221;][vc_single_image image=&#8221;2064&#8243; img_size=&#8221;full&#8221; el_class=&#8221;portfolio-object-image&#8221;][vc_column_text el_class=&#8221;portfolio-object-text&#8221;]\n<h3><\/h3>\n<p>Pituus: 20m \/ leveys 12m. Pinta-ala 240m2[\/vc_column_text][\/vc_column][\/vc_row][vc_row css=&#8221;.vc_custom_1620035809747{margin-bottom: 20px !important;}&#8221; el_class=&#8221;portfolio-objects-container&#8221;][vc_column width=&#8221;1\/3&#8243; el_class=&#8221;portfolio-object&#8221;][vc_single_image image=&#8221;2101&#8243; img_size=&#8221;full&#8221; el_class=&#8221;portfolio-object-image&#8221;][vc_column_text el_class=&#8221;portfolio-object-text&#8221;]\n<h3><\/h3>\n<p>Pituus: 20m \/ leveys 10m. Pinta-ala 200m2[\/vc_column_text][\/vc_column][vc_column width=&#8221;1\/3&#8243; el_class=&#8221;portfolio-object&#8221;][vc_single_image image=&#8221;1559&#8243; img_size=&#8221;full&#8221; el_class=&#8221;portfolio-object-image&#8221;][vc_column_text el_class=&#8221;portfolio-object-text&#8221;]\n<h3><\/h3>\n<p>Pituus: 24m \/ leveys 12m. Pinta-ala 288m2 FIN[\/vc_column_text][\/vc_column][vc_column width=&#8221;1\/3&#8243; el_class=&#8221;portfolio-object&#8221;][vc_single_image image=&#8221;2028&#8243; img_size=&#8221;full&#8221; el_class=&#8221;portfolio-object-image&#8221;][vc_column_text el_class=&#8221;portfolio-object-text&#8221;]\n<h3><\/h3>\n<p>Pituus: 20m \/ leveys 8m. Pinta-ala 160m2[\/vc_column_text][\/vc_column][\/vc_row][vc_row css=&#8221;.vc_custom_1620035809747{margin-bottom: 20px !important;}&#8221; el_class=&#8221;portfolio-objects-container&#8221;][vc_column width=&#8221;1\/3&#8243; el_class=&#8221;portfolio-object&#8221;][vc_single_image image=&#8221;2043&#8243; img_size=&#8221;full&#8221; el_class=&#8221;portfolio-object-image&#8221;][vc_column_text el_class=&#8221;portfolio-object-text&#8221;]\n<h3><\/h3>\n<p>Pituus: 36m \/ leveys 15m. Pinta-ala 540m2[\/vc_column_text][\/vc_column][vc_column width=&#8221;1\/3&#8243; el_class=&#8221;portfolio-object&#8221;][vc_single_image image=&#8221;1559&#8243; img_size=&#8221;full&#8221; el_class=&#8221;portfolio-object-image&#8221;][vc_column_text el_class=&#8221;portfolio-object-text&#8221;]\n<h3><\/h3>\n<p>Pituus: 24m \/ leveys 12m. Pinta-ala 288m2[\/vc_column_text][\/vc_column][vc_column width=&#8221;1\/3&#8243; el_class=&#8221;portfolio-object&#8221;][vc_single_image image=&#8221;2053&#8243; img_size=&#8221;full&#8221; el_class=&#8221;portfolio-object-image&#8221;][vc_column_text el_class=&#8221;portfolio-object-text&#8221;]\n<h3><\/h3>\n<p>Pituus: 20m \/ leveys 10m. Pinta-ala 200m2[\/vc_column_text][\/vc_column][\/vc_row]\n<\/div>","protected":false},"excerpt":{"rendered":"<p>[vc_row el_class=&#8221;pealkir&#8221;][vc_column][vc_custom_heading text=&#8221;Portfoolio&#8221; font_container=&#8221;tag:h1|font_size:33px|text_align:center|color:%23ffffff|line_height:35px&#8221; use_theme_fonts=&#8221;yes&#8221;][\/vc_column][\/vc_row][vc_row css=&#8221;.vc_custom_1620035809747{margin-bottom: 20px !important;}&#8221; el_class=&#8221;portfolio-objects-container&#8221;][vc_column width=&#8221;1\/3&#8243; el_class=&#8221;portfolio-object&#8221;][vc_single_image image=&#8221;2266&#8243; img_size=&#8221;full&#8221; el_class=&#8221;portfolio-object-image&#8221;][vc_column_text el_class=&#8221;portfolio-object-text&#8221;] Pituus: 60m \/ leveys 30m. Pinta-ala 1800m2[\/vc_column_text][\/vc_column][vc_column width=&#8221;1\/3&#8243; el_class=&#8221;portfolio-object&#8221;][vc_single_image image=&#8221;2281&#8243; img_size=&#8221;full&#8221; el_class=&#8221;portfolio-object-image&#8221;][vc_column_text el_class=&#8221;portfolio-object-text&#8221;] Pituus: 42m \/ leveys 22m. Pinta-ala 924m2[\/vc_column_text][\/vc_column][vc_column width=&#8221;1\/3&#8243; el_class=&#8221;portfolio-object&#8221;][vc_single_image image=&#8221;2261&#8243; img_size=&#8221;full&#8221; el_class=&#8221;portfolio-object-image&#8221;][vc_column_text el_class=&#8221;portfolio-object-text&#8221;] Pituus: 60m \/ leveys 22m. Pinta-ala 1320m2[\/vc_column_text][\/vc_column][\/vc_row][vc_row css=&#8221;.vc_custom_1620035809747{margin-bottom: 20px !important;}&#8221; el_class=&#8221;portfolio-objects-container&#8221;][vc_column width=&#8221;1\/3&#8243; el_class=&#8221;portfolio-object&#8221;][vc_single_image image=&#8221;2079&#8243;&#8230;<\/p>\n","protected":false},"author":1,"featured_media":0,"parent":0,"menu_order":0,"comment_status":"closed","ping_status":"closed","template":"page-full.php","meta":{"_acf_changed":false,"footnotes":""},"class_list":["post-2140","page","type-page","status-publish","hentry"],"acf":[],"yoast_head":"<!-- This site is optimized with the Yoast SEO plugin v25.6 - https:\/\/yoast.com\/wordpress\/plugins\/seo\/ -->\n<title>Portfoolio | PVC Hallid | PVC hallide hinnad | PVC hallide m\u00fc\u00fck<\/title>\n<meta name=\"description\" content=\"PVC hallide m\u00fc\u00fck ja PVC hallide hinnad - meie lehelt saad k\u00f5ik vajaliku t\u00e4pselt teada. Vaata edasi siit\" \/>\n<meta name=\"robots\" content=\"index, follow, max-snippet:-1, max-image-preview:large, max-video-preview:-1\" \/>\n<link rel=\"canonical\" href=\"https:\/\/www.pvchall.eu\/fi\/portfoolio\/\" \/>\n<meta property=\"og:locale\" content=\"fi_FI\" \/>\n<meta property=\"og:type\" content=\"article\" \/>\n<meta property=\"og:title\" content=\"Portfoolio | PVC Hallid | PVC hallide hinnad | PVC hallide m\u00fc\u00fck\" \/>\n<meta property=\"og:description\" content=\"PVC hallide m\u00fc\u00fck ja PVC hallide hinnad - meie lehelt saad k\u00f5ik vajaliku t\u00e4pselt teada. Vaata edasi siit\" \/>\n<meta property=\"og:url\" content=\"https:\/\/www.pvchall.eu\/fi\/portfoolio\/\" \/>\n<meta property=\"og:site_name\" content=\"PVC Hallid | PVC hallide hinnad | PVC hallide m\u00fc\u00fck\" \/>\n<meta property=\"article:modified_time\" content=\"2023-04-13T04:27:10+00:00\" \/>\n<meta name=\"twitter:card\" content=\"summary_large_image\" \/>\n<meta name=\"twitter:label1\" content=\"Arvioitu lukuaika\" \/>\n\t<meta name=\"twitter:data1\" content=\"2 minuuttia\" \/>\n<script type=\"application\/ld+json\" class=\"yoast-schema-graph\">{\"@context\":\"https:\/\/schema.org\",\"@graph\":[{\"@type\":\"WebPage\",\"@id\":\"https:\/\/www.pvchall.eu\/fi\/portfoolio\/\",\"url\":\"https:\/\/www.pvchall.eu\/fi\/portfoolio\/\",\"name\":\"Portfoolio | PVC Hallid | PVC hallide hinnad | PVC hallide m\u00fc\u00fck\",\"isPartOf\":{\"@id\":\"https:\/\/www.pvchall.eu\/#website\"},\"datePublished\":\"2021-05-03T10:10:33+00:00\",\"dateModified\":\"2023-04-13T04:27:10+00:00\",\"description\":\"PVC hallide m\u00fc\u00fck ja PVC hallide hinnad - meie lehelt saad k\u00f5ik vajaliku t\u00e4pselt teada. Vaata edasi siit\",\"breadcrumb\":{\"@id\":\"https:\/\/www.pvchall.eu\/fi\/portfoolio\/#breadcrumb\"},\"inLanguage\":\"fi\",\"potentialAction\":[{\"@type\":\"ReadAction\",\"target\":[\"https:\/\/www.pvchall.eu\/fi\/portfoolio\/\"]}]},{\"@type\":\"BreadcrumbList\",\"@id\":\"https:\/\/www.pvchall.eu\/fi\/portfoolio\/#breadcrumb\",\"itemListElement\":[{\"@type\":\"ListItem\",\"position\":1,\"name\":\"Home\",\"item\":\"https:\/\/www.pvchall.eu\/fi\/\"},{\"@type\":\"ListItem\",\"position\":2,\"name\":\"Portfoolio\"}]},{\"@type\":\"WebSite\",\"@id\":\"https:\/\/www.pvchall.eu\/#website\",\"url\":\"https:\/\/www.pvchall.eu\/\",\"name\":\"PVC Hallid | PVC hallide hinnad | PVC hallide m\u00fc\u00fck\",\"description\":\"PVC Hallid otse tootjalt | PVC hallide hinnad | PVC hallide m\u00fc\u00fck\",\"potentialAction\":[{\"@type\":\"SearchAction\",\"target\":{\"@type\":\"EntryPoint\",\"urlTemplate\":\"https:\/\/www.pvchall.eu\/?s={search_term_string}\"},\"query-input\":{\"@type\":\"PropertyValueSpecification\",\"valueRequired\":true,\"valueName\":\"search_term_string\"}}],\"inLanguage\":\"fi\"}]}<\/script>\n<!-- \/ Yoast SEO plugin. -->","yoast_head_json":{"title":"Portfoolio | PVC Hallid | PVC hallide hinnad | PVC hallide m\u00fc\u00fck","description":"PVC hallide m\u00fc\u00fck ja PVC hallide hinnad - meie lehelt saad k\u00f5ik vajaliku t\u00e4pselt teada. Vaata edasi siit","robots":{"index":"index","follow":"follow","max-snippet":"max-snippet:-1","max-image-preview":"max-image-preview:large","max-video-preview":"max-video-preview:-1"},"canonical":"https:\/\/www.pvchall.eu\/fi\/portfoolio\/","og_locale":"fi_FI","og_type":"article","og_title":"Portfoolio | PVC Hallid | PVC hallide hinnad | PVC hallide m\u00fc\u00fck","og_description":"PVC hallide m\u00fc\u00fck ja PVC hallide hinnad - meie lehelt saad k\u00f5ik vajaliku t\u00e4pselt teada. Vaata edasi siit","og_url":"https:\/\/www.pvchall.eu\/fi\/portfoolio\/","og_site_name":"PVC Hallid | PVC hallide hinnad | PVC hallide m\u00fc\u00fck","article_modified_time":"2023-04-13T04:27:10+00:00","twitter_card":"summary_large_image","twitter_misc":{"Arvioitu lukuaika":"2 minuuttia"},"schema":{"@context":"https:\/\/schema.org","@graph":[{"@type":"WebPage","@id":"https:\/\/www.pvchall.eu\/fi\/portfoolio\/","url":"https:\/\/www.pvchall.eu\/fi\/portfoolio\/","name":"Portfoolio | PVC Hallid | PVC hallide hinnad | PVC hallide m\u00fc\u00fck","isPartOf":{"@id":"https:\/\/www.pvchall.eu\/#website"},"datePublished":"2021-05-03T10:10:33+00:00","dateModified":"2023-04-13T04:27:10+00:00","description":"PVC hallide m\u00fc\u00fck ja PVC hallide hinnad - meie lehelt saad k\u00f5ik vajaliku t\u00e4pselt teada. Vaata edasi siit","breadcrumb":{"@id":"https:\/\/www.pvchall.eu\/fi\/portfoolio\/#breadcrumb"},"inLanguage":"fi","potentialAction":[{"@type":"ReadAction","target":["https:\/\/www.pvchall.eu\/fi\/portfoolio\/"]}]},{"@type":"BreadcrumbList","@id":"https:\/\/www.pvchall.eu\/fi\/portfoolio\/#breadcrumb","itemListElement":[{"@type":"ListItem","position":1,"name":"Home","item":"https:\/\/www.pvchall.eu\/fi\/"},{"@type":"ListItem","position":2,"name":"Portfoolio"}]},{"@type":"WebSite","@id":"https:\/\/www.pvchall.eu\/#website","url":"https:\/\/www.pvchall.eu\/","name":"PVC Hallid | PVC hallide hinnad | PVC hallide m\u00fc\u00fck","description":"PVC Hallid otse tootjalt | PVC hallide hinnad | PVC hallide m\u00fc\u00fck","potentialAction":[{"@type":"SearchAction","target":{"@type":"EntryPoint","urlTemplate":"https:\/\/www.pvchall.eu\/?s={search_term_string}"},"query-input":{"@type":"PropertyValueSpecification","valueRequired":true,"valueName":"search_term_string"}}],"inLanguage":"fi"}]}},"_links":{"self":[{"href":"https:\/\/www.pvchall.eu\/fi\/wp-json\/wp\/v2\/pages\/2140","targetHints":{"allow":["GET"]}}],"collection":[{"href":"https:\/\/www.pvchall.eu\/fi\/wp-json\/wp\/v2\/pages"}],"about":[{"href":"https:\/\/www.pvchall.eu\/fi\/wp-json\/wp\/v2\/types\/page"}],"author":[{"embeddable":true,"href":"https:\/\/www.pvchall.eu\/fi\/wp-json\/wp\/v2\/users\/1"}],"replies":[{"embeddable":true,"href":"https:\/\/www.pvchall.eu\/fi\/wp-json\/wp\/v2\/comments?post=2140"}],"version-history":[{"count":5,"href":"https:\/\/www.pvchall.eu\/fi\/wp-json\/wp\/v2\/pages\/2140\/revisions"}],"predecessor-version":[{"id":2339,"href":"https:\/\/www.pvchall.eu\/fi\/wp-json\/wp\/v2\/pages\/2140\/revisions\/2339"}],"wp:attachment":[{"href":"https:\/\/www.pvchall.eu\/fi\/wp-json\/wp\/v2\/media?parent=2140"}],"curies":[{"name":"wp","href":"https:\/\/api.w.org\/{rel}","templated":true}]}}