{"id":407,"date":"2017-05-16T14:25:43","date_gmt":"2017-05-16T11:25:43","guid":{"rendered":"https:\/\/www.pvchall.eu\/?page_id=407\/"},"modified":"2021-05-19T06:55:19","modified_gmt":"2021-05-19T03:55:19","slug":"avaleht","status":"publish","type":"page","link":"https:\/\/www.pvchall.eu\/fi\/","title":{"rendered":"Etusivu"},"content":{"rendered":"<div class=\"wpb-content-wrapper\">[vc_row][vc_column][rev_slider_vc alias=&#8221;esileht_soome&#8221;][\/vc_column][\/vc_row][vc_row css=&#8221;.vc_custom_1493297780903{margin-top: 70px !important;}&#8221; el_class=&#8221;tooted&#8221;][vc_column width=&#8221;1\/3&#8243; css=&#8221;.vc_custom_1493297557959{margin-bottom: 70px !important;}&#8221;][vc_single_image image=&#8221;1693&#8243; img_size=&#8221;full&#8221; alignment=&#8221;center&#8221; onclick=&#8221;custom_link&#8221; css=&#8221;.vc_custom_1621396166907{margin-bottom: 20px !important;}&#8221; link=&#8221;https:\/\/www.pvchall.eu\/fi\/tuotteet\/&#8221;][vc_custom_heading text=&#8221;PVC HALLIT&#8221; font_container=&#8221;tag:h2|font_size:20px|text_align:center|color:%23384059|line_height:22px&#8221; use_theme_fonts=&#8221;yes&#8221; link=&#8221;url:https%3A%2F%2Fwww.pvchall.eu%2Ffi%2Ftuotteet%2F|||&#8221;][vc_column_text]\n<p style=\"text-align: center;\">Valmistamme erilaisia PVC-halleja. Valitse itsellesi sopiva ja pyyd\u00e4 tarjous!<\/p>\n[\/vc_column_text][\/vc_column][vc_column width=&#8221;1\/3&#8243; css=&#8221;.vc_custom_1493297563551{margin-bottom: 70px !important;}&#8221;][vc_single_image image=&#8221;1016&#8243; img_size=&#8221;full&#8221; alignment=&#8221;center&#8221; onclick=&#8221;custom_link&#8221; css=&#8221;.vc_custom_1524217230690{margin-bottom: 20px !important;}&#8221; link=&#8221;https:\/\/www.pvchall.eu\/fi\/katos\/&#8221;][vc_custom_heading text=&#8221;KATOS&#8221; font_container=&#8221;tag:h2|font_size:20px|text_align:center|color:%23384059|line_height:22px&#8221; use_theme_fonts=&#8221;yes&#8221; link=&#8221;url:https%3A%2F%2Fwww.pvchall.eu%2Ffi%2Fkatos%2F|||&#8221;][vc_column_text]\n<p style=\"text-align: center;\">Tuotevalikoimastamme l\u00f6yd\u00e4t erilasisia puutavarahallea. Katso t\u00e4st\u00e4 lis\u00e4\u00e4!<\/p>\n[\/vc_column_text][\/vc_column][vc_column width=&#8221;1\/3&#8243; css=&#8221;.vc_custom_1493297569159{margin-bottom: 70px !important;}&#8221;][vc_single_image image=&#8221;1652&#8243; img_size=&#8221;full&#8221; alignment=&#8221;center&#8221; onclick=&#8221;custom_link&#8221; css=&#8221;.vc_custom_1621396212124{margin-bottom: 20px !important;}&#8221; link=&#8221;https:\/\/www.pvchall.eu\/fi\/kaarihalli\/&#8221;][vc_custom_heading text=&#8221;KAARIHALLI&#8221; font_container=&#8221;tag:h2|font_size:20px|text_align:center|color:%23384059|line_height:22px&#8221; use_theme_fonts=&#8221;yes&#8221; link=&#8221;url:https%3A%2F%2Fwww.pvchall.eu%2Ffi%2Fkaarihalli%2F|||&#8221;][vc_column_text]\n<p style=\"text-align: center;\">Tarkemmat tiedot t\u00e4st\u00e4!<\/p>\n[\/vc_column_text][\/vc_column][\/vc_row][vc_row][vc_column][ctitle title=&#8221;TUOTTEET&#8221; color=&#8221;#384059&#8243; background=&#8221;#ffffff&#8221; font_size=&#8221;25&#8243; font_weight=&#8221;600&#8243; separator_color=&#8221;#e6e6e6&#8243; el_class=&#8221;pealk&#8221;][\/vc_column][\/vc_row][vc_row][vc_column width=&#8221;1\/2&#8243; el_class=&#8221;toode vasak&#8221;][vc_row_inner][vc_column_inner width=&#8221;1\/2&#8243;][vc_single_image image=&#8221;2071&#8243; img_size=&#8221;full&#8221; alignment=&#8221;center&#8221;][\/vc_column_inner][vc_column_inner width=&#8221;1\/2&#8243;][vc_custom_heading text=&#8221;PVC-hallit leveydelt\u00e4\u00e4n 10m&#8221; font_container=&#8221;tag:h3|font_size:20px|text_align:left|color:%23384059|line_height:22px&#8221; use_theme_fonts=&#8221;yes&#8221; link=&#8221;url:https%3A%2F%2Fwww.pvchall.eu%2Ffi%2Ftuote%2Fpvc-hallit-leveydeltaan-10m%2F|||&#8221;][vc_column_text]\n<ul>\n<li>Nopea asennus<\/li>\n<li>Edullinen PVC- hallin hinta<\/li>\n<li>Tarvittaessa siirrett\u00e4viss\u00e4<\/li>\n<li>Katto l\u00e4p\u00e4isee valoa, ei tarvita lis\u00e4valaistusta<\/li>\n<li>Huoltokuluja ei k\u00e4yt\u00e4nn\u00f6ss\u00e4 ole<\/li>\n<li>PVC-pinta kest\u00e4\u00e4 yli 30 vuotta<\/li>\n<\/ul>\n[\/vc_column_text][\/vc_column_inner][\/vc_row_inner][vc_column_text el_class=&#8221;loe_tooteinfot&#8221;]<a href=\"https:\/\/www.pvchall.eu\/fi\/tuote\/pvc-hallit-leveydeltaan-10m\/\">LUE LIS\u00c4\u00c4<\/a>[\/vc_column_text][\/vc_column][vc_column width=&#8221;1\/2&#8243; el_class=&#8221;toode parem&#8221;][vc_row_inner][vc_column_inner width=&#8221;1\/2&#8243;][vc_single_image image=&#8221;2071&#8243; img_size=&#8221;full&#8221; alignment=&#8221;center&#8221;][\/vc_column_inner][vc_column_inner width=&#8221;1\/2&#8243;][vc_custom_heading text=&#8221;PVC-hallit leveydelt\u00e4\u00e4n 15m&#8221; font_container=&#8221;tag:h3|font_size:20px|text_align:left|color:%23384059|line_height:22px&#8221; use_theme_fonts=&#8221;yes&#8221; link=&#8221;url:https%3A%2F%2Fwww.pvchall.eu%2Ffi%2Ftuote%2Fpvc-hallit-leveydeltaan-15m%2F|||&#8221;][vc_column_text]\n<ul>\n<li>Nopea asennus<\/li>\n<li>Edullinen PVC- hallin hinta<\/li>\n<li>Tarvittaessa siirrett\u00e4viss\u00e4<\/li>\n<li>Katto l\u00e4p\u00e4isee valoa, ei tarvita lis\u00e4valaistusta<\/li>\n<li>Huoltokuluja ei k\u00e4yt\u00e4nn\u00f6ss\u00e4 ole<\/li>\n<li>PVC-pinta kest\u00e4\u00e4 yli 30 vuotta<\/li>\n<\/ul>\n[\/vc_column_text][\/vc_column_inner][\/vc_row_inner][vc_column_text el_class=&#8221;loe_tooteinfot&#8221;]<a href=\"https:\/\/www.pvchall.eu\/fi\/tuote\/pvc-hallit-leveydeltaan-15m\/\">LUE LIS\u00c4\u00c4<\/a>[\/vc_column_text][\/vc_column][\/vc_row][vc_row][vc_column width=&#8221;1\/2&#8243; el_class=&#8221;toode vasak&#8221;][vc_row_inner][vc_column_inner width=&#8221;1\/2&#8243;][vc_single_image image=&#8221;2081&#8243; img_size=&#8221;full&#8221; alignment=&#8221;center&#8221;][\/vc_column_inner][vc_column_inner width=&#8221;1\/2&#8243;][vc_custom_heading text=&#8221;PVC-hallit leveydelt\u00e4\u00e4n 20m&#8221; font_container=&#8221;tag:h3|font_size:20px|text_align:left|color:%23384059|line_height:22px&#8221; use_theme_fonts=&#8221;yes&#8221; link=&#8221;url:https%3A%2F%2Fwww.pvchall.eu%2Ffi%2Ftuote%2Fpvc-hallit-leveydeltaan-20m%2F|||&#8221;][vc_column_text]\n<ul>\n<li>Nopea asennus<\/li>\n<li>Edullinen PVC- hallin hinta<\/li>\n<li>Tarvittaessa siirrett\u00e4viss\u00e4<\/li>\n<li>Katto l\u00e4p\u00e4isee valoa, ei tarvita lis\u00e4valaistusta<\/li>\n<li>Huoltokuluja ei k\u00e4yt\u00e4nn\u00f6ss\u00e4 ole<\/li>\n<li>PVC-pinta kest\u00e4\u00e4 yli 30 vuotta<\/li>\n<\/ul>\n[\/vc_column_text][\/vc_column_inner][\/vc_row_inner][vc_column_text el_class=&#8221;loe_tooteinfot&#8221;]<a href=\"https:\/\/www.pvchall.eu\/fi\/tuote\/pvc-hallit-leveydeltaan-20m\/\">LUE LIS\u00c4\u00c4<\/a>[\/vc_column_text][\/vc_column][vc_column width=&#8221;1\/2&#8243; el_class=&#8221;toode parem&#8221;][vc_row_inner][vc_column_inner width=&#8221;1\/2&#8243;][vc_single_image image=&#8221;1392&#8243; img_size=&#8221;full&#8221; alignment=&#8221;center&#8221;][\/vc_column_inner][vc_column_inner width=&#8221;1\/2&#8243;][vc_custom_heading text=&#8221;PVC-hallit leveydelt\u00e4\u00e4n 25m&#8221; font_container=&#8221;tag:h3|font_size:20px|text_align:left|color:%23384059|line_height:22px&#8221; use_theme_fonts=&#8221;yes&#8221; link=&#8221;url:https%3A%2F%2Fwww.pvchall.eu%2Ffi%2Ftuote%2Fpvc-hallit-leveydeltaan-25m%2F|||&#8221;][vc_column_text]\n<ul>\n<li>Nopea asennus<\/li>\n<li>Edullinen PVC- hallin hinta<\/li>\n<li>Tarvittaessa siirrett\u00e4viss\u00e4<\/li>\n<li>Katto l\u00e4p\u00e4isee valoa, ei tarvita lis\u00e4valaistusta<\/li>\n<li>Huoltokuluja ei k\u00e4yt\u00e4nn\u00f6ss\u00e4 ole<\/li>\n<li>PVC-pinta kest\u00e4\u00e4 yli 30 vuotta<\/li>\n<\/ul>\n[\/vc_column_text][\/vc_column_inner][\/vc_row_inner][vc_column_text el_class=&#8221;loe_tooteinfot&#8221;]<a href=\"https:\/\/www.pvchall.eu\/fi\/tuote\/pvc-hallit-leveydeltaan-25m\/\">LUE LIS\u00c4\u00c4<\/a>[\/vc_column_text][\/vc_column][\/vc_row][vc_row][vc_column width=&#8221;1\/2&#8243; el_class=&#8221;toode vasak&#8221;][vc_row_inner][vc_column_inner width=&#8221;1\/2&#8243;][vc_single_image image=&#8221;1571&#8243; img_size=&#8221;full&#8221; alignment=&#8221;center&#8221;][\/vc_column_inner][vc_column_inner width=&#8221;1\/2&#8243;][vc_custom_heading text=&#8221;PVC-hallit leveydelt\u00e4\u00e4n 30m&#8221; font_container=&#8221;tag:h3|font_size:20px|text_align:left|color:%23384059|line_height:22px&#8221; use_theme_fonts=&#8221;yes&#8221; link=&#8221;url:https%3A%2F%2Fwww.pvchall.eu%2Ffi%2Ftuote%2Fpvc-hallit-leveydeltaan-30m%2F|||&#8221;][vc_column_text]\n<ul>\n<li>Nopea asennus<\/li>\n<li>Edullinen PVC- hallin hinta<\/li>\n<li>Tarvittaessa siirrett\u00e4viss\u00e4<\/li>\n<li>Katto l\u00e4p\u00e4isee valoa, ei tarvita lis\u00e4valaistusta<\/li>\n<li>Huoltokuluja ei k\u00e4yt\u00e4nn\u00f6ss\u00e4 ole<\/li>\n<li>PVC-pinta kest\u00e4\u00e4 yli 30 vuotta<\/li>\n<\/ul>\n[\/vc_column_text][\/vc_column_inner][\/vc_row_inner][vc_column_text el_class=&#8221;loe_tooteinfot&#8221;]<a href=\"https:\/\/www.pvchall.eu\/fi\/tuote\/pvc-hallit-leveydeltaan-30m\/\">LUE LIS\u00c4\u00c4<\/a>[\/vc_column_text][\/vc_column][vc_column width=&#8221;1\/2&#8243; el_class=&#8221;toode parem&#8221;][vc_row_inner][vc_column_inner width=&#8221;1\/2&#8243;][vc_single_image image=&#8221;1581&#8243; img_size=&#8221;full&#8221; alignment=&#8221;center&#8221;][\/vc_column_inner][vc_column_inner width=&#8221;1\/2&#8243;][vc_custom_heading text=&#8221;PVC-hallit leveydelt\u00e4\u00e4n 35m&#8221; font_container=&#8221;tag:h3|font_size:20px|text_align:left|color:%23384059|line_height:22px&#8221; use_theme_fonts=&#8221;yes&#8221; link=&#8221;url:https%3A%2F%2Fwww.pvchall.eu%2Ffi%2Ftuote%2Fpvc-hallit-leveydeltaan-35m%2F|||&#8221;][vc_column_text]\n<ul>\n<li>Nopea asennus<\/li>\n<li>Edullinen PVC- hallin hinta<\/li>\n<li>Tarvittaessa siirrett\u00e4viss\u00e4<\/li>\n<li>Katto l\u00e4p\u00e4isee valoa, ei tarvita lis\u00e4valaistusta<\/li>\n<li>Huoltokuluja ei k\u00e4yt\u00e4nn\u00f6ss\u00e4 ole<\/li>\n<li>PVC-pinta kest\u00e4\u00e4 yli 30 vuotta<\/li>\n<\/ul>\n[\/vc_column_text][\/vc_column_inner][\/vc_row_inner][vc_column_text el_class=&#8221;loe_tooteinfot&#8221;]<a href=\"https:\/\/www.pvchall.eu\/fi\/tuote\/pvc-hallit-leveydeltaan-35m\/\">LUE LIS\u00c4\u00c4<\/a>[\/vc_column_text][\/vc_column][\/vc_row][vc_row css=&#8221;.vc_custom_1494330717995{margin-top: 20px !important;}&#8221;][vc_column][ctitle title=&#8221;KATSO KAIKKI TUOTTEET T\u00c4ST\u00c4&#8221; href=&#8221;https:\/\/www.pvchall.eu\/fi\/tuotteet\/&#8221; color=&#8221;#384059&#8243; background=&#8221;#ffffff&#8221; font_size=&#8221;20&#8243; font_weight=&#8221;600&#8243; separator_color=&#8221;#e6e6e6&#8243; el_class=&#8221;pealk&#8221;][\/vc_column][\/vc_row][vc_row css=&#8221;.vc_custom_1494330858034{background-color: #f3f3f3 !important;}&#8221; el_class=&#8221;kasutuselevott&#8221;][vc_column][vc_custom_heading text=&#8221;PVC-HALLIEN K\u00c4YTT\u00d6\u00d6NOTTO ON VIISAS INVESTOINTI &#8221; font_container=&#8221;tag:h4|font_size:25px|text_align:center|color:%23384059|line_height:25px&#8221; use_theme_fonts=&#8221;yes&#8221;][vc_separator_2 color_line=&#8221;#a0a84f&#8221; padding_top=&#8221;15&#8243; padding_bottom=&#8221;15&#8243;][vc_column_text]\n<p style=\"text-align: center;\">Nopea asennus<br \/>\nEdullinen PVC- hallin hinta<br \/>\nTarvittaessa siirrett\u00e4viss\u00e4<br \/>\nKatto l\u00e4p\u00e4isee valoa, ei tarvita lis\u00e4valaistusta<br \/>\nHuoltokuluja ei k\u00e4yt\u00e4nn\u00f6ss\u00e4 ole<br \/>\nPVC-pinta kest\u00e4\u00e4 yli 30 vuotta<\/p>\n[\/vc_column_text][vc_gallery type=&#8221;image_grid&#8221; images=&#8221;192,193,195&#8243; img_size=&#8221;335&#215;250&#8243; onclick=&#8221;img_link_large&#8221; slider_width=&#8221;100%&#8221; el_class=&#8221;galerii-all&#8221;][\/vc_column][\/vc_row]\n<\/div>","protected":false},"excerpt":{"rendered":"<p>[vc_row][vc_column][rev_slider_vc alias=&#8221;esileht_soome&#8221;][\/vc_column][\/vc_row][vc_row css=&#8221;.vc_custom_1493297780903{margin-top: 70px !important;}&#8221; el_class=&#8221;tooted&#8221;][vc_column width=&#8221;1\/3&#8243; css=&#8221;.vc_custom_1493297557959{margin-bottom: 70px !important;}&#8221;][vc_single_image image=&#8221;1693&#8243; img_size=&#8221;full&#8221; alignment=&#8221;center&#8221; onclick=&#8221;custom_link&#8221; css=&#8221;.vc_custom_1621396166907{margin-bottom: 20px !important;}&#8221; link=&#8221;https:\/\/www.pvchall.eu\/fi\/tuotteet\/&#8221;][vc_custom_heading text=&#8221;PVC HALLIT&#8221; font_container=&#8221;tag:h2|font_size:20px|text_align:center|color:%23384059|line_height:22px&#8221; use_theme_fonts=&#8221;yes&#8221; link=&#8221;url:https%3A%2F%2Fwww.pvchall.eu%2Ffi%2Ftuotteet%2F|||&#8221;][vc_column_text] Valmistamme erilaisia PVC-halleja. Valitse itsellesi sopiva ja pyyd\u00e4 tarjous! [\/vc_column_text][\/vc_column][vc_column width=&#8221;1\/3&#8243; css=&#8221;.vc_custom_1493297563551{margin-bottom: 70px !important;}&#8221;][vc_single_image image=&#8221;1016&#8243; img_size=&#8221;full&#8221; alignment=&#8221;center&#8221; onclick=&#8221;custom_link&#8221; css=&#8221;.vc_custom_1524217230690{margin-bottom: 20px !important;}&#8221; link=&#8221;https:\/\/www.pvchall.eu\/fi\/katos\/&#8221;][vc_custom_heading text=&#8221;KATOS&#8221; font_container=&#8221;tag:h2|font_size:20px|text_align:center|color:%23384059|line_height:22px&#8221; use_theme_fonts=&#8221;yes&#8221; link=&#8221;url:https%3A%2F%2Fwww.pvchall.eu%2Ffi%2Fkatos%2F|||&#8221;][vc_column_text] Tuotevalikoimastamme l\u00f6yd\u00e4t erilasisia puutavarahallea. Katso t\u00e4st\u00e4&#8230;<\/p>\n","protected":false},"author":1,"featured_media":0,"parent":0,"menu_order":0,"comment_status":"closed","ping_status":"closed","template":"page-full.php","meta":{"_acf_changed":false,"footnotes":""},"class_list":["post-407","page","type-page","status-publish","hentry"],"acf":[],"yoast_head":"<!-- This site is optimized with the Yoast SEO plugin v25.6 - https:\/\/yoast.com\/wordpress\/plugins\/seo\/ -->\n<title>Etusivu | PVC Hallid | PVC hallide hinnad | PVC hallide m\u00fc\u00fck<\/title>\n<meta name=\"description\" content=\"PVC hallide m\u00fc\u00fck ja PVC hallide hinnad - meie lehelt saad k\u00f5ik vajaliku t\u00e4pselt teada. Vaata edasi siit\" \/>\n<meta name=\"robots\" content=\"index, follow, max-snippet:-1, max-image-preview:large, max-video-preview:-1\" \/>\n<link rel=\"canonical\" href=\"https:\/\/www.pvchall.eu\/fi\/\" \/>\n<meta property=\"og:locale\" content=\"fi_FI\" \/>\n<meta property=\"og:type\" content=\"article\" \/>\n<meta property=\"og:title\" content=\"Etusivu | PVC Hallid | PVC hallide hinnad | PVC hallide m\u00fc\u00fck\" \/>\n<meta property=\"og:description\" content=\"PVC hallide m\u00fc\u00fck ja PVC hallide hinnad - meie lehelt saad k\u00f5ik vajaliku t\u00e4pselt teada. Vaata edasi siit\" \/>\n<meta property=\"og:url\" content=\"https:\/\/www.pvchall.eu\/fi\/\" \/>\n<meta property=\"og:site_name\" content=\"PVC Hallid | PVC hallide hinnad | PVC hallide m\u00fc\u00fck\" \/>\n<meta property=\"article:modified_time\" content=\"2021-05-19T03:55:19+00:00\" \/>\n<meta name=\"twitter:card\" content=\"summary_large_image\" \/>\n<meta name=\"twitter:label1\" content=\"Arvioitu lukuaika\" \/>\n\t<meta name=\"twitter:data1\" content=\"6 minuuttia\" \/>\n<script type=\"application\/ld+json\" class=\"yoast-schema-graph\">{\"@context\":\"https:\/\/schema.org\",\"@graph\":[{\"@type\":\"WebPage\",\"@id\":\"https:\/\/www.pvchall.eu\/fi\/\",\"url\":\"https:\/\/www.pvchall.eu\/fi\/\",\"name\":\"Etusivu | PVC Hallid | PVC hallide hinnad | PVC hallide m\u00fc\u00fck\",\"isPartOf\":{\"@id\":\"https:\/\/www.pvchall.eu\/#website\"},\"datePublished\":\"2017-05-16T11:25:43+00:00\",\"dateModified\":\"2021-05-19T03:55:19+00:00\",\"description\":\"PVC hallide m\u00fc\u00fck ja PVC hallide hinnad - meie lehelt saad k\u00f5ik vajaliku t\u00e4pselt teada. Vaata edasi siit\",\"breadcrumb\":{\"@id\":\"https:\/\/www.pvchall.eu\/fi\/#breadcrumb\"},\"inLanguage\":\"fi\",\"potentialAction\":[{\"@type\":\"ReadAction\",\"target\":[\"https:\/\/www.pvchall.eu\/fi\/\"]}]},{\"@type\":\"BreadcrumbList\",\"@id\":\"https:\/\/www.pvchall.eu\/fi\/#breadcrumb\",\"itemListElement\":[{\"@type\":\"ListItem\",\"position\":1,\"name\":\"Home\",\"item\":\"https:\/\/www.pvchall.eu\/fi\/\"},{\"@type\":\"ListItem\",\"position\":2,\"name\":\"Etusivu\"}]},{\"@type\":\"WebSite\",\"@id\":\"https:\/\/www.pvchall.eu\/#website\",\"url\":\"https:\/\/www.pvchall.eu\/\",\"name\":\"PVC Hallid | PVC hallide hinnad | PVC hallide m\u00fc\u00fck\",\"description\":\"PVC Hallid otse tootjalt | PVC hallide hinnad | PVC hallide m\u00fc\u00fck\",\"potentialAction\":[{\"@type\":\"SearchAction\",\"target\":{\"@type\":\"EntryPoint\",\"urlTemplate\":\"https:\/\/www.pvchall.eu\/?s={search_term_string}\"},\"query-input\":{\"@type\":\"PropertyValueSpecification\",\"valueRequired\":true,\"valueName\":\"search_term_string\"}}],\"inLanguage\":\"fi\"}]}<\/script>\n<!-- \/ Yoast SEO plugin. -->","yoast_head_json":{"title":"Etusivu | PVC Hallid | PVC hallide hinnad | PVC hallide m\u00fc\u00fck","description":"PVC hallide m\u00fc\u00fck ja PVC hallide hinnad - meie lehelt saad k\u00f5ik vajaliku t\u00e4pselt teada. Vaata edasi siit","robots":{"index":"index","follow":"follow","max-snippet":"max-snippet:-1","max-image-preview":"max-image-preview:large","max-video-preview":"max-video-preview:-1"},"canonical":"https:\/\/www.pvchall.eu\/fi\/","og_locale":"fi_FI","og_type":"article","og_title":"Etusivu | PVC Hallid | PVC hallide hinnad | PVC hallide m\u00fc\u00fck","og_description":"PVC hallide m\u00fc\u00fck ja PVC hallide hinnad - meie lehelt saad k\u00f5ik vajaliku t\u00e4pselt teada. Vaata edasi siit","og_url":"https:\/\/www.pvchall.eu\/fi\/","og_site_name":"PVC Hallid | PVC hallide hinnad | PVC hallide m\u00fc\u00fck","article_modified_time":"2021-05-19T03:55:19+00:00","twitter_card":"summary_large_image","twitter_misc":{"Arvioitu lukuaika":"6 minuuttia"},"schema":{"@context":"https:\/\/schema.org","@graph":[{"@type":"WebPage","@id":"https:\/\/www.pvchall.eu\/fi\/","url":"https:\/\/www.pvchall.eu\/fi\/","name":"Etusivu | PVC Hallid | PVC hallide hinnad | PVC hallide m\u00fc\u00fck","isPartOf":{"@id":"https:\/\/www.pvchall.eu\/#website"},"datePublished":"2017-05-16T11:25:43+00:00","dateModified":"2021-05-19T03:55:19+00:00","description":"PVC hallide m\u00fc\u00fck ja PVC hallide hinnad - meie lehelt saad k\u00f5ik vajaliku t\u00e4pselt teada. Vaata edasi siit","breadcrumb":{"@id":"https:\/\/www.pvchall.eu\/fi\/#breadcrumb"},"inLanguage":"fi","potentialAction":[{"@type":"ReadAction","target":["https:\/\/www.pvchall.eu\/fi\/"]}]},{"@type":"BreadcrumbList","@id":"https:\/\/www.pvchall.eu\/fi\/#breadcrumb","itemListElement":[{"@type":"ListItem","position":1,"name":"Home","item":"https:\/\/www.pvchall.eu\/fi\/"},{"@type":"ListItem","position":2,"name":"Etusivu"}]},{"@type":"WebSite","@id":"https:\/\/www.pvchall.eu\/#website","url":"https:\/\/www.pvchall.eu\/","name":"PVC Hallid | PVC hallide hinnad | PVC hallide m\u00fc\u00fck","description":"PVC Hallid otse tootjalt | PVC hallide hinnad | PVC hallide m\u00fc\u00fck","potentialAction":[{"@type":"SearchAction","target":{"@type":"EntryPoint","urlTemplate":"https:\/\/www.pvchall.eu\/?s={search_term_string}"},"query-input":{"@type":"PropertyValueSpecification","valueRequired":true,"valueName":"search_term_string"}}],"inLanguage":"fi"}]}},"_links":{"self":[{"href":"https:\/\/www.pvchall.eu\/fi\/wp-json\/wp\/v2\/pages\/407","targetHints":{"allow":["GET"]}}],"collection":[{"href":"https:\/\/www.pvchall.eu\/fi\/wp-json\/wp\/v2\/pages"}],"about":[{"href":"https:\/\/www.pvchall.eu\/fi\/wp-json\/wp\/v2\/types\/page"}],"author":[{"embeddable":true,"href":"https:\/\/www.pvchall.eu\/fi\/wp-json\/wp\/v2\/users\/1"}],"replies":[{"embeddable":true,"href":"https:\/\/www.pvchall.eu\/fi\/wp-json\/wp\/v2\/comments?post=407"}],"version-history":[{"count":24,"href":"https:\/\/www.pvchall.eu\/fi\/wp-json\/wp\/v2\/pages\/407\/revisions"}],"predecessor-version":[{"id":2163,"href":"https:\/\/www.pvchall.eu\/fi\/wp-json\/wp\/v2\/pages\/407\/revisions\/2163"}],"wp:attachment":[{"href":"https:\/\/www.pvchall.eu\/fi\/wp-json\/wp\/v2\/media?parent=407"}],"curies":[{"name":"wp","href":"https:\/\/api.w.org\/{rel}","templated":true}]}}