{"id":1204,"date":"2018-04-20T12:49:51","date_gmt":"2018-04-20T09:49:51","guid":{"rendered":"https:\/\/www.pvchall.eu\/?page_id=1204"},"modified":"2020-06-14T14:11:03","modified_gmt":"2020-06-14T11:11:03","slug":"%d0%b0%d1%80%d0%be%d1%87%d0%bd%d1%8b%d0%b9-%d1%85%d0%be%d0%bb%d0%bb","status":"publish","type":"page","link":"https:\/\/www.pvchall.eu\/ru\/%d0%b0%d1%80%d0%be%d1%87%d0%bd%d1%8b%d0%b9-%d1%85%d0%be%d0%bb%d0%bb\/","title":{"rendered":"\u0410\u0440\u043e\u0447\u043d\u044b\u0439 \u0445\u043e\u043b\u043b"},"content":{"rendered":"<div class=\"wpb-content-wrapper\">[vc_row el_class=&#187;pealkir&#187;][vc_column][vc_custom_heading text=&#187;\u0410\u0440\u043e\u0447\u043d\u044b\u0439 \u0445\u043e\u043b\u043b&#187; font_container=&#187;tag:h1|font_size:33px|text_align:center|color:%23ffffff|line_height:35px&#187; use_theme_fonts=&#187;yes&#187;][\/vc_column][\/vc_row][vc_row][vc_column][vc_widget_sidebar sidebar_id=&#187;sidebar-kuppel-menu&#187; el_class=&#187;menuuu&#187;][\/vc_column][\/vc_row][vc_row][vc_column width=&#187;1\/3&#8243;][vc_column_text]<img decoding=\"async\" class=\"size-medium wp-image-1078 aligncenter lazyload\" data-src=\"https:\/\/www.pvchall.eu\/wp-content\/uploads\/2018\/04\/h9-cut-red-228x128.jpg\" alt=\"\" width=\"228\" height=\"128\" data-srcset=\"https:\/\/www.pvchall.eu\/wp-content\/uploads\/2018\/04\/h9-cut-red-228x128.jpg 228w, https:\/\/www.pvchall.eu\/wp-content\/uploads\/2018\/04\/h9-cut-red-600x338.jpg 600w, https:\/\/www.pvchall.eu\/wp-content\/uploads\/2018\/04\/h9-cut-red-768x432.jpg 768w, https:\/\/www.pvchall.eu\/wp-content\/uploads\/2018\/04\/h9-cut-red-1024x576.jpg 1024w\" data-sizes=\"(max-width: 228px) 100vw, 228px\" src=\"data:image\/svg+xml;base64,PHN2ZyB3aWR0aD0iMSIgaGVpZ2h0PSIxIiB4bWxucz0iaHR0cDovL3d3dy53My5vcmcvMjAwMC9zdmciPjwvc3ZnPg==\" style=\"--smush-placeholder-width: 228px; --smush-placeholder-aspect-ratio: 228\/128;\" \/><\/p>\n<p><strong>\u041c\u041e\u0414\u0415\u041b\u042c: <\/strong><strong>KH<\/strong><strong> 9<\/strong><\/p>\n<p>\u041c\u043e\u0431\u0438\u043b\u044c\u043d\u044b\u0439 \u043b\u0435\u0433\u043a\u0438\u0439 \u0445\u043e\u043b\u043b \u0441 \u041f\u0412\u0425 \u043f\u043e\u043a\u0440\u044b\u0442\u0438\u0435\u043c \u0438 \u0440\u0430\u043c\u043e\u0439 \u0438\u0437 \u043a\u0440\u0443\u0433\u043b\u043e\u0439 \u0442\u0440\u0443\u0431\u044b. \u041b\u0435\u0433\u043a\u043e \u0443\u0441\u0442\u0430\u043d\u0430\u0432\u043b\u0438\u0432\u0430\u0442\u044c, \u043b\u0435\u0433\u043a\u043e \u043f\u0435\u0440\u0435\u043c\u0435\u0449\u0430\u0442\u044c.<\/p>\n<p>\u0423\u0447\u0442\u0435\u043d\u044b \u0434\u0435\u0439\u0441\u0442\u0432\u0443\u044e\u0449\u0438\u0435 \u0441\u043d\u0435\u0433\u043e\u0432\u044b\u0435 \u0438 \u0432\u0435\u0442\u0440\u043e\u0432\u044b\u0435 \u043d\u0430\u0433\u0440\u0443\u0437\u043a\u0438 \u043f\u043e \u043f\u0430\u0440\u0430\u043c\u0435\u0442\u0440\u0430\u043c \u0415\u04213.<\/p>\n<p><strong>\u0420\u0410\u0417\u041c\u0415\u0420\u042b:<\/strong><\/p>\n<p>\u0428\u0438\u0440\u0438\u043d\u0430 <strong>9 \u043c<\/strong><\/p>\n<p>\u0412\u044b\u0441\u043e\u0442\u0430\u00a0<strong>4,8 \u043c<\/strong><\/p>\n<p>\u0414\u043b\u0438\u043d\u0430 \u043d\u0430\u0447\u0438\u043d\u0430\u044f \u0441 6 \u043c, \u0441 3-\u043c\u0435\u0442\u0440\u043e\u0432\u044b\u043c \u0448\u0430\u0433\u043e\u043c. \u0412 \u0434\u0430\u043b\u044c\u043d\u0435\u0439\u0448\u0435\u043c \u0445\u043e\u043b\u043b \u043c\u043e\u0436\u043d\u043e \u0443\u0434\u043b\u0438\u043d\u0438\u0442\u044c \u043f\u043e \u043c\u043e\u0434\u0443\u043b\u044f\u043c.[\/vc_column_text][\/vc_column][vc_column width=&#187;1\/3&#8243;][\/vc_column][vc_column width=&#187;1\/3&#8243;][\/vc_column][\/vc_row][vc_row el_class=&#187;cfform&#187;][vc_column][vc_custom_heading text=&#187;\u0417\u0430\u0434\u0430\u0439\u0442\u0435 \u0432\u043e\u043f\u0440\u043e\u0441!&#187; font_container=&#187;tag:h3|font_size:30px|text_align:left|color:%23ffffff|line_height:35px&#187; use_theme_fonts=&#187;yes&#187; css=&#187;.vc_custom_1592133050874{margin-bottom: 30px !important;}&#187;]<div class=\"cf_scope_1\">\n<div class=\"wpcf7 no-js\" id=\"wpcf7-f1760-o1\" lang=\"et\" dir=\"ltr\" data-wpcf7-id=\"1760\">\n<div class=\"screen-reader-response\"><p role=\"status\" aria-live=\"polite\" aria-atomic=\"true\"><\/p> <ul><\/ul><\/div>\n<form action=\"\/ru\/wp-json\/wp\/v2\/pages\/1204#wpcf7-f1760-o1\" method=\"post\" class=\"wpcf7-form init\" aria-label=\"Contact form\" novalidate=\"novalidate\" data-status=\"init\">\n<fieldset class=\"hidden-fields-container\"><input type=\"hidden\" name=\"_wpcf7\" value=\"1760\" \/><input type=\"hidden\" name=\"_wpcf7_version\" value=\"6.1\" \/><input type=\"hidden\" name=\"_wpcf7_locale\" value=\"et\" \/><input type=\"hidden\" name=\"_wpcf7_unit_tag\" value=\"wpcf7-f1760-o1\" \/><input type=\"hidden\" name=\"_wpcf7_container_post\" value=\"0\" \/><input type=\"hidden\" name=\"_wpcf7_posted_data_hash\" value=\"\" \/><input type=\"hidden\" name=\"_wpcf7_recaptcha_response\" value=\"\" \/>\n<\/fieldset>\n<div class=\"flexter\">\n<span class=\"wpcf7-form-control-wrap\" data-name=\"text-370\"><input size=\"40\" maxlength=\"400\" class=\"wpcf7-form-control wpcf7-text wpcf7-validates-as-required slider-kast\" aria-required=\"true\" aria-invalid=\"false\" placeholder=\"\u0412\u0430\u0448\u0435 \u0438\u043c\u044f\" value=\"\" type=\"text\" name=\"text-370\" \/><\/span>\n<span class=\"wpcf7-form-control-wrap\" data-name=\"text-371\"><input size=\"40\" maxlength=\"400\" class=\"wpcf7-form-control wpcf7-email wpcf7-validates-as-required wpcf7-text wpcf7-validates-as-email slider-kast\" aria-required=\"true\" aria-invalid=\"false\" placeholder=\"\u042d\u043b. \u043f\u043e\u0447\u0442\u0430\" value=\"\" type=\"email\" name=\"text-371\" \/><\/span>\n<span class=\"wpcf7-form-control-wrap\" data-name=\"text-372\"><input size=\"40\" maxlength=\"400\" class=\"wpcf7-form-control wpcf7-text wpcf7-validates-as-required slider-kast\" aria-required=\"true\" aria-invalid=\"false\" placeholder=\"\u0422\u0435\u043b\u0435\u0444\u043e\u043d\" value=\"\" type=\"text\" name=\"text-372\" \/><\/span>\n<\/div>\n<span class=\"wpcf7-form-control-wrap\" data-name=\"textarea-144\"><textarea cols=\"40\" rows=\"10\" maxlength=\"2000\" class=\"wpcf7-form-control wpcf7-textarea wpcf7-validates-as-required suurem-kast1\" aria-required=\"true\" aria-invalid=\"false\" placeholder=\"\u0432\u043e\u043f\u0440\u043e\u0441\" name=\"textarea-144\"><\/textarea><\/span>\n<input class=\"wpcf7-form-control wpcf7-submit has-spinner saada-kast\" type=\"submit\" value=\"\u043f\u043e\u0441\u044b\u043b\u0430\u0442\u044c \u043f\u0438\u0441\u044c\u043c\u043e\" \/><div class=\"wpcf7-response-output\" aria-hidden=\"true\"><\/div>\n<\/form>\n<\/div>\n<\/div>[\/vc_column][\/vc_row]\n<\/div>","protected":false},"excerpt":{"rendered":"<p>[vc_row el_class=&#187;pealkir&#187;][vc_column][vc_custom_heading text=&#187;\u0410\u0440\u043e\u0447\u043d\u044b\u0439 \u0445\u043e\u043b\u043b&#187; font_container=&#187;tag:h1|font_size:33px|text_align:center|color:%23ffffff|line_height:35px&#187; use_theme_fonts=&#187;yes&#187;][\/vc_column][\/vc_row][vc_row][vc_column][vc_widget_sidebar sidebar_id=&#187;sidebar-kuppel-menu&#187; el_class=&#187;menuuu&#187;][\/vc_column][\/vc_row][vc_row][vc_column width=&#187;1\/3&#8243;][vc_column_text] \u041c\u041e\u0414\u0415\u041b\u042c: KH 9 \u041c\u043e\u0431\u0438\u043b\u044c\u043d\u044b\u0439 \u043b\u0435\u0433\u043a\u0438\u0439 \u0445\u043e\u043b\u043b \u0441 \u041f\u0412\u0425 \u043f\u043e\u043a\u0440\u044b\u0442\u0438\u0435\u043c \u0438 \u0440\u0430\u043c\u043e\u0439 \u0438\u0437 \u043a\u0440\u0443\u0433\u043b\u043e\u0439 \u0442\u0440\u0443\u0431\u044b. \u041b\u0435\u0433\u043a\u043e \u0443\u0441\u0442\u0430\u043d\u0430\u0432\u043b\u0438\u0432\u0430\u0442\u044c, \u043b\u0435\u0433\u043a\u043e \u043f\u0435\u0440\u0435\u043c\u0435\u0449\u0430\u0442\u044c. \u0423\u0447\u0442\u0435\u043d\u044b \u0434\u0435\u0439\u0441\u0442\u0432\u0443\u044e\u0449\u0438\u0435 \u0441\u043d\u0435\u0433\u043e\u0432\u044b\u0435 \u0438 \u0432\u0435\u0442\u0440\u043e\u0432\u044b\u0435 \u043d\u0430\u0433\u0440\u0443\u0437\u043a\u0438 \u043f\u043e \u043f\u0430\u0440\u0430\u043c\u0435\u0442\u0440\u0430\u043c \u0415\u04213. \u0420\u0410\u0417\u041c\u0415\u0420\u042b: \u0428\u0438\u0440\u0438\u043d\u0430 9 \u043c \u0412\u044b\u0441\u043e\u0442\u0430\u00a04,8 \u043c \u0414\u043b\u0438\u043d\u0430 \u043d\u0430\u0447\u0438\u043d\u0430\u044f \u0441 6 \u043c, \u0441 3-\u043c\u0435\u0442\u0440\u043e\u0432\u044b\u043c \u0448\u0430\u0433\u043e\u043c. \u0412 \u0434\u0430\u043b\u044c\u043d\u0435\u0439\u0448\u0435\u043c \u0445\u043e\u043b\u043b \u043c\u043e\u0436\u043d\u043e \u0443\u0434\u043b\u0438\u043d\u0438\u0442\u044c&#8230;<\/p>\n","protected":false},"author":1,"featured_media":0,"parent":0,"menu_order":0,"comment_status":"closed","ping_status":"closed","template":"page-full.php","meta":{"_acf_changed":false,"footnotes":""},"class_list":["post-1204","page","type-page","status-publish","hentry"],"acf":[],"yoast_head":"<!-- This site is optimized with the Yoast SEO plugin v25.6 - https:\/\/yoast.com\/wordpress\/plugins\/seo\/ -->\n<title>\u0410\u0440\u043e\u0447\u043d\u044b\u0439 \u0445\u043e\u043b\u043b | PVC Hallid | PVC hallide hinnad | PVC hallide m\u00fc\u00fck<\/title>\n<meta name=\"description\" content=\"PVC hallide m\u00fc\u00fck ja PVC hallide hinnad - meie lehelt saad k\u00f5ik vajaliku t\u00e4pselt teada. Vaata edasi siit\" \/>\n<meta name=\"robots\" content=\"index, follow, max-snippet:-1, max-image-preview:large, max-video-preview:-1\" \/>\n<link rel=\"canonical\" href=\"https:\/\/www.pvchall.eu\/ru\/\u0430\u0440\u043e\u0447\u043d\u044b\u0439-\u0445\u043e\u043b\u043b\/\" \/>\n<meta property=\"og:locale\" content=\"ru_RU\" \/>\n<meta property=\"og:type\" content=\"article\" \/>\n<meta property=\"og:title\" content=\"\u0410\u0440\u043e\u0447\u043d\u044b\u0439 \u0445\u043e\u043b\u043b | PVC Hallid | PVC hallide hinnad | PVC hallide m\u00fc\u00fck\" \/>\n<meta property=\"og:description\" content=\"PVC hallide m\u00fc\u00fck ja PVC hallide hinnad - meie lehelt saad k\u00f5ik vajaliku t\u00e4pselt teada. Vaata edasi siit\" \/>\n<meta property=\"og:url\" content=\"https:\/\/www.pvchall.eu\/ru\/\u0430\u0440\u043e\u0447\u043d\u044b\u0439-\u0445\u043e\u043b\u043b\/\" \/>\n<meta property=\"og:site_name\" content=\"PVC Hallid | PVC hallide hinnad | PVC hallide m\u00fc\u00fck\" \/>\n<meta property=\"article:modified_time\" content=\"2020-06-14T11:11:03+00:00\" \/>\n<meta property=\"og:image\" content=\"https:\/\/www.pvchall.eu\/wp-content\/uploads\/2018\/04\/h9-cut-red-scaled.jpg\" \/>\n\t<meta property=\"og:image:width\" content=\"2560\" \/>\n\t<meta property=\"og:image:height\" content=\"1440\" \/>\n\t<meta property=\"og:image:type\" content=\"image\/jpeg\" \/>\n<meta name=\"twitter:card\" content=\"summary_large_image\" \/>\n<meta name=\"twitter:label1\" content=\"\u041f\u0440\u0438\u043c\u0435\u0440\u043d\u043e\u0435 \u0432\u0440\u0435\u043c\u044f \u0434\u043b\u044f \u0447\u0442\u0435\u043d\u0438\u044f\" \/>\n\t<meta name=\"twitter:data1\" content=\"1 \u043c\u0438\u043d\u0443\u0442\u0430\" \/>\n<script type=\"application\/ld+json\" class=\"yoast-schema-graph\">{\"@context\":\"https:\/\/schema.org\",\"@graph\":[{\"@type\":\"WebPage\",\"@id\":\"https:\/\/www.pvchall.eu\/ru\/%d0%b0%d1%80%d0%be%d1%87%d0%bd%d1%8b%d0%b9-%d1%85%d0%be%d0%bb%d0%bb\/\",\"url\":\"https:\/\/www.pvchall.eu\/ru\/%d0%b0%d1%80%d0%be%d1%87%d0%bd%d1%8b%d0%b9-%d1%85%d0%be%d0%bb%d0%bb\/\",\"name\":\"\u0410\u0440\u043e\u0447\u043d\u044b\u0439 \u0445\u043e\u043b\u043b | PVC Hallid | PVC hallide hinnad | PVC hallide m\u00fc\u00fck\",\"isPartOf\":{\"@id\":\"https:\/\/www.pvchall.eu\/#website\"},\"primaryImageOfPage\":{\"@id\":\"https:\/\/www.pvchall.eu\/ru\/%d0%b0%d1%80%d0%be%d1%87%d0%bd%d1%8b%d0%b9-%d1%85%d0%be%d0%bb%d0%bb\/#primaryimage\"},\"image\":{\"@id\":\"https:\/\/www.pvchall.eu\/ru\/%d0%b0%d1%80%d0%be%d1%87%d0%bd%d1%8b%d0%b9-%d1%85%d0%be%d0%bb%d0%bb\/#primaryimage\"},\"thumbnailUrl\":\"https:\/\/www.pvchall.eu\/wp-content\/uploads\/2018\/04\/h9-cut-red-228x128.jpg\",\"datePublished\":\"2018-04-20T09:49:51+00:00\",\"dateModified\":\"2020-06-14T11:11:03+00:00\",\"description\":\"PVC hallide m\u00fc\u00fck ja PVC hallide hinnad - meie lehelt saad k\u00f5ik vajaliku t\u00e4pselt teada. Vaata edasi siit\",\"breadcrumb\":{\"@id\":\"https:\/\/www.pvchall.eu\/ru\/%d0%b0%d1%80%d0%be%d1%87%d0%bd%d1%8b%d0%b9-%d1%85%d0%be%d0%bb%d0%bb\/#breadcrumb\"},\"inLanguage\":\"ru-RU\",\"potentialAction\":[{\"@type\":\"ReadAction\",\"target\":[\"https:\/\/www.pvchall.eu\/ru\/%d0%b0%d1%80%d0%be%d1%87%d0%bd%d1%8b%d0%b9-%d1%85%d0%be%d0%bb%d0%bb\/\"]}]},{\"@type\":\"ImageObject\",\"inLanguage\":\"ru-RU\",\"@id\":\"https:\/\/www.pvchall.eu\/ru\/%d0%b0%d1%80%d0%be%d1%87%d0%bd%d1%8b%d0%b9-%d1%85%d0%be%d0%bb%d0%bb\/#primaryimage\",\"url\":\"https:\/\/www.pvchall.eu\/wp-content\/uploads\/2018\/04\/h9-cut-red-228x128.jpg\",\"contentUrl\":\"https:\/\/www.pvchall.eu\/wp-content\/uploads\/2018\/04\/h9-cut-red-228x128.jpg\"},{\"@type\":\"BreadcrumbList\",\"@id\":\"https:\/\/www.pvchall.eu\/ru\/%d0%b0%d1%80%d0%be%d1%87%d0%bd%d1%8b%d0%b9-%d1%85%d0%be%d0%bb%d0%bb\/#breadcrumb\",\"itemListElement\":[{\"@type\":\"ListItem\",\"position\":1,\"name\":\"Home\",\"item\":\"https:\/\/www.pvchall.eu\/ru\/\"},{\"@type\":\"ListItem\",\"position\":2,\"name\":\"\u0410\u0440\u043e\u0447\u043d\u044b\u0439 \u0445\u043e\u043b\u043b\"}]},{\"@type\":\"WebSite\",\"@id\":\"https:\/\/www.pvchall.eu\/#website\",\"url\":\"https:\/\/www.pvchall.eu\/\",\"name\":\"PVC Hallid | PVC hallide hinnad | PVC hallide m\u00fc\u00fck\",\"description\":\"PVC Hallid otse tootjalt | PVC hallide hinnad | PVC hallide m\u00fc\u00fck\",\"potentialAction\":[{\"@type\":\"SearchAction\",\"target\":{\"@type\":\"EntryPoint\",\"urlTemplate\":\"https:\/\/www.pvchall.eu\/?s={search_term_string}\"},\"query-input\":{\"@type\":\"PropertyValueSpecification\",\"valueRequired\":true,\"valueName\":\"search_term_string\"}}],\"inLanguage\":\"ru-RU\"}]}<\/script>\n<!-- \/ Yoast SEO plugin. -->","yoast_head_json":{"title":"\u0410\u0440\u043e\u0447\u043d\u044b\u0439 \u0445\u043e\u043b\u043b | PVC Hallid | PVC hallide hinnad | PVC hallide m\u00fc\u00fck","description":"PVC hallide m\u00fc\u00fck ja PVC hallide hinnad - meie lehelt saad k\u00f5ik vajaliku t\u00e4pselt teada. Vaata edasi siit","robots":{"index":"index","follow":"follow","max-snippet":"max-snippet:-1","max-image-preview":"max-image-preview:large","max-video-preview":"max-video-preview:-1"},"canonical":"https:\/\/www.pvchall.eu\/ru\/\u0430\u0440\u043e\u0447\u043d\u044b\u0439-\u0445\u043e\u043b\u043b\/","og_locale":"ru_RU","og_type":"article","og_title":"\u0410\u0440\u043e\u0447\u043d\u044b\u0439 \u0445\u043e\u043b\u043b | PVC Hallid | PVC hallide hinnad | PVC hallide m\u00fc\u00fck","og_description":"PVC hallide m\u00fc\u00fck ja PVC hallide hinnad - meie lehelt saad k\u00f5ik vajaliku t\u00e4pselt teada. Vaata edasi siit","og_url":"https:\/\/www.pvchall.eu\/ru\/\u0430\u0440\u043e\u0447\u043d\u044b\u0439-\u0445\u043e\u043b\u043b\/","og_site_name":"PVC Hallid | PVC hallide hinnad | PVC hallide m\u00fc\u00fck","article_modified_time":"2020-06-14T11:11:03+00:00","og_image":[{"width":2560,"height":1440,"url":"https:\/\/www.pvchall.eu\/wp-content\/uploads\/2018\/04\/h9-cut-red-scaled.jpg","type":"image\/jpeg"}],"twitter_card":"summary_large_image","twitter_misc":{"\u041f\u0440\u0438\u043c\u0435\u0440\u043d\u043e\u0435 \u0432\u0440\u0435\u043c\u044f \u0434\u043b\u044f \u0447\u0442\u0435\u043d\u0438\u044f":"1 \u043c\u0438\u043d\u0443\u0442\u0430"},"schema":{"@context":"https:\/\/schema.org","@graph":[{"@type":"WebPage","@id":"https:\/\/www.pvchall.eu\/ru\/%d0%b0%d1%80%d0%be%d1%87%d0%bd%d1%8b%d0%b9-%d1%85%d0%be%d0%bb%d0%bb\/","url":"https:\/\/www.pvchall.eu\/ru\/%d0%b0%d1%80%d0%be%d1%87%d0%bd%d1%8b%d0%b9-%d1%85%d0%be%d0%bb%d0%bb\/","name":"\u0410\u0440\u043e\u0447\u043d\u044b\u0439 \u0445\u043e\u043b\u043b | PVC Hallid | PVC hallide hinnad | PVC hallide m\u00fc\u00fck","isPartOf":{"@id":"https:\/\/www.pvchall.eu\/#website"},"primaryImageOfPage":{"@id":"https:\/\/www.pvchall.eu\/ru\/%d0%b0%d1%80%d0%be%d1%87%d0%bd%d1%8b%d0%b9-%d1%85%d0%be%d0%bb%d0%bb\/#primaryimage"},"image":{"@id":"https:\/\/www.pvchall.eu\/ru\/%d0%b0%d1%80%d0%be%d1%87%d0%bd%d1%8b%d0%b9-%d1%85%d0%be%d0%bb%d0%bb\/#primaryimage"},"thumbnailUrl":"https:\/\/www.pvchall.eu\/wp-content\/uploads\/2018\/04\/h9-cut-red-228x128.jpg","datePublished":"2018-04-20T09:49:51+00:00","dateModified":"2020-06-14T11:11:03+00:00","description":"PVC hallide m\u00fc\u00fck ja PVC hallide hinnad - meie lehelt saad k\u00f5ik vajaliku t\u00e4pselt teada. Vaata edasi siit","breadcrumb":{"@id":"https:\/\/www.pvchall.eu\/ru\/%d0%b0%d1%80%d0%be%d1%87%d0%bd%d1%8b%d0%b9-%d1%85%d0%be%d0%bb%d0%bb\/#breadcrumb"},"inLanguage":"ru-RU","potentialAction":[{"@type":"ReadAction","target":["https:\/\/www.pvchall.eu\/ru\/%d0%b0%d1%80%d0%be%d1%87%d0%bd%d1%8b%d0%b9-%d1%85%d0%be%d0%bb%d0%bb\/"]}]},{"@type":"ImageObject","inLanguage":"ru-RU","@id":"https:\/\/www.pvchall.eu\/ru\/%d0%b0%d1%80%d0%be%d1%87%d0%bd%d1%8b%d0%b9-%d1%85%d0%be%d0%bb%d0%bb\/#primaryimage","url":"https:\/\/www.pvchall.eu\/wp-content\/uploads\/2018\/04\/h9-cut-red-228x128.jpg","contentUrl":"https:\/\/www.pvchall.eu\/wp-content\/uploads\/2018\/04\/h9-cut-red-228x128.jpg"},{"@type":"BreadcrumbList","@id":"https:\/\/www.pvchall.eu\/ru\/%d0%b0%d1%80%d0%be%d1%87%d0%bd%d1%8b%d0%b9-%d1%85%d0%be%d0%bb%d0%bb\/#breadcrumb","itemListElement":[{"@type":"ListItem","position":1,"name":"Home","item":"https:\/\/www.pvchall.eu\/ru\/"},{"@type":"ListItem","position":2,"name":"\u0410\u0440\u043e\u0447\u043d\u044b\u0439 \u0445\u043e\u043b\u043b"}]},{"@type":"WebSite","@id":"https:\/\/www.pvchall.eu\/#website","url":"https:\/\/www.pvchall.eu\/","name":"PVC Hallid | PVC hallide hinnad | PVC hallide m\u00fc\u00fck","description":"PVC Hallid otse tootjalt | PVC hallide hinnad | PVC hallide m\u00fc\u00fck","potentialAction":[{"@type":"SearchAction","target":{"@type":"EntryPoint","urlTemplate":"https:\/\/www.pvchall.eu\/?s={search_term_string}"},"query-input":{"@type":"PropertyValueSpecification","valueRequired":true,"valueName":"search_term_string"}}],"inLanguage":"ru-RU"}]}},"_links":{"self":[{"href":"https:\/\/www.pvchall.eu\/ru\/wp-json\/wp\/v2\/pages\/1204","targetHints":{"allow":["GET"]}}],"collection":[{"href":"https:\/\/www.pvchall.eu\/ru\/wp-json\/wp\/v2\/pages"}],"about":[{"href":"https:\/\/www.pvchall.eu\/ru\/wp-json\/wp\/v2\/types\/page"}],"author":[{"embeddable":true,"href":"https:\/\/www.pvchall.eu\/ru\/wp-json\/wp\/v2\/users\/1"}],"replies":[{"embeddable":true,"href":"https:\/\/www.pvchall.eu\/ru\/wp-json\/wp\/v2\/comments?post=1204"}],"version-history":[{"count":2,"href":"https:\/\/www.pvchall.eu\/ru\/wp-json\/wp\/v2\/pages\/1204\/revisions"}],"predecessor-version":[{"id":1772,"href":"https:\/\/www.pvchall.eu\/ru\/wp-json\/wp\/v2\/pages\/1204\/revisions\/1772"}],"wp:attachment":[{"href":"https:\/\/www.pvchall.eu\/ru\/wp-json\/wp\/v2\/media?parent=1204"}],"curies":[{"name":"wp","href":"https:\/\/api.w.org\/{rel}","templated":true}]}}