{"id":659,"date":"2017-08-11T11:21:33","date_gmt":"2017-08-11T08:21:33","guid":{"rendered":"https:\/\/www.pvchall.eu\/?page_id=659\/"},"modified":"2018-04-20T12:47:20","modified_gmt":"2018-04-20T09:47:20","slug":"%d0%bd%d0%b0%d0%b2%d0%b5%d1%81%d1%8b","status":"publish","type":"page","link":"https:\/\/www.pvchall.eu\/ru\/%d0%bd%d0%b0%d0%b2%d0%b5%d1%81%d1%8b\/","title":{"rendered":"\u041d\u0430\u0432\u0435\u0441\u044b"},"content":{"rendered":"<div class=\"wpb-content-wrapper\">[vc_row el_class=&#187;pealkir&#187;][vc_column][vc_custom_heading text=&#187;\u041d\u0430\u0432\u0435\u0441\u044b&#187; font_container=&#187;tag:h1|font_size:33px|text_align:center|color:%23ffffff|line_height:35px&#187; use_theme_fonts=&#187;yes&#187;][\/vc_column][\/vc_row][vc_row][vc_column][vc_column_text]\n<div data-canvas-width=\"612.9526320419758\">\n<p>\u041f\u043e\u043c\u0438\u043c\u043e \u043f\u0440\u043e\u0438\u0437\u0432\u043e\u0434\u0441\u0442\u0432\u0430 \u0441\u0432\u043e\u0438\u0445 \u0438\u0437\u0434\u0435\u043b\u0438\u0439 \u043c\u044b \u0438\u0437\u0433\u043e\u0442\u0430\u0432\u043b\u0438\u0432\u0430\u0435\u043c \u0432 \u043f\u043e\u0440\u044f\u0434\u043a\u0435 \u0441\u0443\u0431\u043f\u043e\u0441\u0442\u0430\u0432\u043a\u0438 \u043c\u0435\u0442\u0430\u043b\u043b\u0438\u0447\u0435\u0441\u043a\u0438\u0435 \u043a\u043e\u043d\u0441\u0442\u0440\u0443\u043a\u0446\u0438\u0438.<\/p>\n<ul>\n<li>\u0421\u0442\u0430\u043b\u044c\u043d\u044b\u0435 \u0441\u0442\u043e\u0439\u043a\u0438<\/li>\n<li>\u0424\u0435\u0440\u043c\u044b<\/li>\n<li>\u041d\u0435\u0441\u0443\u0449\u0438\u0435 \u043a\u0440\u043e\u0432\u0435\u043b\u044c\u043d\u044b\u0435 \u0431\u0430\u043b\u043a\u0438<\/li>\n<\/ul>\n<p>\u0414\u041b\u042f \u0412\u0421\u0415\u0425 \u0418\u0417\u0414\u0415\u041b\u0418\u0419 \u041c\u042b \u041f\u0420\u0415\u0414\u041b\u0410\u0413\u0410\u0415\u041c \u041f\u0420\u0418 \u041d\u0415\u041e\u0411\u0425\u041e\u0414\u0418\u041c\u041e\u0421\u0422\u0418 \u0422\u0410\u041a\u0416\u0415 \u0423\u0421\u0422\u0410\u041d\u041e\u0412\u041a\u0423!<\/p>\n<\/div>\n[\/vc_column_text][\/vc_column][\/vc_row][vc_row][vc_column width=&#187;1\/4&#8243;][vc_single_image image=&#187;243&#8243; onclick=&#187;img_link_large&#187;][\/vc_column][vc_column width=&#187;1\/4&#8243;][vc_single_image image=&#187;244&#8243;][\/vc_column][vc_column width=&#187;1\/4&#8243;][vc_single_image image=&#187;242&#8243; onclick=&#187;img_link_large&#187;][\/vc_column][vc_column width=&#187;1\/4&#8243;][vc_single_image image=&#187;246&#8243; onclick=&#187;img_link_large&#187;][\/vc_column][\/vc_row]\n<\/div>","protected":false},"excerpt":{"rendered":"<p>[vc_row el_class=&#187;pealkir&#187;][vc_column][vc_custom_heading text=&#187;\u041d\u0430\u0432\u0435\u0441\u044b&#187; font_container=&#187;tag:h1|font_size:33px|text_align:center|color:%23ffffff|line_height:35px&#187; use_theme_fonts=&#187;yes&#187;][\/vc_column][\/vc_row][vc_row][vc_column][vc_column_text] \u041f\u043e\u043c\u0438\u043c\u043e \u043f\u0440\u043e\u0438\u0437\u0432\u043e\u0434\u0441\u0442\u0432\u0430 \u0441\u0432\u043e\u0438\u0445 \u0438\u0437\u0434\u0435\u043b\u0438\u0439 \u043c\u044b \u0438\u0437\u0433\u043e\u0442\u0430\u0432\u043b\u0438\u0432\u0430\u0435\u043c \u0432 \u043f\u043e\u0440\u044f\u0434\u043a\u0435 \u0441\u0443\u0431\u043f\u043e\u0441\u0442\u0430\u0432\u043a\u0438 \u043c\u0435\u0442\u0430\u043b\u043b\u0438\u0447\u0435\u0441\u043a\u0438\u0435 \u043a\u043e\u043d\u0441\u0442\u0440\u0443\u043a\u0446\u0438\u0438. \u0421\u0442\u0430\u043b\u044c\u043d\u044b\u0435 \u0441\u0442\u043e\u0439\u043a\u0438 \u0424\u0435\u0440\u043c\u044b \u041d\u0435\u0441\u0443\u0449\u0438\u0435 \u043a\u0440\u043e\u0432\u0435\u043b\u044c\u043d\u044b\u0435 \u0431\u0430\u043b\u043a\u0438 \u0414\u041b\u042f \u0412\u0421\u0415\u0425 \u0418\u0417\u0414\u0415\u041b\u0418\u0419 \u041c\u042b \u041f\u0420\u0415\u0414\u041b\u0410\u0413\u0410\u0415\u041c \u041f\u0420\u0418 \u041d\u0415\u041e\u0411\u0425\u041e\u0414\u0418\u041c\u041e\u0421\u0422\u0418 \u0422\u0410\u041a\u0416\u0415 \u0423\u0421\u0422\u0410\u041d\u041e\u0412\u041a\u0423! [\/vc_column_text][\/vc_column][\/vc_row][vc_row][vc_column width=&#187;1\/4&#8243;][vc_single_image image=&#187;243&#8243; onclick=&#187;img_link_large&#187;][\/vc_column][vc_column width=&#187;1\/4&#8243;][vc_single_image image=&#187;244&#8243;][\/vc_column][vc_column width=&#187;1\/4&#8243;][vc_single_image image=&#187;242&#8243; onclick=&#187;img_link_large&#187;][\/vc_column][vc_column width=&#187;1\/4&#8243;][vc_single_image image=&#187;246&#8243; onclick=&#187;img_link_large&#187;][\/vc_column][\/vc_row]<\/p>\n","protected":false},"author":1,"featured_media":0,"parent":0,"menu_order":0,"comment_status":"closed","ping_status":"closed","template":"page-full.php","meta":{"_acf_changed":false,"footnotes":""},"class_list":["post-659","page","type-page","status-publish","hentry"],"acf":[],"yoast_head":"<!-- This site is optimized with the Yoast SEO plugin v25.6 - https:\/\/yoast.com\/wordpress\/plugins\/seo\/ -->\n<title>\u041d\u0430\u0432\u0435\u0441\u044b | PVC Hallid | PVC hallide hinnad | PVC hallide m\u00fc\u00fck<\/title>\n<meta name=\"description\" content=\"PVC hallide m\u00fc\u00fck ja PVC hallide hinnad - meie lehelt saad k\u00f5ik vajaliku t\u00e4pselt teada. Vaata edasi siit\" \/>\n<meta name=\"robots\" content=\"index, follow, max-snippet:-1, max-image-preview:large, max-video-preview:-1\" \/>\n<link rel=\"canonical\" href=\"https:\/\/www.pvchall.eu\/ru\/\u043d\u0430\u0432\u0435\u0441\u044b\/\" \/>\n<meta property=\"og:locale\" content=\"ru_RU\" \/>\n<meta property=\"og:type\" content=\"article\" \/>\n<meta property=\"og:title\" content=\"\u041d\u0430\u0432\u0435\u0441\u044b | PVC Hallid | PVC hallide hinnad | PVC hallide m\u00fc\u00fck\" \/>\n<meta property=\"og:description\" content=\"PVC hallide m\u00fc\u00fck ja PVC hallide hinnad - meie lehelt saad k\u00f5ik vajaliku t\u00e4pselt teada. Vaata edasi siit\" \/>\n<meta property=\"og:url\" content=\"https:\/\/www.pvchall.eu\/ru\/\u043d\u0430\u0432\u0435\u0441\u044b\/\" \/>\n<meta property=\"og:site_name\" content=\"PVC Hallid | PVC hallide hinnad | PVC hallide m\u00fc\u00fck\" \/>\n<meta property=\"article:modified_time\" content=\"2018-04-20T09:47:20+00:00\" \/>\n<meta name=\"twitter:card\" content=\"summary_large_image\" \/>\n<meta name=\"twitter:label1\" content=\"\u041f\u0440\u0438\u043c\u0435\u0440\u043d\u043e\u0435 \u0432\u0440\u0435\u043c\u044f \u0434\u043b\u044f \u0447\u0442\u0435\u043d\u0438\u044f\" \/>\n\t<meta name=\"twitter:data1\" content=\"1 \u043c\u0438\u043d\u0443\u0442\u0430\" \/>\n<script type=\"application\/ld+json\" class=\"yoast-schema-graph\">{\"@context\":\"https:\/\/schema.org\",\"@graph\":[{\"@type\":\"WebPage\",\"@id\":\"https:\/\/www.pvchall.eu\/ru\/%d0%bd%d0%b0%d0%b2%d0%b5%d1%81%d1%8b\/\",\"url\":\"https:\/\/www.pvchall.eu\/ru\/%d0%bd%d0%b0%d0%b2%d0%b5%d1%81%d1%8b\/\",\"name\":\"\u041d\u0430\u0432\u0435\u0441\u044b | PVC Hallid | PVC hallide hinnad | PVC hallide m\u00fc\u00fck\",\"isPartOf\":{\"@id\":\"https:\/\/www.pvchall.eu\/#website\"},\"datePublished\":\"2017-08-11T08:21:33+00:00\",\"dateModified\":\"2018-04-20T09:47:20+00:00\",\"description\":\"PVC hallide m\u00fc\u00fck ja PVC hallide hinnad - meie lehelt saad k\u00f5ik vajaliku t\u00e4pselt teada. Vaata edasi siit\",\"breadcrumb\":{\"@id\":\"https:\/\/www.pvchall.eu\/ru\/%d0%bd%d0%b0%d0%b2%d0%b5%d1%81%d1%8b\/#breadcrumb\"},\"inLanguage\":\"ru-RU\",\"potentialAction\":[{\"@type\":\"ReadAction\",\"target\":[\"https:\/\/www.pvchall.eu\/ru\/%d0%bd%d0%b0%d0%b2%d0%b5%d1%81%d1%8b\/\"]}]},{\"@type\":\"BreadcrumbList\",\"@id\":\"https:\/\/www.pvchall.eu\/ru\/%d0%bd%d0%b0%d0%b2%d0%b5%d1%81%d1%8b\/#breadcrumb\",\"itemListElement\":[{\"@type\":\"ListItem\",\"position\":1,\"name\":\"Home\",\"item\":\"https:\/\/www.pvchall.eu\/ru\/\"},{\"@type\":\"ListItem\",\"position\":2,\"name\":\"\u041d\u0430\u0432\u0435\u0441\u044b\"}]},{\"@type\":\"WebSite\",\"@id\":\"https:\/\/www.pvchall.eu\/#website\",\"url\":\"https:\/\/www.pvchall.eu\/\",\"name\":\"PVC Hallid | PVC hallide hinnad | PVC hallide m\u00fc\u00fck\",\"description\":\"PVC Hallid otse tootjalt | PVC hallide hinnad | PVC hallide m\u00fc\u00fck\",\"potentialAction\":[{\"@type\":\"SearchAction\",\"target\":{\"@type\":\"EntryPoint\",\"urlTemplate\":\"https:\/\/www.pvchall.eu\/?s={search_term_string}\"},\"query-input\":{\"@type\":\"PropertyValueSpecification\",\"valueRequired\":true,\"valueName\":\"search_term_string\"}}],\"inLanguage\":\"ru-RU\"}]}<\/script>\n<!-- \/ Yoast SEO plugin. -->","yoast_head_json":{"title":"\u041d\u0430\u0432\u0435\u0441\u044b | PVC Hallid | PVC hallide hinnad | PVC hallide m\u00fc\u00fck","description":"PVC hallide m\u00fc\u00fck ja PVC hallide hinnad - meie lehelt saad k\u00f5ik vajaliku t\u00e4pselt teada. Vaata edasi siit","robots":{"index":"index","follow":"follow","max-snippet":"max-snippet:-1","max-image-preview":"max-image-preview:large","max-video-preview":"max-video-preview:-1"},"canonical":"https:\/\/www.pvchall.eu\/ru\/\u043d\u0430\u0432\u0435\u0441\u044b\/","og_locale":"ru_RU","og_type":"article","og_title":"\u041d\u0430\u0432\u0435\u0441\u044b | PVC Hallid | PVC hallide hinnad | PVC hallide m\u00fc\u00fck","og_description":"PVC hallide m\u00fc\u00fck ja PVC hallide hinnad - meie lehelt saad k\u00f5ik vajaliku t\u00e4pselt teada. Vaata edasi siit","og_url":"https:\/\/www.pvchall.eu\/ru\/\u043d\u0430\u0432\u0435\u0441\u044b\/","og_site_name":"PVC Hallid | PVC hallide hinnad | PVC hallide m\u00fc\u00fck","article_modified_time":"2018-04-20T09:47:20+00:00","twitter_card":"summary_large_image","twitter_misc":{"\u041f\u0440\u0438\u043c\u0435\u0440\u043d\u043e\u0435 \u0432\u0440\u0435\u043c\u044f \u0434\u043b\u044f \u0447\u0442\u0435\u043d\u0438\u044f":"1 \u043c\u0438\u043d\u0443\u0442\u0430"},"schema":{"@context":"https:\/\/schema.org","@graph":[{"@type":"WebPage","@id":"https:\/\/www.pvchall.eu\/ru\/%d0%bd%d0%b0%d0%b2%d0%b5%d1%81%d1%8b\/","url":"https:\/\/www.pvchall.eu\/ru\/%d0%bd%d0%b0%d0%b2%d0%b5%d1%81%d1%8b\/","name":"\u041d\u0430\u0432\u0435\u0441\u044b | PVC Hallid | PVC hallide hinnad | PVC hallide m\u00fc\u00fck","isPartOf":{"@id":"https:\/\/www.pvchall.eu\/#website"},"datePublished":"2017-08-11T08:21:33+00:00","dateModified":"2018-04-20T09:47:20+00:00","description":"PVC hallide m\u00fc\u00fck ja PVC hallide hinnad - meie lehelt saad k\u00f5ik vajaliku t\u00e4pselt teada. Vaata edasi siit","breadcrumb":{"@id":"https:\/\/www.pvchall.eu\/ru\/%d0%bd%d0%b0%d0%b2%d0%b5%d1%81%d1%8b\/#breadcrumb"},"inLanguage":"ru-RU","potentialAction":[{"@type":"ReadAction","target":["https:\/\/www.pvchall.eu\/ru\/%d0%bd%d0%b0%d0%b2%d0%b5%d1%81%d1%8b\/"]}]},{"@type":"BreadcrumbList","@id":"https:\/\/www.pvchall.eu\/ru\/%d0%bd%d0%b0%d0%b2%d0%b5%d1%81%d1%8b\/#breadcrumb","itemListElement":[{"@type":"ListItem","position":1,"name":"Home","item":"https:\/\/www.pvchall.eu\/ru\/"},{"@type":"ListItem","position":2,"name":"\u041d\u0430\u0432\u0435\u0441\u044b"}]},{"@type":"WebSite","@id":"https:\/\/www.pvchall.eu\/#website","url":"https:\/\/www.pvchall.eu\/","name":"PVC Hallid | PVC hallide hinnad | PVC hallide m\u00fc\u00fck","description":"PVC Hallid otse tootjalt | PVC hallide hinnad | PVC hallide m\u00fc\u00fck","potentialAction":[{"@type":"SearchAction","target":{"@type":"EntryPoint","urlTemplate":"https:\/\/www.pvchall.eu\/?s={search_term_string}"},"query-input":{"@type":"PropertyValueSpecification","valueRequired":true,"valueName":"search_term_string"}}],"inLanguage":"ru-RU"}]}},"_links":{"self":[{"href":"https:\/\/www.pvchall.eu\/ru\/wp-json\/wp\/v2\/pages\/659","targetHints":{"allow":["GET"]}}],"collection":[{"href":"https:\/\/www.pvchall.eu\/ru\/wp-json\/wp\/v2\/pages"}],"about":[{"href":"https:\/\/www.pvchall.eu\/ru\/wp-json\/wp\/v2\/types\/page"}],"author":[{"embeddable":true,"href":"https:\/\/www.pvchall.eu\/ru\/wp-json\/wp\/v2\/users\/1"}],"replies":[{"embeddable":true,"href":"https:\/\/www.pvchall.eu\/ru\/wp-json\/wp\/v2\/comments?post=659"}],"version-history":[{"count":2,"href":"https:\/\/www.pvchall.eu\/ru\/wp-json\/wp\/v2\/pages\/659\/revisions"}],"predecessor-version":[{"id":1202,"href":"https:\/\/www.pvchall.eu\/ru\/wp-json\/wp\/v2\/pages\/659\/revisions\/1202"}],"wp:attachment":[{"href":"https:\/\/www.pvchall.eu\/ru\/wp-json\/wp\/v2\/media?parent=659"}],"curies":[{"name":"wp","href":"https:\/\/api.w.org\/{rel}","templated":true}]}}