{"id":1209,"date":"2018-04-20T12:55:08","date_gmt":"2018-04-20T09:55:08","guid":{"rendered":"https:\/\/www.pvchall.eu\/?page_id=1209"},"modified":"2020-06-14T14:12:01","modified_gmt":"2020-06-14T11:12:01","slug":"arkadhall","status":"publish","type":"page","link":"https:\/\/www.pvchall.eu\/sv\/arkadhall\/","title":{"rendered":"Arkadhall"},"content":{"rendered":"<div class=\"wpb-content-wrapper\">[vc_row el_class=&#8221;pealkir&#8221;][vc_column][vc_custom_heading text=&#8221;Arkadhall&#8221; font_container=&#8221;tag:h1|font_size:33px|text_align:center|color:%23ffffff|line_height:35px&#8221; use_theme_fonts=&#8221;yes&#8221;][\/vc_column][\/vc_row][vc_row][vc_column][vc_widget_sidebar sidebar_id=&#8221;sidebar-kuppel-menu&#8221; el_class=&#8221;menuuu&#8221;][\/vc_column][\/vc_row][vc_row][vc_column width=&#8221;1\/3&#8243;][vc_column_text]<img decoding=\"async\" class=\"size-medium wp-image-1078 aligncenter lazyload\" data-src=\"https:\/\/www.pvchall.eu\/wp-content\/uploads\/2018\/04\/h9-cut-red-228x128.jpg\" alt=\"\" width=\"228\" height=\"128\" data-srcset=\"https:\/\/www.pvchall.eu\/wp-content\/uploads\/2018\/04\/h9-cut-red-228x128.jpg 228w, https:\/\/www.pvchall.eu\/wp-content\/uploads\/2018\/04\/h9-cut-red-600x338.jpg 600w, https:\/\/www.pvchall.eu\/wp-content\/uploads\/2018\/04\/h9-cut-red-768x432.jpg 768w, https:\/\/www.pvchall.eu\/wp-content\/uploads\/2018\/04\/h9-cut-red-1024x576.jpg 1024w\" data-sizes=\"(max-width: 228px) 100vw, 228px\" src=\"data:image\/svg+xml;base64,PHN2ZyB3aWR0aD0iMSIgaGVpZ2h0PSIxIiB4bWxucz0iaHR0cDovL3d3dy53My5vcmcvMjAwMC9zdmciPjwvc3ZnPg==\" style=\"--smush-placeholder-width: 228px; --smush-placeholder-aspect-ratio: 228\/128;\" \/><\/p>\n<p><strong>MODELL: KH 9<\/strong><\/p>\n<p>Mobil l\u00e4tt hall med r\u00f6rstomme och PVC-bekl\u00e4dnad. L\u00e4tt att montera, l\u00e4tt att flytta.<\/p>\n<p>Vind- och sn\u00f6last har ber\u00e4knats enligt g\u00e4llande EC3-parametrar.<\/p>\n<p><strong>M\u00c5TT:<\/strong><\/p>\n<p>Bredd\u00a0<strong>9 m<\/strong><\/p>\n<p>H\u00f6jd\u00a0<strong>4,8m<\/strong><\/p>\n<p>L\u00e4ngd fr\u00e5n och med 6m, med 3 meters intervall. Hallen kan senare f\u00f6rl\u00e4ngas med hj\u00e4lp av extra moduler.[\/vc_column_text][\/vc_column][vc_column width=&#8221;1\/3&#8243;][\/vc_column][vc_column width=&#8221;1\/3&#8243;][\/vc_column][\/vc_row][vc_row el_class=&#8221;cfform&#8221;][vc_column][vc_custom_heading text=&#8221;St\u00e4lla en fr\u00e5ga!&#8221; font_container=&#8221;tag:h3|font_size:30px|text_align:left|color:%23ffffff|line_height:35px&#8221; use_theme_fonts=&#8221;yes&#8221; css=&#8221;.vc_custom_1592133114764{margin-bottom: 30px !important;}&#8221;]<div class=\"cf_scope_1\">\n<div class=\"wpcf7 no-js\" id=\"wpcf7-f1759-o1\" lang=\"et\" dir=\"ltr\" data-wpcf7-id=\"1759\">\n<div class=\"screen-reader-response\"><p role=\"status\" aria-live=\"polite\" aria-atomic=\"true\"><\/p> <ul><\/ul><\/div>\n<form action=\"\/sv\/wp-json\/wp\/v2\/pages\/1209#wpcf7-f1759-o1\" method=\"post\" class=\"wpcf7-form init\" aria-label=\"Contact form\" novalidate=\"novalidate\" data-status=\"init\">\n<fieldset class=\"hidden-fields-container\"><input type=\"hidden\" name=\"_wpcf7\" value=\"1759\" \/><input type=\"hidden\" name=\"_wpcf7_version\" value=\"6.1\" \/><input type=\"hidden\" name=\"_wpcf7_locale\" value=\"et\" \/><input type=\"hidden\" name=\"_wpcf7_unit_tag\" value=\"wpcf7-f1759-o1\" \/><input type=\"hidden\" name=\"_wpcf7_container_post\" value=\"0\" \/><input type=\"hidden\" name=\"_wpcf7_posted_data_hash\" value=\"\" \/><input type=\"hidden\" name=\"_wpcf7_recaptcha_response\" value=\"\" \/>\n<\/fieldset>\n<div class=\"flexter\">\n<span class=\"wpcf7-form-control-wrap\" data-name=\"text-370\"><input size=\"40\" maxlength=\"400\" class=\"wpcf7-form-control wpcf7-text wpcf7-validates-as-required slider-kast\" aria-required=\"true\" aria-invalid=\"false\" placeholder=\"Ditt namn\" value=\"\" type=\"text\" name=\"text-370\" \/><\/span>\n<span class=\"wpcf7-form-control-wrap\" data-name=\"text-371\"><input size=\"40\" maxlength=\"400\" class=\"wpcf7-form-control wpcf7-email wpcf7-validates-as-required wpcf7-text wpcf7-validates-as-email slider-kast\" aria-required=\"true\" aria-invalid=\"false\" placeholder=\"Sin email\" value=\"\" type=\"email\" name=\"text-371\" \/><\/span>\n<span class=\"wpcf7-form-control-wrap\" data-name=\"text-372\"><input size=\"40\" maxlength=\"400\" class=\"wpcf7-form-control wpcf7-text wpcf7-validates-as-required slider-kast\" aria-required=\"true\" aria-invalid=\"false\" placeholder=\"Telefon\" value=\"\" type=\"text\" name=\"text-372\" \/><\/span>\n<\/div>\n<span class=\"wpcf7-form-control-wrap\" data-name=\"textarea-144\"><textarea cols=\"40\" rows=\"10\" maxlength=\"2000\" class=\"wpcf7-form-control wpcf7-textarea wpcf7-validates-as-required suurem-kast1\" aria-required=\"true\" aria-invalid=\"false\" placeholder=\"Rr\u00e5ga\" name=\"textarea-144\"><\/textarea><\/span>\n<input class=\"wpcf7-form-control wpcf7-submit has-spinner saada-kast\" type=\"submit\" value=\"Skicka ett brev\" \/><div class=\"wpcf7-response-output\" aria-hidden=\"true\"><\/div>\n<\/form>\n<\/div>\n<\/div>[\/vc_column][\/vc_row]\n<\/div>","protected":false},"excerpt":{"rendered":"<p>[vc_row el_class=&#8221;pealkir&#8221;][vc_column][vc_custom_heading text=&#8221;Arkadhall&#8221; font_container=&#8221;tag:h1|font_size:33px|text_align:center|color:%23ffffff|line_height:35px&#8221; use_theme_fonts=&#8221;yes&#8221;][\/vc_column][\/vc_row][vc_row][vc_column][vc_widget_sidebar sidebar_id=&#8221;sidebar-kuppel-menu&#8221; el_class=&#8221;menuuu&#8221;][\/vc_column][\/vc_row][vc_row][vc_column width=&#8221;1\/3&#8243;][vc_column_text] MODELL: KH 9 Mobil l\u00e4tt hall med r\u00f6rstomme och PVC-bekl\u00e4dnad. L\u00e4tt att montera, l\u00e4tt att flytta. Vind- och sn\u00f6last har ber\u00e4knats enligt g\u00e4llande EC3-parametrar. M\u00c5TT: Bredd\u00a09 m H\u00f6jd\u00a04,8m L\u00e4ngd fr\u00e5n och med 6m, med 3 meters intervall. Hallen kan senare f\u00f6rl\u00e4ngas med hj\u00e4lp av extra moduler.[\/vc_column_text][\/vc_column][vc_column width=&#8221;1\/3&#8243;][\/vc_column][vc_column&#8230;<\/p>\n","protected":false},"author":1,"featured_media":0,"parent":0,"menu_order":0,"comment_status":"closed","ping_status":"closed","template":"page-full.php","meta":{"_acf_changed":false,"footnotes":""},"class_list":["post-1209","page","type-page","status-publish","hentry"],"acf":[],"yoast_head":"<!-- This site is optimized with the Yoast SEO plugin v25.6 - https:\/\/yoast.com\/wordpress\/plugins\/seo\/ -->\n<title>Arkadhall | PVC Hallid | PVC hallide hinnad | PVC hallide m\u00fc\u00fck<\/title>\n<meta name=\"description\" content=\"PVC hallide m\u00fc\u00fck ja PVC hallide hinnad - meie lehelt saad k\u00f5ik vajaliku t\u00e4pselt teada. Vaata edasi siit\" \/>\n<meta name=\"robots\" content=\"index, follow, max-snippet:-1, max-image-preview:large, max-video-preview:-1\" \/>\n<link rel=\"canonical\" href=\"https:\/\/www.pvchall.eu\/sv\/arkadhall\/\" \/>\n<meta property=\"og:locale\" content=\"sv_SE\" \/>\n<meta property=\"og:type\" content=\"article\" \/>\n<meta property=\"og:title\" content=\"Arkadhall | PVC Hallid | PVC hallide hinnad | PVC hallide m\u00fc\u00fck\" \/>\n<meta property=\"og:description\" content=\"PVC hallide m\u00fc\u00fck ja PVC hallide hinnad - meie lehelt saad k\u00f5ik vajaliku t\u00e4pselt teada. Vaata edasi siit\" \/>\n<meta property=\"og:url\" content=\"https:\/\/www.pvchall.eu\/sv\/arkadhall\/\" \/>\n<meta property=\"og:site_name\" content=\"PVC Hallid | PVC hallide hinnad | PVC hallide m\u00fc\u00fck\" \/>\n<meta property=\"article:modified_time\" content=\"2020-06-14T11:12:01+00:00\" \/>\n<meta property=\"og:image\" content=\"https:\/\/www.pvchall.eu\/wp-content\/uploads\/2018\/04\/h9-cut-red-scaled.jpg\" \/>\n\t<meta property=\"og:image:width\" content=\"2560\" \/>\n\t<meta property=\"og:image:height\" content=\"1440\" \/>\n\t<meta property=\"og:image:type\" content=\"image\/jpeg\" \/>\n<meta name=\"twitter:card\" content=\"summary_large_image\" \/>\n<meta name=\"twitter:label1\" content=\"Ber\u00e4knad l\u00e4stid\" \/>\n\t<meta name=\"twitter:data1\" content=\"1 minut\" \/>\n<script type=\"application\/ld+json\" class=\"yoast-schema-graph\">{\"@context\":\"https:\/\/schema.org\",\"@graph\":[{\"@type\":\"WebPage\",\"@id\":\"https:\/\/www.pvchall.eu\/sv\/arkadhall\/\",\"url\":\"https:\/\/www.pvchall.eu\/sv\/arkadhall\/\",\"name\":\"Arkadhall | PVC Hallid | PVC hallide hinnad | PVC hallide m\u00fc\u00fck\",\"isPartOf\":{\"@id\":\"https:\/\/www.pvchall.eu\/#website\"},\"primaryImageOfPage\":{\"@id\":\"https:\/\/www.pvchall.eu\/sv\/arkadhall\/#primaryimage\"},\"image\":{\"@id\":\"https:\/\/www.pvchall.eu\/sv\/arkadhall\/#primaryimage\"},\"thumbnailUrl\":\"https:\/\/www.pvchall.eu\/wp-content\/uploads\/2018\/04\/h9-cut-red-228x128.jpg\",\"datePublished\":\"2018-04-20T09:55:08+00:00\",\"dateModified\":\"2020-06-14T11:12:01+00:00\",\"description\":\"PVC hallide m\u00fc\u00fck ja PVC hallide hinnad - meie lehelt saad k\u00f5ik vajaliku t\u00e4pselt teada. Vaata edasi siit\",\"breadcrumb\":{\"@id\":\"https:\/\/www.pvchall.eu\/sv\/arkadhall\/#breadcrumb\"},\"inLanguage\":\"sv-SE\",\"potentialAction\":[{\"@type\":\"ReadAction\",\"target\":[\"https:\/\/www.pvchall.eu\/sv\/arkadhall\/\"]}]},{\"@type\":\"ImageObject\",\"inLanguage\":\"sv-SE\",\"@id\":\"https:\/\/www.pvchall.eu\/sv\/arkadhall\/#primaryimage\",\"url\":\"https:\/\/www.pvchall.eu\/wp-content\/uploads\/2018\/04\/h9-cut-red-228x128.jpg\",\"contentUrl\":\"https:\/\/www.pvchall.eu\/wp-content\/uploads\/2018\/04\/h9-cut-red-228x128.jpg\"},{\"@type\":\"BreadcrumbList\",\"@id\":\"https:\/\/www.pvchall.eu\/sv\/arkadhall\/#breadcrumb\",\"itemListElement\":[{\"@type\":\"ListItem\",\"position\":1,\"name\":\"Home\",\"item\":\"https:\/\/www.pvchall.eu\/sv\/\"},{\"@type\":\"ListItem\",\"position\":2,\"name\":\"Arkadhall\"}]},{\"@type\":\"WebSite\",\"@id\":\"https:\/\/www.pvchall.eu\/#website\",\"url\":\"https:\/\/www.pvchall.eu\/\",\"name\":\"PVC Hallid | PVC hallide hinnad | PVC hallide m\u00fc\u00fck\",\"description\":\"PVC Hallid otse tootjalt | PVC hallide hinnad | PVC hallide m\u00fc\u00fck\",\"potentialAction\":[{\"@type\":\"SearchAction\",\"target\":{\"@type\":\"EntryPoint\",\"urlTemplate\":\"https:\/\/www.pvchall.eu\/?s={search_term_string}\"},\"query-input\":{\"@type\":\"PropertyValueSpecification\",\"valueRequired\":true,\"valueName\":\"search_term_string\"}}],\"inLanguage\":\"sv-SE\"}]}<\/script>\n<!-- \/ Yoast SEO plugin. -->","yoast_head_json":{"title":"Arkadhall | PVC Hallid | PVC hallide hinnad | PVC hallide m\u00fc\u00fck","description":"PVC hallide m\u00fc\u00fck ja PVC hallide hinnad - meie lehelt saad k\u00f5ik vajaliku t\u00e4pselt teada. Vaata edasi siit","robots":{"index":"index","follow":"follow","max-snippet":"max-snippet:-1","max-image-preview":"max-image-preview:large","max-video-preview":"max-video-preview:-1"},"canonical":"https:\/\/www.pvchall.eu\/sv\/arkadhall\/","og_locale":"sv_SE","og_type":"article","og_title":"Arkadhall | PVC Hallid | PVC hallide hinnad | PVC hallide m\u00fc\u00fck","og_description":"PVC hallide m\u00fc\u00fck ja PVC hallide hinnad - meie lehelt saad k\u00f5ik vajaliku t\u00e4pselt teada. Vaata edasi siit","og_url":"https:\/\/www.pvchall.eu\/sv\/arkadhall\/","og_site_name":"PVC Hallid | PVC hallide hinnad | PVC hallide m\u00fc\u00fck","article_modified_time":"2020-06-14T11:12:01+00:00","og_image":[{"width":2560,"height":1440,"url":"https:\/\/www.pvchall.eu\/wp-content\/uploads\/2018\/04\/h9-cut-red-scaled.jpg","type":"image\/jpeg"}],"twitter_card":"summary_large_image","twitter_misc":{"Ber\u00e4knad l\u00e4stid":"1 minut"},"schema":{"@context":"https:\/\/schema.org","@graph":[{"@type":"WebPage","@id":"https:\/\/www.pvchall.eu\/sv\/arkadhall\/","url":"https:\/\/www.pvchall.eu\/sv\/arkadhall\/","name":"Arkadhall | PVC Hallid | PVC hallide hinnad | PVC hallide m\u00fc\u00fck","isPartOf":{"@id":"https:\/\/www.pvchall.eu\/#website"},"primaryImageOfPage":{"@id":"https:\/\/www.pvchall.eu\/sv\/arkadhall\/#primaryimage"},"image":{"@id":"https:\/\/www.pvchall.eu\/sv\/arkadhall\/#primaryimage"},"thumbnailUrl":"https:\/\/www.pvchall.eu\/wp-content\/uploads\/2018\/04\/h9-cut-red-228x128.jpg","datePublished":"2018-04-20T09:55:08+00:00","dateModified":"2020-06-14T11:12:01+00:00","description":"PVC hallide m\u00fc\u00fck ja PVC hallide hinnad - meie lehelt saad k\u00f5ik vajaliku t\u00e4pselt teada. Vaata edasi siit","breadcrumb":{"@id":"https:\/\/www.pvchall.eu\/sv\/arkadhall\/#breadcrumb"},"inLanguage":"sv-SE","potentialAction":[{"@type":"ReadAction","target":["https:\/\/www.pvchall.eu\/sv\/arkadhall\/"]}]},{"@type":"ImageObject","inLanguage":"sv-SE","@id":"https:\/\/www.pvchall.eu\/sv\/arkadhall\/#primaryimage","url":"https:\/\/www.pvchall.eu\/wp-content\/uploads\/2018\/04\/h9-cut-red-228x128.jpg","contentUrl":"https:\/\/www.pvchall.eu\/wp-content\/uploads\/2018\/04\/h9-cut-red-228x128.jpg"},{"@type":"BreadcrumbList","@id":"https:\/\/www.pvchall.eu\/sv\/arkadhall\/#breadcrumb","itemListElement":[{"@type":"ListItem","position":1,"name":"Home","item":"https:\/\/www.pvchall.eu\/sv\/"},{"@type":"ListItem","position":2,"name":"Arkadhall"}]},{"@type":"WebSite","@id":"https:\/\/www.pvchall.eu\/#website","url":"https:\/\/www.pvchall.eu\/","name":"PVC Hallid | PVC hallide hinnad | PVC hallide m\u00fc\u00fck","description":"PVC Hallid otse tootjalt | PVC hallide hinnad | PVC hallide m\u00fc\u00fck","potentialAction":[{"@type":"SearchAction","target":{"@type":"EntryPoint","urlTemplate":"https:\/\/www.pvchall.eu\/?s={search_term_string}"},"query-input":{"@type":"PropertyValueSpecification","valueRequired":true,"valueName":"search_term_string"}}],"inLanguage":"sv-SE"}]}},"_links":{"self":[{"href":"https:\/\/www.pvchall.eu\/sv\/wp-json\/wp\/v2\/pages\/1209","targetHints":{"allow":["GET"]}}],"collection":[{"href":"https:\/\/www.pvchall.eu\/sv\/wp-json\/wp\/v2\/pages"}],"about":[{"href":"https:\/\/www.pvchall.eu\/sv\/wp-json\/wp\/v2\/types\/page"}],"author":[{"embeddable":true,"href":"https:\/\/www.pvchall.eu\/sv\/wp-json\/wp\/v2\/users\/1"}],"replies":[{"embeddable":true,"href":"https:\/\/www.pvchall.eu\/sv\/wp-json\/wp\/v2\/comments?post=1209"}],"version-history":[{"count":2,"href":"https:\/\/www.pvchall.eu\/sv\/wp-json\/wp\/v2\/pages\/1209\/revisions"}],"predecessor-version":[{"id":1773,"href":"https:\/\/www.pvchall.eu\/sv\/wp-json\/wp\/v2\/pages\/1209\/revisions\/1773"}],"wp:attachment":[{"href":"https:\/\/www.pvchall.eu\/sv\/wp-json\/wp\/v2\/media?parent=1209"}],"curies":[{"name":"wp","href":"https:\/\/api.w.org\/{rel}","templated":true}]}}