{"id":409,"date":"2017-05-16T14:26:17","date_gmt":"2017-05-16T11:26:17","guid":{"rendered":"https:\/\/www.pvchall.eu\/?page_id=409\/"},"modified":"2021-05-22T06:29:58","modified_gmt":"2021-05-22T03:29:58","slug":"avaleht","status":"publish","type":"page","link":"https:\/\/www.pvchall.eu\/sv\/","title":{"rendered":"Startsida"},"content":{"rendered":"<div class=\"wpb-content-wrapper\">[vc_row][vc_column][rev_slider_vc alias=&#8221;esileht_rootsi&#8221;][\/vc_column][\/vc_row][vc_row css=&#8221;.vc_custom_1493297780903{margin-top: 70px !important;}&#8221; el_class=&#8221;tooted&#8221;][vc_column width=&#8221;1\/3&#8243; css=&#8221;.vc_custom_1493297557959{margin-bottom: 70px !important;}&#8221;][vc_single_image image=&#8221;1695&#8243; img_size=&#8221;full&#8221; alignment=&#8221;center&#8221; onclick=&#8221;custom_link&#8221; css=&#8221;.vc_custom_1621654180290{margin-bottom: 20px !important;}&#8221; link=&#8221;https:\/\/www.pvchall.eu\/sv\/produkter\/&#8221;][vc_custom_heading text=&#8221;PVC HALLAR&#8221; font_container=&#8221;tag:h2|font_size:20px|text_align:center|color:%23384059|line_height:22px&#8221; use_theme_fonts=&#8221;yes&#8221; link=&#8221;url:https%3A%2F%2Fwww.pvchall.eu%2Fsv%2Fprodukter%2F|||&#8221;][vc_column_text]\n<p style=\"text-align: center;\">Vi tillverkar olika PVC-hallar. V\u00e4lj ut \u00f6nskad hall och fr\u00e5ga om offert!<\/p>\n[\/vc_column_text][\/vc_column][vc_column width=&#8221;1\/3&#8243; css=&#8221;.vc_custom_1493297563551{margin-bottom: 70px !important;}&#8221;][vc_single_image image=&#8221;1018&#8243; img_size=&#8221;full&#8221; alignment=&#8221;center&#8221; onclick=&#8221;custom_link&#8221; css=&#8221;.vc_custom_1524217992943{margin-bottom: 20px !important;}&#8221; link=&#8221;https:\/\/www.pvchall.eu\/sv\/skarmtak\/&#8221;][vc_custom_heading text=&#8221;SK\u00c4RMTAK&#8221; font_container=&#8221;tag:h2|font_size:20px|text_align:center|color:%23384059|line_height:22px&#8221; use_theme_fonts=&#8221;yes&#8221; link=&#8221;url:https%3A%2F%2Fwww.pvchall.eu%2Fsv%2Fskarmtak%2F|||&#8221;][vc_column_text]\n<p style=\"text-align: center;\">V\u00e5rt produkturval inkluderar olika skydd f\u00f6r tr\u00e4industrin. L\u00e4s mer h\u00e4r!<\/p>\n[\/vc_column_text][\/vc_column][vc_column width=&#8221;1\/3&#8243; css=&#8221;.vc_custom_1493297569159{margin-bottom: 70px !important;}&#8221;][vc_single_image image=&#8221;1654&#8243; img_size=&#8221;full&#8221; alignment=&#8221;center&#8221; onclick=&#8221;custom_link&#8221; css=&#8221;.vc_custom_1621654193853{margin-bottom: 20px !important;}&#8221; link=&#8221;https:\/\/www.pvchall.eu\/sv\/arkadhall\/&#8221;][vc_custom_heading text=&#8221;ARKADHALL&#8221; font_container=&#8221;tag:h2|font_size:20px|text_align:center|color:%23384059|line_height:22px&#8221; use_theme_fonts=&#8221;yes&#8221; link=&#8221;url:https%3A%2F%2Fwww.pvchall.eu%2Fsv%2Farkadhall%2F|||&#8221;][vc_column_text]\n<p style=\"text-align: center;\">Vi erbjuder \u00e4ven montering av v\u00e5ra produkter.<br \/>\nL\u00e4s mer h\u00e4r!<\/p>\n[\/vc_column_text][\/vc_column][\/vc_row][vc_row][vc_column][ctitle title=&#8221;PRODUKTER&#8221; color=&#8221;#384059&#8243; background=&#8221;#ffffff&#8221; font_size=&#8221;25&#8243; font_weight=&#8221;600&#8243; separator_color=&#8221;#e6e6e6&#8243; el_class=&#8221;pealk&#8221;][\/vc_column][\/vc_row][vc_row][vc_column width=&#8221;1\/2&#8243; el_class=&#8221;toode vasak&#8221;][vc_row_inner][vc_column_inner width=&#8221;1\/2&#8243;][vc_single_image image=&#8221;230&#8243; img_size=&#8221;full&#8221; alignment=&#8221;center&#8221;][\/vc_column_inner][vc_column_inner width=&#8221;1\/2&#8243;][vc_custom_heading text=&#8221;PVC-hallar med bredd p\u00e5 10m&#8221; font_container=&#8221;tag:h3|font_size:20px|text_align:left|color:%23384059|line_height:22px&#8221; use_theme_fonts=&#8221;yes&#8221; link=&#8221;url:https%3A%2F%2Fwww.pvchall.eu%2Fsv%2Fprodukt%2Fpvc-hallar-med-bredd-pa-10m%2F|||&#8221;][vc_column_text]\n<ul>\n<li>Snabb montering<\/li>\n<li>F\u00f6rm\u00e5nliga priser p\u00e5 PVC-hallar<\/li>\n<li>Kan flyttas vid behov<\/li>\n<li>Taket sl\u00e4pper igenom dagsljus, inget behov av extra belysning<\/li>\n<li>Praktiskt taget inga underh\u00e5llskostnader<\/li>\n<li>PVC-bel\u00e4ggningen h\u00e5ller i \u00f6ver 30 \u00e5r<\/li>\n<\/ul>\n[\/vc_column_text][\/vc_column_inner][\/vc_row_inner][vc_column_text el_class=&#8221;loe_tooteinfot&#8221;]<a href=\"https:\/\/www.pvchall.eu\/sv\/produkt\/pvc-hallar-med-bredd-pa-10m\/\">L\u00c4S MER<\/a>[\/vc_column_text][\/vc_column][vc_column width=&#8221;1\/2&#8243; el_class=&#8221;toode parem&#8221;][vc_row_inner][vc_column_inner width=&#8221;1\/2&#8243;][vc_single_image image=&#8221;230&#8243; img_size=&#8221;full&#8221; alignment=&#8221;center&#8221;][\/vc_column_inner][vc_column_inner width=&#8221;1\/2&#8243;][vc_custom_heading text=&#8221;PVC-hallar med bredd p\u00e5 15m&#8221; font_container=&#8221;tag:h3|font_size:20px|text_align:left|color:%23384059|line_height:22px&#8221; use_theme_fonts=&#8221;yes&#8221; link=&#8221;url:https%3A%2F%2Fwww.pvchall.eu%2Fsv%2Fprodukt%2Fpvc-hallar-med-bredd-pa-15m%2F|||&#8221;][vc_column_text]\n<ul>\n<li>Snabb montering<\/li>\n<li>F\u00f6rm\u00e5nliga priser p\u00e5 PVC-hallar<\/li>\n<li>Kan flyttas vid behov<\/li>\n<li>Taket sl\u00e4pper igenom dagsljus, inget behov av extra belysning<\/li>\n<li>Praktiskt taget inga underh\u00e5llskostnader<\/li>\n<li>PVC-bel\u00e4ggningen h\u00e5ller i \u00f6ver 30 \u00e5r<\/li>\n<\/ul>\n[\/vc_column_text][\/vc_column_inner][\/vc_row_inner][vc_column_text el_class=&#8221;loe_tooteinfot&#8221;]<a href=\"https:\/\/www.pvchall.eu\/sv\/produkt\/pvc-hallar-med-bredd-pa-15m\/\">L\u00c4S MER<\/a>[\/vc_column_text][\/vc_column][\/vc_row][vc_row][vc_column width=&#8221;1\/2&#8243; el_class=&#8221;toode vasak&#8221;][vc_row_inner][vc_column_inner width=&#8221;1\/2&#8243;][vc_single_image image=&#8221;230&#8243; img_size=&#8221;full&#8221; alignment=&#8221;center&#8221;][\/vc_column_inner][vc_column_inner width=&#8221;1\/2&#8243;][vc_custom_heading text=&#8221;PVC-hallar med bredd p\u00e5 20m&#8221; font_container=&#8221;tag:h3|font_size:20px|text_align:left|color:%23384059|line_height:22px&#8221; use_theme_fonts=&#8221;yes&#8221; link=&#8221;url:https%3A%2F%2Fwww.pvchall.eu%2Fsv%2Fprodukt%2Fpvc-hallar-med-bredd-pa-20m%2F|||&#8221;][vc_column_text]\n<ul>\n<li>Snabb montering<\/li>\n<li>F\u00f6rm\u00e5nliga priser p\u00e5 PVC-hallar<\/li>\n<li>Kan flyttas vid behov<\/li>\n<li>Taket sl\u00e4pper igenom dagsljus, inget behov av extra belysning<\/li>\n<li>Praktiskt taget inga underh\u00e5llskostnader<\/li>\n<li>PVC-bel\u00e4ggningen h\u00e5ller i \u00f6ver 30 \u00e5r<\/li>\n<\/ul>\n[\/vc_column_text][\/vc_column_inner][\/vc_row_inner][vc_column_text el_class=&#8221;loe_tooteinfot&#8221;]<a href=\"https:\/\/www.pvchall.eu\/sv\/produkt\/pvc-hallar-med-bredd-pa-20m\/\">L\u00c4S MER<\/a>[\/vc_column_text][\/vc_column][vc_column width=&#8221;1\/2&#8243; el_class=&#8221;toode parem&#8221;][vc_row_inner][vc_column_inner width=&#8221;1\/2&#8243;][vc_single_image image=&#8221;230&#8243; img_size=&#8221;full&#8221; alignment=&#8221;center&#8221;][\/vc_column_inner][vc_column_inner width=&#8221;1\/2&#8243;][vc_custom_heading text=&#8221;PVC-hallar med bredd p\u00e5 25m&#8221; font_container=&#8221;tag:h3|font_size:20px|text_align:left|color:%23384059|line_height:22px&#8221; use_theme_fonts=&#8221;yes&#8221; link=&#8221;url:https%3A%2F%2Fwww.pvchall.eu%2Fsv%2Fprodukt%2Fpvc-hallar-med-bredd-pa-25m%2F|||&#8221;][vc_column_text]\n<ul>\n<li>Snabb montering<\/li>\n<li>F\u00f6rm\u00e5nliga priser p\u00e5 PVC-hallar<\/li>\n<li>Kan flyttas vid behov<\/li>\n<li>Taket sl\u00e4pper igenom dagsljus, inget behov av extra belysning<\/li>\n<li>Praktiskt taget inga underh\u00e5llskostnader<\/li>\n<li>PVC-bel\u00e4ggningen h\u00e5ller i \u00f6ver 30 \u00e5r<\/li>\n<\/ul>\n[\/vc_column_text][\/vc_column_inner][\/vc_row_inner][vc_column_text el_class=&#8221;loe_tooteinfot&#8221;]<a href=\"https:\/\/www.pvchall.eu\/sv\/produkt\/pvc-hallar-med-bredd-pa-25m\/\">L\u00c4S MER<\/a>[\/vc_column_text][\/vc_column][\/vc_row][vc_row][vc_column width=&#8221;1\/2&#8243; el_class=&#8221;toode vasak&#8221;][vc_row_inner][vc_column_inner width=&#8221;1\/2&#8243;][vc_single_image image=&#8221;230&#8243; img_size=&#8221;full&#8221; alignment=&#8221;center&#8221;][\/vc_column_inner][vc_column_inner width=&#8221;1\/2&#8243;][vc_custom_heading text=&#8221;PVC-hallar med bredd p\u00e5 30m&#8221; font_container=&#8221;tag:h3|font_size:20px|text_align:left|color:%23384059|line_height:22px&#8221; use_theme_fonts=&#8221;yes&#8221; link=&#8221;url:https%3A%2F%2Fwww.pvchall.eu%2Fsv%2Fprodukt%2Fpvc-hallar-med-bredd-pa-30m%2F|||&#8221;][vc_column_text]\n<ul>\n<li>Snabb montering<\/li>\n<li>F\u00f6rm\u00e5nliga priser p\u00e5 PVC-hallar<\/li>\n<li>Kan flyttas vid behov<\/li>\n<li>Taket sl\u00e4pper igenom dagsljus, inget behov av extra belysning<\/li>\n<li>Praktiskt taget inga underh\u00e5llskostnader<\/li>\n<li>PVC-bel\u00e4ggningen h\u00e5ller i \u00f6ver 30 \u00e5r<\/li>\n<\/ul>\n[\/vc_column_text][\/vc_column_inner][\/vc_row_inner][vc_column_text el_class=&#8221;loe_tooteinfot&#8221;]<a href=\"https:\/\/www.pvchall.eu\/sv\/produkt\/pvc-hallar-med-bredd-pa-30m\/\">L\u00c4S MER<\/a>[\/vc_column_text][\/vc_column][vc_column width=&#8221;1\/2&#8243; el_class=&#8221;toode parem&#8221;][vc_row_inner][vc_column_inner width=&#8221;1\/2&#8243;][vc_single_image image=&#8221;230&#8243; img_size=&#8221;full&#8221; alignment=&#8221;center&#8221;][\/vc_column_inner][vc_column_inner width=&#8221;1\/2&#8243;][vc_custom_heading text=&#8221;PVC-hallar med bredd p\u00e5 35m&#8221; font_container=&#8221;tag:h3|font_size:20px|text_align:left|color:%23384059|line_height:22px&#8221; use_theme_fonts=&#8221;yes&#8221; link=&#8221;url:https%3A%2F%2Fwww.pvchall.eu%2Fsv%2Fprodukt%2Fpvc-hallar-med-bredd-pa-35m%2F|||&#8221;][vc_column_text]\n<ul>\n<li>Snabb montering<\/li>\n<li>F\u00f6rm\u00e5nliga priser p\u00e5 PVC-hallar<\/li>\n<li>Kan flyttas vid behov<\/li>\n<li>Taket sl\u00e4pper igenom dagsljus, inget behov av extra belysning<\/li>\n<li>Praktiskt taget inga underh\u00e5llskostnader<\/li>\n<li>PVC-bel\u00e4ggningen h\u00e5ller i \u00f6ver 30 \u00e5r<\/li>\n<\/ul>\n[\/vc_column_text][\/vc_column_inner][\/vc_row_inner][vc_column_text el_class=&#8221;loe_tooteinfot&#8221;]<a href=\"https:\/\/www.pvchall.eu\/sv\/produkt\/pvc-hallar-med-bredd-pa-35m\/\">L\u00c4S MER<\/a>[\/vc_column_text][\/vc_column][\/vc_row][vc_row css=&#8221;.vc_custom_1494330717995{margin-top: 20px !important;}&#8221;][vc_column][ctitle title=&#8221;SE ALLA PRODUKTER H\u00c4R&#8221; href=&#8221;https:\/\/www.pvchall.eu\/sv\/produkter\/&#8221; color=&#8221;#384059&#8243; background=&#8221;#ffffff&#8221; font_size=&#8221;20&#8243; font_weight=&#8221;600&#8243; separator_color=&#8221;#e6e6e6&#8243; el_class=&#8221;pealk&#8221;][\/vc_column][\/vc_row][vc_row css=&#8221;.vc_custom_1494330858034{background-color: #f3f3f3 !important;}&#8221; el_class=&#8221;kasutuselevott&#8221;][vc_column][vc_custom_heading text=&#8221;PVC-HALLAR \u00c4R EN SMART INVESTERING&#8221; font_container=&#8221;tag:h4|font_size:25px|text_align:center|color:%23384059|line_height:25px&#8221; use_theme_fonts=&#8221;yes&#8221;][vc_separator_2 color_line=&#8221;#a0a84f&#8221; padding_top=&#8221;15&#8243; padding_bottom=&#8221;15&#8243;][vc_column_text]\n<p style=\"text-align: center;\">Snabb montering<br \/>\nF\u00f6rm\u00e5nliga priser p\u00e5 PVC-hallar<br \/>\nKan flyttas vid behov<br \/>\nTaket sl\u00e4pper igenom dagsljus, inget behov av extra belysning<br \/>\nPraktiskt taget inga underh\u00e5llskostnader<br \/>\nPVC-bel\u00e4ggningen h\u00e5ller i \u00f6ver 30 \u00e5r<\/p>\n[\/vc_column_text][vc_gallery type=&#8221;image_grid&#8221; images=&#8221;192,193,195&#8243; img_size=&#8221;335&#215;250&#8243; onclick=&#8221;img_link_large&#8221; slider_width=&#8221;100%&#8221; el_class=&#8221;galerii-all&#8221;][\/vc_column][\/vc_row]\n<\/div>","protected":false},"excerpt":{"rendered":"<p>[vc_row][vc_column][rev_slider_vc alias=&#8221;esileht_rootsi&#8221;][\/vc_column][\/vc_row][vc_row css=&#8221;.vc_custom_1493297780903{margin-top: 70px !important;}&#8221; el_class=&#8221;tooted&#8221;][vc_column width=&#8221;1\/3&#8243; css=&#8221;.vc_custom_1493297557959{margin-bottom: 70px !important;}&#8221;][vc_single_image image=&#8221;1695&#8243; img_size=&#8221;full&#8221; alignment=&#8221;center&#8221; onclick=&#8221;custom_link&#8221; css=&#8221;.vc_custom_1621654180290{margin-bottom: 20px !important;}&#8221; link=&#8221;https:\/\/www.pvchall.eu\/sv\/produkter\/&#8221;][vc_custom_heading text=&#8221;PVC HALLAR&#8221; font_container=&#8221;tag:h2|font_size:20px|text_align:center|color:%23384059|line_height:22px&#8221; use_theme_fonts=&#8221;yes&#8221; link=&#8221;url:https%3A%2F%2Fwww.pvchall.eu%2Fsv%2Fprodukter%2F|||&#8221;][vc_column_text] Vi tillverkar olika PVC-hallar. V\u00e4lj ut \u00f6nskad hall och fr\u00e5ga om offert! [\/vc_column_text][\/vc_column][vc_column width=&#8221;1\/3&#8243; css=&#8221;.vc_custom_1493297563551{margin-bottom: 70px !important;}&#8221;][vc_single_image image=&#8221;1018&#8243; img_size=&#8221;full&#8221; alignment=&#8221;center&#8221; onclick=&#8221;custom_link&#8221; css=&#8221;.vc_custom_1524217992943{margin-bottom: 20px !important;}&#8221; link=&#8221;https:\/\/www.pvchall.eu\/sv\/skarmtak\/&#8221;][vc_custom_heading text=&#8221;SK\u00c4RMTAK&#8221; font_container=&#8221;tag:h2|font_size:20px|text_align:center|color:%23384059|line_height:22px&#8221; use_theme_fonts=&#8221;yes&#8221; link=&#8221;url:https%3A%2F%2Fwww.pvchall.eu%2Fsv%2Fskarmtak%2F|||&#8221;][vc_column_text] V\u00e5rt produkturval inkluderar&#8230;<\/p>\n","protected":false},"author":1,"featured_media":0,"parent":0,"menu_order":0,"comment_status":"closed","ping_status":"closed","template":"page-full.php","meta":{"_acf_changed":false,"footnotes":""},"class_list":["post-409","page","type-page","status-publish","hentry"],"acf":[],"yoast_head":"<!-- This site is optimized with the Yoast SEO plugin v25.6 - https:\/\/yoast.com\/wordpress\/plugins\/seo\/ -->\n<title>Startsida | PVC Hallid | PVC hallide hinnad | PVC hallide m\u00fc\u00fck<\/title>\n<meta name=\"description\" content=\"PVC hallide m\u00fc\u00fck ja PVC hallide hinnad - meie lehelt saad k\u00f5ik vajaliku t\u00e4pselt teada. Vaata edasi siit\" \/>\n<meta name=\"robots\" content=\"index, follow, max-snippet:-1, max-image-preview:large, max-video-preview:-1\" \/>\n<link rel=\"canonical\" href=\"https:\/\/www.pvchall.eu\/sv\/\" \/>\n<meta property=\"og:locale\" content=\"sv_SE\" \/>\n<meta property=\"og:type\" content=\"article\" \/>\n<meta property=\"og:title\" content=\"Startsida | PVC Hallid | PVC hallide hinnad | PVC hallide m\u00fc\u00fck\" \/>\n<meta property=\"og:description\" content=\"PVC hallide m\u00fc\u00fck ja PVC hallide hinnad - meie lehelt saad k\u00f5ik vajaliku t\u00e4pselt teada. Vaata edasi siit\" \/>\n<meta property=\"og:url\" content=\"https:\/\/www.pvchall.eu\/sv\/\" \/>\n<meta property=\"og:site_name\" content=\"PVC Hallid | PVC hallide hinnad | PVC hallide m\u00fc\u00fck\" \/>\n<meta property=\"article:modified_time\" content=\"2021-05-22T03:29:58+00:00\" \/>\n<meta name=\"twitter:card\" content=\"summary_large_image\" \/>\n<meta name=\"twitter:label1\" content=\"Ber\u00e4knad l\u00e4stid\" \/>\n\t<meta name=\"twitter:data1\" content=\"6 minuter\" \/>\n<script type=\"application\/ld+json\" class=\"yoast-schema-graph\">{\"@context\":\"https:\/\/schema.org\",\"@graph\":[{\"@type\":\"WebPage\",\"@id\":\"https:\/\/www.pvchall.eu\/sv\/\",\"url\":\"https:\/\/www.pvchall.eu\/sv\/\",\"name\":\"Startsida | PVC Hallid | PVC hallide hinnad | PVC hallide m\u00fc\u00fck\",\"isPartOf\":{\"@id\":\"https:\/\/www.pvchall.eu\/#website\"},\"datePublished\":\"2017-05-16T11:26:17+00:00\",\"dateModified\":\"2021-05-22T03:29:58+00:00\",\"description\":\"PVC hallide m\u00fc\u00fck ja PVC hallide hinnad - meie lehelt saad k\u00f5ik vajaliku t\u00e4pselt teada. Vaata edasi siit\",\"breadcrumb\":{\"@id\":\"https:\/\/www.pvchall.eu\/sv\/#breadcrumb\"},\"inLanguage\":\"sv-SE\",\"potentialAction\":[{\"@type\":\"ReadAction\",\"target\":[\"https:\/\/www.pvchall.eu\/sv\/\"]}]},{\"@type\":\"BreadcrumbList\",\"@id\":\"https:\/\/www.pvchall.eu\/sv\/#breadcrumb\",\"itemListElement\":[{\"@type\":\"ListItem\",\"position\":1,\"name\":\"Home\",\"item\":\"https:\/\/www.pvchall.eu\/sv\/\"},{\"@type\":\"ListItem\",\"position\":2,\"name\":\"Startsida\"}]},{\"@type\":\"WebSite\",\"@id\":\"https:\/\/www.pvchall.eu\/#website\",\"url\":\"https:\/\/www.pvchall.eu\/\",\"name\":\"PVC Hallid | PVC hallide hinnad | PVC hallide m\u00fc\u00fck\",\"description\":\"PVC Hallid otse tootjalt | PVC hallide hinnad | PVC hallide m\u00fc\u00fck\",\"potentialAction\":[{\"@type\":\"SearchAction\",\"target\":{\"@type\":\"EntryPoint\",\"urlTemplate\":\"https:\/\/www.pvchall.eu\/?s={search_term_string}\"},\"query-input\":{\"@type\":\"PropertyValueSpecification\",\"valueRequired\":true,\"valueName\":\"search_term_string\"}}],\"inLanguage\":\"sv-SE\"}]}<\/script>\n<!-- \/ Yoast SEO plugin. -->","yoast_head_json":{"title":"Startsida | PVC Hallid | PVC hallide hinnad | PVC hallide m\u00fc\u00fck","description":"PVC hallide m\u00fc\u00fck ja PVC hallide hinnad - meie lehelt saad k\u00f5ik vajaliku t\u00e4pselt teada. Vaata edasi siit","robots":{"index":"index","follow":"follow","max-snippet":"max-snippet:-1","max-image-preview":"max-image-preview:large","max-video-preview":"max-video-preview:-1"},"canonical":"https:\/\/www.pvchall.eu\/sv\/","og_locale":"sv_SE","og_type":"article","og_title":"Startsida | PVC Hallid | PVC hallide hinnad | PVC hallide m\u00fc\u00fck","og_description":"PVC hallide m\u00fc\u00fck ja PVC hallide hinnad - meie lehelt saad k\u00f5ik vajaliku t\u00e4pselt teada. Vaata edasi siit","og_url":"https:\/\/www.pvchall.eu\/sv\/","og_site_name":"PVC Hallid | PVC hallide hinnad | PVC hallide m\u00fc\u00fck","article_modified_time":"2021-05-22T03:29:58+00:00","twitter_card":"summary_large_image","twitter_misc":{"Ber\u00e4knad l\u00e4stid":"6 minuter"},"schema":{"@context":"https:\/\/schema.org","@graph":[{"@type":"WebPage","@id":"https:\/\/www.pvchall.eu\/sv\/","url":"https:\/\/www.pvchall.eu\/sv\/","name":"Startsida | PVC Hallid | PVC hallide hinnad | PVC hallide m\u00fc\u00fck","isPartOf":{"@id":"https:\/\/www.pvchall.eu\/#website"},"datePublished":"2017-05-16T11:26:17+00:00","dateModified":"2021-05-22T03:29:58+00:00","description":"PVC hallide m\u00fc\u00fck ja PVC hallide hinnad - meie lehelt saad k\u00f5ik vajaliku t\u00e4pselt teada. Vaata edasi siit","breadcrumb":{"@id":"https:\/\/www.pvchall.eu\/sv\/#breadcrumb"},"inLanguage":"sv-SE","potentialAction":[{"@type":"ReadAction","target":["https:\/\/www.pvchall.eu\/sv\/"]}]},{"@type":"BreadcrumbList","@id":"https:\/\/www.pvchall.eu\/sv\/#breadcrumb","itemListElement":[{"@type":"ListItem","position":1,"name":"Home","item":"https:\/\/www.pvchall.eu\/sv\/"},{"@type":"ListItem","position":2,"name":"Startsida"}]},{"@type":"WebSite","@id":"https:\/\/www.pvchall.eu\/#website","url":"https:\/\/www.pvchall.eu\/","name":"PVC Hallid | PVC hallide hinnad | PVC hallide m\u00fc\u00fck","description":"PVC Hallid otse tootjalt | PVC hallide hinnad | PVC hallide m\u00fc\u00fck","potentialAction":[{"@type":"SearchAction","target":{"@type":"EntryPoint","urlTemplate":"https:\/\/www.pvchall.eu\/?s={search_term_string}"},"query-input":{"@type":"PropertyValueSpecification","valueRequired":true,"valueName":"search_term_string"}}],"inLanguage":"sv-SE"}]}},"_links":{"self":[{"href":"https:\/\/www.pvchall.eu\/sv\/wp-json\/wp\/v2\/pages\/409","targetHints":{"allow":["GET"]}}],"collection":[{"href":"https:\/\/www.pvchall.eu\/sv\/wp-json\/wp\/v2\/pages"}],"about":[{"href":"https:\/\/www.pvchall.eu\/sv\/wp-json\/wp\/v2\/types\/page"}],"author":[{"embeddable":true,"href":"https:\/\/www.pvchall.eu\/sv\/wp-json\/wp\/v2\/users\/1"}],"replies":[{"embeddable":true,"href":"https:\/\/www.pvchall.eu\/sv\/wp-json\/wp\/v2\/comments?post=409"}],"version-history":[{"count":13,"href":"https:\/\/www.pvchall.eu\/sv\/wp-json\/wp\/v2\/pages\/409\/revisions"}],"predecessor-version":[{"id":2170,"href":"https:\/\/www.pvchall.eu\/sv\/wp-json\/wp\/v2\/pages\/409\/revisions\/2170"}],"wp:attachment":[{"href":"https:\/\/www.pvchall.eu\/sv\/wp-json\/wp\/v2\/media?parent=409"}],"curies":[{"name":"wp","href":"https:\/\/api.w.org\/{rel}","templated":true}]}}