{"id":625,"date":"2017-04-25T17:16:22","date_gmt":"2017-04-25T14:16:22","guid":{"rendered":"https:\/\/www.pvchall.eu\/?page_id=625\/"},"modified":"2025-09-24T07:01:13","modified_gmt":"2025-09-24T04:01:13","slug":"kontakt","status":"publish","type":"page","link":"https:\/\/www.pvchall.eu\/sv\/kontakt\/","title":{"rendered":"Kontakt"},"content":{"rendered":"<div class=\"wpb-content-wrapper\">[vc_row el_class=&#8221;pealkir&#8221;][vc_column][vc_custom_heading text=&#8221;Kontakt&#8221; font_container=&#8221;tag:h1|font_size:33px|text_align:center|color:%23ffffff|line_height:35px&#8221; use_theme_fonts=&#8221;yes&#8221;][\/vc_column][\/vc_row][vc_row el_class=&#8221;company-data&#8221; css=&#8221;.vc_custom_1620040579194{margin-bottom: 75px !important;}&#8221;][vc_column width=&#8221;1\/4&#8243;][vc_column_text]Harjumaa, Lagedi, T\u00f6\u00f6stuse 12<\/p>\n<p>E-mail: info@pvchall.eu<\/p>\n[\/vc_column_text][\/vc_column][vc_column width=&#8221;3\/4&#8243;][vc_row_inner el_class=&#8221;company-members&#8221; css=&#8221;.vc_custom_1620037461662{padding-right: 0px !important;padding-left: 0px !important;}&#8221;][vc_column_inner el_class=&#8221;company-member&#8221; width=&#8221;1\/3&#8243;][vc_single_image image=&#8221;2288&#8243; img_size=&#8221;full&#8221; el_class=&#8221;company-member-image&#8221;][vc_column_text el_class=&#8221;company-member-text&#8221;][\/vc_column_text][\/vc_column_inner][\/vc_row_inner][\/vc_column][\/vc_row][vc_row el_class=&#8221;main-activity&#8221;][vc_column width=&#8221;1\/2&#8243;][vc_column_text]Huvudverksamheten av \u00a0utg\u00f6rs av tillverkning, f\u00f6rs\u00e4ljning och montering av PVC-hallar.<\/p>\n<p>V\u00e5rt produkturval inkluderar PVC-kl\u00e4dda hallar med bredd fr\u00e5n 10m upp till 65 meter. L\u00e4ngden p\u00e5 hallar som vi har projekterat \u00e4r upp till 100 meter. Varje PVC-kl\u00e4dd hall projekteras med h\u00e4nsyn till sn\u00f6- och vindlaster i det omr\u00e5de d\u00e4r hallen ska uppf\u00f6ras. Vind- och sn\u00f6last ber\u00e4knas enligt EC3-parametrar: sn\u00f6last 1.8 kN\/m2, vindlast 32m\/s, s\u00e4kerhetsfaktor 1,5.<\/p>\n<p>Den PVC-bel\u00e4ggning som vi anv\u00e4nder f\u00f6r v\u00e5ra hallar \u00e4r brand- och v\u00e4derbest\u00e4ndig. Den \u00e4r \u00e4ven fullst\u00e4ndigt UV-best\u00e4ndig och motst\u00e5ndskraftig mot m\u00f6gel och r\u00f6ta.<\/p>\n<p>St\u00e5lkonstruktionen \u00e4r varmf\u00f6rzinkad och tillverkad i enlighet med standarder ISO 1090-2 och EN ISO 3834-3, vid behov \u00e4ven lackerad.<\/p>\n<p>PVC-hallar som vi tillverkar och projekterar \u00e4r l\u00e4mpliga att anv\u00e4ndas som:<\/p>\n<ul>\n<li>Lagerhallar<\/li>\n<li>Produktionshallar<\/li>\n<li>Idrottshallar<\/li>\n<li>Hamnlokaler<\/li>\n<li>Flygplatshangarer<\/li>\n<li>Lokaler f\u00f6r skogs- och tr\u00e4industrin<\/li>\n<\/ul>\n[\/vc_column_text][\/vc_column][vc_column width=&#8221;1\/2&#8243;][vc_single_image image=&#8221;2007&#8243; img_size=&#8221;full&#8221;][\/vc_column][\/vc_row]\n<\/div>","protected":false},"excerpt":{"rendered":"<p>[vc_row el_class=&#8221;pealkir&#8221;][vc_column][vc_custom_heading text=&#8221;Kontakt&#8221; font_container=&#8221;tag:h1|font_size:33px|text_align:center|color:%23ffffff|line_height:35px&#8221; use_theme_fonts=&#8221;yes&#8221;][\/vc_column][\/vc_row][vc_row el_class=&#8221;company-data&#8221; css=&#8221;.vc_custom_1620040579194{margin-bottom: 75px !important;}&#8221;][vc_column width=&#8221;1\/4&#8243;][vc_column_text]Harjumaa, Lagedi, T\u00f6\u00f6stuse 12 E-mail: info@pvchall.eu [\/vc_column_text][\/vc_column][vc_column width=&#8221;3\/4&#8243;][vc_row_inner el_class=&#8221;company-members&#8221; css=&#8221;.vc_custom_1620037461662{padding-right: 0px !important;padding-left: 0px !important;}&#8221;][vc_column_inner el_class=&#8221;company-member&#8221; width=&#8221;1\/3&#8243;][vc_single_image image=&#8221;2288&#8243; img_size=&#8221;full&#8221; el_class=&#8221;company-member-image&#8221;][vc_column_text el_class=&#8221;company-member-text&#8221;][\/vc_column_text][\/vc_column_inner][\/vc_row_inner][\/vc_column][\/vc_row][vc_row el_class=&#8221;main-activity&#8221;][vc_column width=&#8221;1\/2&#8243;][vc_column_text]Huvudverksamheten av \u00a0utg\u00f6rs av tillverkning, f\u00f6rs\u00e4ljning och montering av PVC-hallar. V\u00e5rt produkturval inkluderar PVC-kl\u00e4dda hallar med bredd fr\u00e5n 10m upp till 65 meter. L\u00e4ngden p\u00e5&#8230;<\/p>\n","protected":false},"author":1,"featured_media":0,"parent":0,"menu_order":0,"comment_status":"closed","ping_status":"closed","template":"page-full.php","meta":{"_acf_changed":false,"footnotes":""},"class_list":["post-625","page","type-page","status-publish","hentry"],"acf":[],"yoast_head":"<!-- This site is optimized with the Yoast SEO plugin v25.6 - https:\/\/yoast.com\/wordpress\/plugins\/seo\/ -->\n<title>Kontakt | PVC Hallid | PVC hallide hinnad | PVC hallide m\u00fc\u00fck<\/title>\n<meta name=\"description\" content=\"PVC hallide m\u00fc\u00fck ja PVC hallide hinnad - meie lehelt saad k\u00f5ik vajaliku t\u00e4pselt teada. Vaata edasi siit\" \/>\n<meta name=\"robots\" content=\"index, follow, max-snippet:-1, max-image-preview:large, max-video-preview:-1\" \/>\n<link rel=\"canonical\" href=\"https:\/\/www.pvchall.eu\/sv\/kontakt\/\" \/>\n<meta property=\"og:locale\" content=\"sv_SE\" \/>\n<meta property=\"og:type\" content=\"article\" \/>\n<meta property=\"og:title\" content=\"Kontakt | PVC Hallid | PVC hallide hinnad | PVC hallide m\u00fc\u00fck\" \/>\n<meta property=\"og:description\" content=\"PVC hallide m\u00fc\u00fck ja PVC hallide hinnad - meie lehelt saad k\u00f5ik vajaliku t\u00e4pselt teada. Vaata edasi siit\" \/>\n<meta property=\"og:url\" content=\"https:\/\/www.pvchall.eu\/sv\/kontakt\/\" \/>\n<meta property=\"og:site_name\" content=\"PVC Hallid | PVC hallide hinnad | PVC hallide m\u00fc\u00fck\" \/>\n<meta property=\"article:modified_time\" content=\"2025-09-24T04:01:13+00:00\" \/>\n<meta name=\"twitter:card\" content=\"summary_large_image\" \/>\n<meta name=\"twitter:label1\" content=\"Ber\u00e4knad l\u00e4stid\" \/>\n\t<meta name=\"twitter:data1\" content=\"2 minuter\" \/>\n<script type=\"application\/ld+json\" class=\"yoast-schema-graph\">{\"@context\":\"https:\/\/schema.org\",\"@graph\":[{\"@type\":\"WebPage\",\"@id\":\"https:\/\/www.pvchall.eu\/sv\/kontakt\/\",\"url\":\"https:\/\/www.pvchall.eu\/sv\/kontakt\/\",\"name\":\"Kontakt | PVC Hallid | PVC hallide hinnad | PVC hallide m\u00fc\u00fck\",\"isPartOf\":{\"@id\":\"https:\/\/www.pvchall.eu\/#website\"},\"datePublished\":\"2017-04-25T14:16:22+00:00\",\"dateModified\":\"2025-09-24T04:01:13+00:00\",\"description\":\"PVC hallide m\u00fc\u00fck ja PVC hallide hinnad - meie lehelt saad k\u00f5ik vajaliku t\u00e4pselt teada. Vaata edasi siit\",\"breadcrumb\":{\"@id\":\"https:\/\/www.pvchall.eu\/sv\/kontakt\/#breadcrumb\"},\"inLanguage\":\"sv-SE\",\"potentialAction\":[{\"@type\":\"ReadAction\",\"target\":[\"https:\/\/www.pvchall.eu\/sv\/kontakt\/\"]}]},{\"@type\":\"BreadcrumbList\",\"@id\":\"https:\/\/www.pvchall.eu\/sv\/kontakt\/#breadcrumb\",\"itemListElement\":[{\"@type\":\"ListItem\",\"position\":1,\"name\":\"Home\",\"item\":\"https:\/\/www.pvchall.eu\/sv\/\"},{\"@type\":\"ListItem\",\"position\":2,\"name\":\"Kontakt\"}]},{\"@type\":\"WebSite\",\"@id\":\"https:\/\/www.pvchall.eu\/#website\",\"url\":\"https:\/\/www.pvchall.eu\/\",\"name\":\"PVC Hallid | PVC hallide hinnad | PVC hallide m\u00fc\u00fck\",\"description\":\"PVC Hallid otse tootjalt | PVC hallide hinnad | PVC hallide m\u00fc\u00fck\",\"potentialAction\":[{\"@type\":\"SearchAction\",\"target\":{\"@type\":\"EntryPoint\",\"urlTemplate\":\"https:\/\/www.pvchall.eu\/?s={search_term_string}\"},\"query-input\":{\"@type\":\"PropertyValueSpecification\",\"valueRequired\":true,\"valueName\":\"search_term_string\"}}],\"inLanguage\":\"sv-SE\"}]}<\/script>\n<!-- \/ Yoast SEO plugin. -->","yoast_head_json":{"title":"Kontakt | PVC Hallid | PVC hallide hinnad | PVC hallide m\u00fc\u00fck","description":"PVC hallide m\u00fc\u00fck ja PVC hallide hinnad - meie lehelt saad k\u00f5ik vajaliku t\u00e4pselt teada. Vaata edasi siit","robots":{"index":"index","follow":"follow","max-snippet":"max-snippet:-1","max-image-preview":"max-image-preview:large","max-video-preview":"max-video-preview:-1"},"canonical":"https:\/\/www.pvchall.eu\/sv\/kontakt\/","og_locale":"sv_SE","og_type":"article","og_title":"Kontakt | PVC Hallid | PVC hallide hinnad | PVC hallide m\u00fc\u00fck","og_description":"PVC hallide m\u00fc\u00fck ja PVC hallide hinnad - meie lehelt saad k\u00f5ik vajaliku t\u00e4pselt teada. Vaata edasi siit","og_url":"https:\/\/www.pvchall.eu\/sv\/kontakt\/","og_site_name":"PVC Hallid | PVC hallide hinnad | PVC hallide m\u00fc\u00fck","article_modified_time":"2025-09-24T04:01:13+00:00","twitter_card":"summary_large_image","twitter_misc":{"Ber\u00e4knad l\u00e4stid":"2 minuter"},"schema":{"@context":"https:\/\/schema.org","@graph":[{"@type":"WebPage","@id":"https:\/\/www.pvchall.eu\/sv\/kontakt\/","url":"https:\/\/www.pvchall.eu\/sv\/kontakt\/","name":"Kontakt | PVC Hallid | PVC hallide hinnad | PVC hallide m\u00fc\u00fck","isPartOf":{"@id":"https:\/\/www.pvchall.eu\/#website"},"datePublished":"2017-04-25T14:16:22+00:00","dateModified":"2025-09-24T04:01:13+00:00","description":"PVC hallide m\u00fc\u00fck ja PVC hallide hinnad - meie lehelt saad k\u00f5ik vajaliku t\u00e4pselt teada. Vaata edasi siit","breadcrumb":{"@id":"https:\/\/www.pvchall.eu\/sv\/kontakt\/#breadcrumb"},"inLanguage":"sv-SE","potentialAction":[{"@type":"ReadAction","target":["https:\/\/www.pvchall.eu\/sv\/kontakt\/"]}]},{"@type":"BreadcrumbList","@id":"https:\/\/www.pvchall.eu\/sv\/kontakt\/#breadcrumb","itemListElement":[{"@type":"ListItem","position":1,"name":"Home","item":"https:\/\/www.pvchall.eu\/sv\/"},{"@type":"ListItem","position":2,"name":"Kontakt"}]},{"@type":"WebSite","@id":"https:\/\/www.pvchall.eu\/#website","url":"https:\/\/www.pvchall.eu\/","name":"PVC Hallid | PVC hallide hinnad | PVC hallide m\u00fc\u00fck","description":"PVC Hallid otse tootjalt | PVC hallide hinnad | PVC hallide m\u00fc\u00fck","potentialAction":[{"@type":"SearchAction","target":{"@type":"EntryPoint","urlTemplate":"https:\/\/www.pvchall.eu\/?s={search_term_string}"},"query-input":{"@type":"PropertyValueSpecification","valueRequired":true,"valueName":"search_term_string"}}],"inLanguage":"sv-SE"}]}},"_links":{"self":[{"href":"https:\/\/www.pvchall.eu\/sv\/wp-json\/wp\/v2\/pages\/625","targetHints":{"allow":["GET"]}}],"collection":[{"href":"https:\/\/www.pvchall.eu\/sv\/wp-json\/wp\/v2\/pages"}],"about":[{"href":"https:\/\/www.pvchall.eu\/sv\/wp-json\/wp\/v2\/types\/page"}],"author":[{"embeddable":true,"href":"https:\/\/www.pvchall.eu\/sv\/wp-json\/wp\/v2\/users\/1"}],"replies":[{"embeddable":true,"href":"https:\/\/www.pvchall.eu\/sv\/wp-json\/wp\/v2\/comments?post=625"}],"version-history":[{"count":20,"href":"https:\/\/www.pvchall.eu\/sv\/wp-json\/wp\/v2\/pages\/625\/revisions"}],"predecessor-version":[{"id":2621,"href":"https:\/\/www.pvchall.eu\/sv\/wp-json\/wp\/v2\/pages\/625\/revisions\/2621"}],"wp:attachment":[{"href":"https:\/\/www.pvchall.eu\/sv\/wp-json\/wp\/v2\/media?parent=625"}],"curies":[{"name":"wp","href":"https:\/\/api.w.org\/{rel}","templated":true}]}}