{"id":627,"date":"2017-08-11T10:30:58","date_gmt":"2017-08-11T07:30:58","guid":{"rendered":"https:\/\/www.pvchall.eu\/?page_id=627\/"},"modified":"2018-04-20T12:52:51","modified_gmt":"2018-04-20T09:52:51","slug":"skarmtak","status":"publish","type":"page","link":"https:\/\/www.pvchall.eu\/sv\/skarmtak\/","title":{"rendered":"Sk\u00e4rmtak"},"content":{"rendered":"<div class=\"wpb-content-wrapper\">[vc_row el_class=&#8221;pealkir&#8221;][vc_column][vc_custom_heading text=&#8221;Sk\u00e4rmtak&#8221; font_container=&#8221;tag:h1|font_size:33px|text_align:center|color:%23ffffff|line_height:35px&#8221; use_theme_fonts=&#8221;yes&#8221;][\/vc_column][\/vc_row][vc_row][vc_column][vc_column_text]\n<div data-canvas-width=\"612.9526320419758\">\n<p>F\u00f6rutom tillverkning av egna produkter tillverkar vi metallkonstruktioner som underleverant\u00f6r.<\/p>\n<ul>\n<li>St\u00e5lpelare<\/li>\n<li>Takstolar<\/li>\n<li>B\u00e4rande takbalkar<\/li>\n<\/ul>\n<p>VID BEHOV TILLHANDAH\u00c5LLER VI \u00c4VEN MONTERING AV ALLA PRODUKTER!<\/p>\n<p>&nbsp;<\/p>\n<\/div>\n[\/vc_column_text][\/vc_column][\/vc_row][vc_row][vc_column width=&#8221;1\/4&#8243;][vc_single_image image=&#8221;243&#8243; onclick=&#8221;img_link_large&#8221;][\/vc_column][vc_column width=&#8221;1\/4&#8243;][vc_single_image image=&#8221;244&#8243;][\/vc_column][vc_column width=&#8221;1\/4&#8243;][vc_single_image image=&#8221;242&#8243; onclick=&#8221;img_link_large&#8221;][\/vc_column][vc_column width=&#8221;1\/4&#8243;][vc_single_image image=&#8221;246&#8243; onclick=&#8221;img_link_large&#8221;][\/vc_column][\/vc_row]\n<\/div>","protected":false},"excerpt":{"rendered":"<p>[vc_row el_class=&#8221;pealkir&#8221;][vc_column][vc_custom_heading text=&#8221;Sk\u00e4rmtak&#8221; font_container=&#8221;tag:h1|font_size:33px|text_align:center|color:%23ffffff|line_height:35px&#8221; use_theme_fonts=&#8221;yes&#8221;][\/vc_column][\/vc_row][vc_row][vc_column][vc_column_text] F\u00f6rutom tillverkning av egna produkter tillverkar vi metallkonstruktioner som underleverant\u00f6r. St\u00e5lpelare Takstolar B\u00e4rande takbalkar VID BEHOV TILLHANDAH\u00c5LLER VI \u00c4VEN MONTERING AV ALLA PRODUKTER! &nbsp; [\/vc_column_text][\/vc_column][\/vc_row][vc_row][vc_column width=&#8221;1\/4&#8243;][vc_single_image image=&#8221;243&#8243; onclick=&#8221;img_link_large&#8221;][\/vc_column][vc_column width=&#8221;1\/4&#8243;][vc_single_image image=&#8221;244&#8243;][\/vc_column][vc_column width=&#8221;1\/4&#8243;][vc_single_image image=&#8221;242&#8243; onclick=&#8221;img_link_large&#8221;][\/vc_column][vc_column width=&#8221;1\/4&#8243;][vc_single_image image=&#8221;246&#8243; onclick=&#8221;img_link_large&#8221;][\/vc_column][\/vc_row]<\/p>\n","protected":false},"author":1,"featured_media":0,"parent":0,"menu_order":0,"comment_status":"closed","ping_status":"closed","template":"page-full.php","meta":{"_acf_changed":false,"footnotes":""},"class_list":["post-627","page","type-page","status-publish","hentry"],"acf":[],"yoast_head":"<!-- This site is optimized with the Yoast SEO plugin v25.6 - https:\/\/yoast.com\/wordpress\/plugins\/seo\/ -->\n<title>Sk\u00e4rmtak | PVC Hallid | PVC hallide hinnad | PVC hallide m\u00fc\u00fck<\/title>\n<meta name=\"description\" content=\"PVC hallide m\u00fc\u00fck ja PVC hallide hinnad - meie lehelt saad k\u00f5ik vajaliku t\u00e4pselt teada. Vaata edasi siit\" \/>\n<meta name=\"robots\" content=\"index, follow, max-snippet:-1, max-image-preview:large, max-video-preview:-1\" \/>\n<link rel=\"canonical\" href=\"https:\/\/www.pvchall.eu\/sv\/skarmtak\/\" \/>\n<meta property=\"og:locale\" content=\"sv_SE\" \/>\n<meta property=\"og:type\" content=\"article\" \/>\n<meta property=\"og:title\" content=\"Sk\u00e4rmtak | PVC Hallid | PVC hallide hinnad | PVC hallide m\u00fc\u00fck\" \/>\n<meta property=\"og:description\" content=\"PVC hallide m\u00fc\u00fck ja PVC hallide hinnad - meie lehelt saad k\u00f5ik vajaliku t\u00e4pselt teada. Vaata edasi siit\" \/>\n<meta property=\"og:url\" content=\"https:\/\/www.pvchall.eu\/sv\/skarmtak\/\" \/>\n<meta property=\"og:site_name\" content=\"PVC Hallid | PVC hallide hinnad | PVC hallide m\u00fc\u00fck\" \/>\n<meta property=\"article:modified_time\" content=\"2018-04-20T09:52:51+00:00\" \/>\n<meta name=\"twitter:card\" content=\"summary_large_image\" \/>\n<meta name=\"twitter:label1\" content=\"Ber\u00e4knad l\u00e4stid\" \/>\n\t<meta name=\"twitter:data1\" content=\"1 minut\" \/>\n<script type=\"application\/ld+json\" class=\"yoast-schema-graph\">{\"@context\":\"https:\/\/schema.org\",\"@graph\":[{\"@type\":\"WebPage\",\"@id\":\"https:\/\/www.pvchall.eu\/sv\/skarmtak\/\",\"url\":\"https:\/\/www.pvchall.eu\/sv\/skarmtak\/\",\"name\":\"Sk\u00e4rmtak | PVC Hallid | PVC hallide hinnad | PVC hallide m\u00fc\u00fck\",\"isPartOf\":{\"@id\":\"https:\/\/www.pvchall.eu\/#website\"},\"datePublished\":\"2017-08-11T07:30:58+00:00\",\"dateModified\":\"2018-04-20T09:52:51+00:00\",\"description\":\"PVC hallide m\u00fc\u00fck ja PVC hallide hinnad - meie lehelt saad k\u00f5ik vajaliku t\u00e4pselt teada. Vaata edasi siit\",\"breadcrumb\":{\"@id\":\"https:\/\/www.pvchall.eu\/sv\/skarmtak\/#breadcrumb\"},\"inLanguage\":\"sv-SE\",\"potentialAction\":[{\"@type\":\"ReadAction\",\"target\":[\"https:\/\/www.pvchall.eu\/sv\/skarmtak\/\"]}]},{\"@type\":\"BreadcrumbList\",\"@id\":\"https:\/\/www.pvchall.eu\/sv\/skarmtak\/#breadcrumb\",\"itemListElement\":[{\"@type\":\"ListItem\",\"position\":1,\"name\":\"Home\",\"item\":\"https:\/\/www.pvchall.eu\/sv\/\"},{\"@type\":\"ListItem\",\"position\":2,\"name\":\"Sk\u00e4rmtak\"}]},{\"@type\":\"WebSite\",\"@id\":\"https:\/\/www.pvchall.eu\/#website\",\"url\":\"https:\/\/www.pvchall.eu\/\",\"name\":\"PVC Hallid | PVC hallide hinnad | PVC hallide m\u00fc\u00fck\",\"description\":\"PVC Hallid otse tootjalt | PVC hallide hinnad | PVC hallide m\u00fc\u00fck\",\"potentialAction\":[{\"@type\":\"SearchAction\",\"target\":{\"@type\":\"EntryPoint\",\"urlTemplate\":\"https:\/\/www.pvchall.eu\/?s={search_term_string}\"},\"query-input\":{\"@type\":\"PropertyValueSpecification\",\"valueRequired\":true,\"valueName\":\"search_term_string\"}}],\"inLanguage\":\"sv-SE\"}]}<\/script>\n<!-- \/ Yoast SEO plugin. -->","yoast_head_json":{"title":"Sk\u00e4rmtak | PVC Hallid | PVC hallide hinnad | PVC hallide m\u00fc\u00fck","description":"PVC hallide m\u00fc\u00fck ja PVC hallide hinnad - meie lehelt saad k\u00f5ik vajaliku t\u00e4pselt teada. Vaata edasi siit","robots":{"index":"index","follow":"follow","max-snippet":"max-snippet:-1","max-image-preview":"max-image-preview:large","max-video-preview":"max-video-preview:-1"},"canonical":"https:\/\/www.pvchall.eu\/sv\/skarmtak\/","og_locale":"sv_SE","og_type":"article","og_title":"Sk\u00e4rmtak | PVC Hallid | PVC hallide hinnad | PVC hallide m\u00fc\u00fck","og_description":"PVC hallide m\u00fc\u00fck ja PVC hallide hinnad - meie lehelt saad k\u00f5ik vajaliku t\u00e4pselt teada. Vaata edasi siit","og_url":"https:\/\/www.pvchall.eu\/sv\/skarmtak\/","og_site_name":"PVC Hallid | PVC hallide hinnad | PVC hallide m\u00fc\u00fck","article_modified_time":"2018-04-20T09:52:51+00:00","twitter_card":"summary_large_image","twitter_misc":{"Ber\u00e4knad l\u00e4stid":"1 minut"},"schema":{"@context":"https:\/\/schema.org","@graph":[{"@type":"WebPage","@id":"https:\/\/www.pvchall.eu\/sv\/skarmtak\/","url":"https:\/\/www.pvchall.eu\/sv\/skarmtak\/","name":"Sk\u00e4rmtak | PVC Hallid | PVC hallide hinnad | PVC hallide m\u00fc\u00fck","isPartOf":{"@id":"https:\/\/www.pvchall.eu\/#website"},"datePublished":"2017-08-11T07:30:58+00:00","dateModified":"2018-04-20T09:52:51+00:00","description":"PVC hallide m\u00fc\u00fck ja PVC hallide hinnad - meie lehelt saad k\u00f5ik vajaliku t\u00e4pselt teada. Vaata edasi siit","breadcrumb":{"@id":"https:\/\/www.pvchall.eu\/sv\/skarmtak\/#breadcrumb"},"inLanguage":"sv-SE","potentialAction":[{"@type":"ReadAction","target":["https:\/\/www.pvchall.eu\/sv\/skarmtak\/"]}]},{"@type":"BreadcrumbList","@id":"https:\/\/www.pvchall.eu\/sv\/skarmtak\/#breadcrumb","itemListElement":[{"@type":"ListItem","position":1,"name":"Home","item":"https:\/\/www.pvchall.eu\/sv\/"},{"@type":"ListItem","position":2,"name":"Sk\u00e4rmtak"}]},{"@type":"WebSite","@id":"https:\/\/www.pvchall.eu\/#website","url":"https:\/\/www.pvchall.eu\/","name":"PVC Hallid | PVC hallide hinnad | PVC hallide m\u00fc\u00fck","description":"PVC Hallid otse tootjalt | PVC hallide hinnad | PVC hallide m\u00fc\u00fck","potentialAction":[{"@type":"SearchAction","target":{"@type":"EntryPoint","urlTemplate":"https:\/\/www.pvchall.eu\/?s={search_term_string}"},"query-input":{"@type":"PropertyValueSpecification","valueRequired":true,"valueName":"search_term_string"}}],"inLanguage":"sv-SE"}]}},"_links":{"self":[{"href":"https:\/\/www.pvchall.eu\/sv\/wp-json\/wp\/v2\/pages\/627","targetHints":{"allow":["GET"]}}],"collection":[{"href":"https:\/\/www.pvchall.eu\/sv\/wp-json\/wp\/v2\/pages"}],"about":[{"href":"https:\/\/www.pvchall.eu\/sv\/wp-json\/wp\/v2\/types\/page"}],"author":[{"embeddable":true,"href":"https:\/\/www.pvchall.eu\/sv\/wp-json\/wp\/v2\/users\/1"}],"replies":[{"embeddable":true,"href":"https:\/\/www.pvchall.eu\/sv\/wp-json\/wp\/v2\/comments?post=627"}],"version-history":[{"count":3,"href":"https:\/\/www.pvchall.eu\/sv\/wp-json\/wp\/v2\/pages\/627\/revisions"}],"predecessor-version":[{"id":1207,"href":"https:\/\/www.pvchall.eu\/sv\/wp-json\/wp\/v2\/pages\/627\/revisions\/1207"}],"wp:attachment":[{"href":"https:\/\/www.pvchall.eu\/sv\/wp-json\/wp\/v2\/media?parent=627"}],"curies":[{"name":"wp","href":"https:\/\/api.w.org\/{rel}","templated":true}]}}